{"id":2028,"date":"2025-10-29T14:53:38","date_gmt":"2025-10-29T13:53:38","guid":{"rendered":"https:\/\/olliesport.click.si\/trgovina\/uncategorized\/sidas-nogavice-ski-mer-jr-ro-or-27-30\/"},"modified":"2026-04-16T20:58:38","modified_gmt":"2026-04-16T18:58:38","slug":"sidas-nogavice-ski-mer-jr-ro-or","status":"publish","type":"product","link":"https:\/\/olliesport.com\/en\/trgovina\/smucanje\/dodatki-za-smucanje\/smucarske-nogavice\/sidas-nogavice-ski-mer-jr-ro-or\/","title":{"rendered":"sidas nogavice SKI MER JR Ro\/Or"},"content":{"rendered":"<p data-start=\"0\" data-end=\"368\"><strong data-start=\"0\" data-end=\"50\">Anatomske smu\u010darske nogavice Ski Merino Junior<\/strong> so posebej zasnovane za udobje malih smu\u010darskih prvakov. <strong data-start=\"108\" data-end=\"147\">Blazinice na goleni, peti in prstih<\/strong> \u0161\u010ditijo te ob\u010dutljive dele stopala. <strong data-start=\"184\" data-end=\"200\">Merino volna<\/strong> zagotavlja toploto in u\u010dinkovito odvajanje vlage, kar omogo\u010da <strong data-start=\"263\" data-end=\"292\">optimalno zra\u010dnost stopal<\/strong> skozi ves dan \u2013 tudi za mlade smu\u010darje, ki so posebej ob\u010dutljivi na mraz.<\/p>\n<p data-start=\"370\" data-end=\"627\">Nogavice <strong data-start=\"379\" data-end=\"400\">Ski Merino Junior<\/strong> so izdelane iz <strong data-start=\"416\" data-end=\"464\">organske merino volne in recikliranih vlaken<\/strong>, zato so prijazne do okolja in do otro\u0161kih stopal. Imajo <strong data-start=\"522\" data-end=\"561\">zmerno napetost in srednjo debelino<\/strong>, kar omogo\u010da popolno prileganje stopalom in smu\u010darskim \u010devljem.<\/p>\n<p data-start=\"629\" data-end=\"871\"><strong data-start=\"629\" data-end=\"654\">In &amp; Out konstrukcija<\/strong> prepre\u010duje preseke niti in ve\u010dplastno nalaganje materiala v notranjosti nogavice, kar pove\u010duje udobje in izbolj\u0161uje ob\u010dutek v \u010devlju. Merino volna dodatno poskrbi za <strong data-start=\"821\" data-end=\"861\">toploto, odvajanje vlage in zra\u010dnost<\/strong> stopal.<\/p>\n<p data-start=\"873\" data-end=\"924\">Model je <strong data-start=\"882\" data-end=\"892\">unisex<\/strong> in na voljo v ve\u010d velikostih.<\/p>\n<hr data-start=\"926\" data-end=\"929\" \/>\n<h3 data-start=\"931\" data-end=\"953\">TEHNI\u010cNE LASTNOSTI<\/h3>\n<ul data-start=\"954\" data-end=\"1133\" data-is-last-node=\"\" data-is-only-node=\"\">\n<li data-start=\"954\" data-end=\"983\">\n<p data-start=\"956\" data-end=\"983\"><strong data-start=\"956\" data-end=\"981\">In &amp; Out konstrukcija<\/strong><\/p>\n<\/li>\n<li data-start=\"984\" data-end=\"1027\">\n<p data-start=\"986\" data-end=\"1027\"><strong data-start=\"986\" data-end=\"1025\">Konstrukcija iz recikliranih vlaken<\/strong><\/p>\n<\/li>\n<li data-start=\"1028\" data-end=\"1063\">\n<p data-start=\"1030\" data-end=\"1063\"><strong data-start=\"1030\" data-end=\"1042\">156 igel<\/strong> za natan\u010dno tkanje<\/p>\n<\/li>\n<li data-start=\"1064\" data-end=\"1105\">\n<p data-start=\"1066\" data-end=\"1105\"><strong data-start=\"1066\" data-end=\"1103\">Za\u0161\u010dita ob\u010dutljivih delov stopala<\/strong><\/p>\n<\/li>\n<li data-start=\"1106\" data-end=\"1133\" data-is-last-node=\"\">\n<p data-start=\"1108\" data-end=\"1133\" data-is-last-node=\"\"><strong data-start=\"1108\" data-end=\"1133\" data-is-last-node=\"\">Zra\u010dnost pod stopalom<\/strong><\/p>\n<\/li>\n<\/ul>","protected":false},"excerpt":{"rendered":"<h3 data-start=\"931\" data-end=\"953\">TEHNI\u010cNE LASTNOSTI<\/h3>\n<ul data-start=\"954\" data-end=\"1133\" data-is-last-node=\"\" data-is-only-node=\"\">\n<li data-start=\"954\" data-end=\"983\">\n<p data-start=\"956\" data-end=\"983\"><strong data-start=\"956\" data-end=\"981\">In &amp; Out konstrukcija<\/strong><\/p>\n<\/li>\n<li data-start=\"984\" data-end=\"1027\">\n<p data-start=\"986\" data-end=\"1027\"><strong data-start=\"986\" data-end=\"1025\">Konstrukcija iz recikliranih vlaken<\/strong><\/p>\n<\/li>\n<li data-start=\"1028\" data-end=\"1063\">\n<p data-start=\"1030\" data-end=\"1063\"><strong data-start=\"1030\" data-end=\"1042\">156 igel<\/strong> za natan\u010dno tkanje<\/p>\n<\/li>\n<li data-start=\"1064\" data-end=\"1105\">\n<p data-start=\"1066\" data-end=\"1105\"><strong data-start=\"1066\" data-end=\"1103\">Za\u0161\u010dita ob\u010dutljivih delov stopala<\/strong><\/p>\n<\/li>\n<li data-start=\"1106\" data-end=\"1133\" data-is-last-node=\"\">\n<p data-start=\"1108\" data-end=\"1133\" data-is-last-node=\"\"><strong data-start=\"1108\" data-end=\"1133\" data-is-last-node=\"\">Zra\u010dnost pod stopalom<\/strong><\/p>\n<\/li>\n<\/ul>","protected":false},"featured_media":3165,"comment_status":"open","ping_status":"closed","template":"","meta":{"_acf_changed":false,"inline_featured_image":false,"_monsterinsights_skip_tracking":false,"_monsterinsights_sitenote_active":false,"_monsterinsights_sitenote_note":"","_monsterinsights_sitenote_category":0},"product_brand":[36],"product_cat":[124,21,91],"product_tag":[],"class_list":{"0":"post-2028","1":"product","2":"type-product","3":"status-publish","4":"has-post-thumbnail","6":"product_brand-sidas","7":"product_cat-dodatki-za-smucanje","8":"product_cat-smucanje","9":"product_cat-smucarske-nogavice","11":"first","12":"instock","13":"taxable","14":"shipping-taxable","15":"purchasable","16":"product-type-variable"},"acf":[],"aioseo_notices":[],"_links":{"self":[{"href":"https:\/\/olliesport.com\/en\/wp-json\/wp\/v2\/product\/2028","targetHints":{"allow":["GET"]}}],"collection":[{"href":"https:\/\/olliesport.com\/en\/wp-json\/wp\/v2\/product"}],"about":[{"href":"https:\/\/olliesport.com\/en\/wp-json\/wp\/v2\/types\/product"}],"replies":[{"embeddable":true,"href":"https:\/\/olliesport.com\/en\/wp-json\/wp\/v2\/comments?post=2028"}],"wp:featuredmedia":[{"embeddable":true,"href":"https:\/\/olliesport.com\/en\/wp-json\/wp\/v2\/media\/3165"}],"wp:attachment":[{"href":"https:\/\/olliesport.com\/en\/wp-json\/wp\/v2\/media?parent=2028"}],"wp:term":[{"taxonomy":"product_brand","embeddable":true,"href":"https:\/\/olliesport.com\/en\/wp-json\/wp\/v2\/product_brand?post=2028"},{"taxonomy":"product_cat","embeddable":true,"href":"https:\/\/olliesport.com\/en\/wp-json\/wp\/v2\/product_cat?post=2028"},{"taxonomy":"product_tag","embeddable":true,"href":"https:\/\/olliesport.com\/en\/wp-json\/wp\/v2\/product_tag?post=2028"}],"curies":[{"name":"wp","href":"https:\/\/api.w.org\/{rel}","templated":true}]}}