{"id":2023,"date":"2025-10-29T14:53:37","date_gmt":"2025-10-29T13:53:37","guid":{"rendered":"https:\/\/olliesport.click.si\/trgovina\/uncategorized\/sidas-nogavice-ski-meperf-bl-ble-l\/"},"modified":"2026-04-16T20:58:38","modified_gmt":"2026-04-16T18:58:38","slug":"sidas-nogavice-ski-merino-performance-bl-ble","status":"publish","type":"product","link":"https:\/\/olliesport.com\/en\/trgovina\/smucanje\/dodatki-za-smucanje\/smucarske-nogavice\/sidas-nogavice-ski-merino-performance-bl-ble\/","title":{"rendered":"SIDAS SKI SOCKS MERINO PERFORMANCE Bl\/Ble"},"content":{"rendered":"<p><strong>Ski Merino Performance \u2013 visokozmogljive smu\u010darske nogavice za natan\u010dnost in udobje<\/strong><\/p>\n<p>Nogavice <strong>Ski Merino Performance<\/strong> so pletene z <strong>200 iglami<\/strong> za izjemno natan\u010dnost pri alpskem smu\u010danju. Izdelane so brez notranjih rezov niti (In &amp; Out konstrukcija), kar zagotavlja udobje in odli\u010den ob\u010dutek med smu\u010danjem. Za \u0161e bolj\u0161i stik s smu\u010darskimi vlo\u017eki imajo nogavice pod podplatom dodan <strong>silikonski oprijemalni trak<\/strong>, ki pove\u010duje stabilnost in natan\u010dnost.<\/p>\n<p>Sestava iz <strong>organske merino volne<\/strong> and <strong>recikliranega poliamida<\/strong> je del trajnostnega koncepta EcoTech, ki nadome\u0161\u010da nove materiale z recikliranimi vlakni. Tanka struktura in \u010dvrsta napetost nogavic omogo\u010data popolno prileganje stopalu za optimalne ob\u010dutke znotraj smu\u010darskega \u010devlja.<\/p>\n<p>Nogavice se pona\u0161ajo z izjemno natan\u010dnostjo, ki temelji na vrhunski tehniki pletenja, primerni debelini in uravnote\u017eeni napetosti. Minimalna debelina omogo\u010da bolj\u0161i stik s smu\u010darskim \u010devljem, hkrati pa nogavice ostajajo udobne.<\/p>\n<p>Merino volna zagotavlja toploto in u\u010dinkovito odvajanje vlage, kar nudi optimalno zra\u010dnost in suhost va\u0161ih stopal.<\/p>\n<p><strong>Uniseks model, na voljo v ve\u010d velikostih.<\/strong><\/p>\n<p><strong>TEHNI\u010cNE LASTNOSTI<\/strong><\/p>\n<ul>\n<li>In &amp; Out konstrukcija (brez notranjih rezov niti)<\/li>\n<li>Izdelava iz recikliranih vlaken (EcoTech)<\/li>\n<li>Pletene z 200 iglami \u2013 visoka definicija pletenja<\/li>\n<li>Specifi\u010dna za\u0161\u010dita ob\u010dutljivih delov stopala<\/li>\n<li>Zra\u010dnost pod podplatom<\/li>\n<li>Toplota \u2022 Natan\u010dnost \u2022 Prenos mo\u010di \u2022 Merino volna<\/li>\n<\/ul>","protected":false},"excerpt":{"rendered":"<ul>\n<li>In &amp; Out konstrukcija (brez notranjih rezov niti)<\/li>\n<li>Izdelava iz recikliranih vlaken (EcoTech)<\/li>\n<li>Pletene z 200 iglami \u2013 visoka definicija pletenja<\/li>\n<li>Specifi\u010dna za\u0161\u010dita ob\u010dutljivih delov stopala<\/li>\n<li>Zra\u010dnost pod podplatom<\/li>\n<li>Toplota \u2022 Natan\u010dnost \u2022 Prenos mo\u010di \u2022 Merino volna<\/li>\n<\/ul>","protected":false},"featured_media":3115,"comment_status":"open","ping_status":"closed","template":"","meta":{"_acf_changed":false,"inline_featured_image":false,"_monsterinsights_skip_tracking":false,"_monsterinsights_sitenote_active":false,"_monsterinsights_sitenote_note":"","_monsterinsights_sitenote_category":0},"product_brand":[36],"product_cat":[124,21,91],"product_tag":[],"class_list":{"0":"post-2023","1":"product","2":"type-product","3":"status-publish","4":"has-post-thumbnail","6":"product_brand-sidas","7":"product_cat-dodatki-za-smucanje","8":"product_cat-smucanje","9":"product_cat-smucarske-nogavice","11":"first","12":"instock","13":"taxable","14":"shipping-taxable","15":"purchasable","16":"product-type-variable"},"acf":[],"aioseo_notices":[],"_links":{"self":[{"href":"https:\/\/olliesport.com\/en\/wp-json\/wp\/v2\/product\/2023","targetHints":{"allow":["GET"]}}],"collection":[{"href":"https:\/\/olliesport.com\/en\/wp-json\/wp\/v2\/product"}],"about":[{"href":"https:\/\/olliesport.com\/en\/wp-json\/wp\/v2\/types\/product"}],"replies":[{"embeddable":true,"href":"https:\/\/olliesport.com\/en\/wp-json\/wp\/v2\/comments?post=2023"}],"wp:featuredmedia":[{"embeddable":true,"href":"https:\/\/olliesport.com\/en\/wp-json\/wp\/v2\/media\/3115"}],"wp:attachment":[{"href":"https:\/\/olliesport.com\/en\/wp-json\/wp\/v2\/media?parent=2023"}],"wp:term":[{"taxonomy":"product_brand","embeddable":true,"href":"https:\/\/olliesport.com\/en\/wp-json\/wp\/v2\/product_brand?post=2023"},{"taxonomy":"product_cat","embeddable":true,"href":"https:\/\/olliesport.com\/en\/wp-json\/wp\/v2\/product_cat?post=2023"},{"taxonomy":"product_tag","embeddable":true,"href":"https:\/\/olliesport.com\/en\/wp-json\/wp\/v2\/product_tag?post=2023"}],"curies":[{"name":"wp","href":"https:\/\/api.w.org\/{rel}","templated":true}]}}