{"id":2017,"date":"2025-10-29T14:53:36","date_gmt":"2025-10-29T13:53:36","guid":{"rendered":"https:\/\/olliesport.click.si\/trgovina\/uncategorized\/sidas-nogavice-ski-heat-s-e-t-bk-ybi-l\/"},"modified":"2026-04-16T20:58:38","modified_gmt":"2026-04-16T18:58:38","slug":"sidas-nogavice-haet-s-e-t-bk-ybi","status":"publish","type":"product","link":"https:\/\/olliesport.com\/en\/trgovina\/smucanje\/dodatki-za-smucanje\/smucarske-nogavice\/sidas-nogavice-haet-s-e-t-bk-ybi\/","title":{"rendered":"SIDAS NOGAVICE HAET S.E.T. Bk\/YBI"},"content":{"rendered":"<article class=\"text-token-text-primary w-full focus:outline-none [--shadow-height:45px] has-data-writing-block:pointer-events-none has-data-writing-block:-mt-(--shadow-height) has-data-writing-block:pt-(--shadow-height) [&amp;:has([data-writing-block])&gt;*]:pointer-events-auto [content-visibility:auto] supports-[content-visibility:auto]:[contain-intrinsic-size:auto_100lvh] scroll-mt-[calc(var(--header-height)+min(200px,max(70px,20svh)))]\" dir=\"auto\" tabindex=\"-1\" data-turn-id=\"request-WEB:869975f1-b60e-40c8-9ded-4f9355cb0557-9\" data-testid=\"conversation-turn-20\" data-scroll-anchor=\"true\" data-turn=\"assistant\">\n<div class=\"text-base my-auto mx-auto pb-10 [--thread-content-margin:--spacing(4)] thread-sm:[--thread-content-margin:--spacing(6)] thread-lg:[--thread-content-margin:--spacing(16)] px-(--thread-content-margin)\">\n<div class=\"[--thread-content-max-width:40rem] thread-lg:[--thread-content-max-width:48rem] mx-auto max-w-(--thread-content-max-width) flex-1 group\/turn-messages focus-visible:outline-hidden relative flex w-full min-w-0 flex-col agent-turn\" tabindex=\"-1\">\n<div class=\"flex max-w-full flex-col grow\">\n<div class=\"min-h-8 text-message relative flex w-full flex-col items-end gap-2 text-start break-words whitespace-normal [.text-message+&amp;]:mt-1\" dir=\"auto\" data-message-author-role=\"assistant\" data-message-id=\"c58bdaa1-6abb-40a8-804a-0653d7ef786a\" data-message-model-slug=\"gpt-5\">\n<div class=\"flex w-full flex-col gap-1 empty:hidden first:pt-[1px]\">\n<div class=\"markdown prose dark:prose-invert w-full break-words light markdown-new-styling\">\n<p data-start=\"0\" data-end=\"586\"><strong data-start=\"0\" data-end=\"41\">Tanke grelne nogavice Ski Race S.E.T\u00ae<\/strong> so posebej zasnovane za <strong data-start=\"66\" data-end=\"90\">smu\u010darske tekmovalce<\/strong>, ki se soo\u010dajo z <strong data-start=\"108\" data-end=\"135\">najzahtevnej\u0161imi pogoji<\/strong>. Zahvaljujo\u010d tehnologiji <strong data-start=\"161\" data-end=\"180\">Smart.Elastic.\u00ae<\/strong> njihova tanka zasnova zagotavlja <strong data-start=\"214\" data-end=\"256\">popolno prileganje v smu\u010darskem \u010devlju<\/strong>, kar omogo\u010da <strong data-start=\"270\" data-end=\"317\">izjemno udobje in natan\u010den ob\u010dutek na snegu<\/strong>.<br data-start=\"318\" data-end=\"321\" \/>Tanka, le <strong data-start=\"331\" data-end=\"367\">2 mm debela grelna linija S.E.T\u00ae<\/strong> je diskretno vtkana v nogavico in <strong data-start=\"402\" data-end=\"444\">enakomerno oddaja toploto okoli prstov<\/strong>, ne da bi pri tem vplivala na oprijem ali udobje. <strong data-start=\"495\" data-end=\"516\">Poliamidna vlakna<\/strong> poskrbijo za odli\u010dno prileganje in podporo stopalu med aktivnostjo.<\/p>\n<p data-start=\"588\" data-end=\"732\">Nogavice zagotavljajo <strong data-start=\"610\" data-end=\"640\">izjemno toplotno izolacijo<\/strong> in <strong data-start=\"644\" data-end=\"674\">u\u010dinkovito odvajanje vlage<\/strong>. Tri klju\u010dne lastnosti poskrbijo za njihovo natan\u010dnost:<\/p>\n<ul data-start=\"733\" data-end=\"957\">\n<li data-start=\"733\" data-end=\"815\">\n<p data-start=\"735\" data-end=\"815\"><strong data-start=\"735\" data-end=\"767\">200-igelni pletilni postopek<\/strong> omogo\u010da visoko kakovost brez presekanih niti,<\/p>\n<\/li>\n<li data-start=\"816\" data-end=\"897\">\n<p data-start=\"818\" data-end=\"897\"><strong data-start=\"818\" data-end=\"847\">\u010dvrsta, a pro\u017ena napetost<\/strong> zagotavlja popolno prileganje stopalu in me\u010dam,<\/p>\n<\/li>\n<li data-start=\"898\" data-end=\"957\">\n<p data-start=\"900\" data-end=\"957\"><strong data-start=\"900\" data-end=\"919\">izjemna tankost<\/strong> izbolj\u0161a stik s smu\u010darskim \u010devljem.<\/p>\n<\/li>\n<\/ul>\n<p data-start=\"959\" data-end=\"1051\">Poleg prijetne toplote te nogavice ponujajo <strong data-start=\"1003\" data-end=\"1048\">vrhunsko zmogljivost za zahtevne smu\u010darje<\/strong>.<\/p>\n<p data-start=\"1053\" data-end=\"1196\">Nogavice se <strong data-start=\"1065\" data-end=\"1091\">prodajajo brez baterij<\/strong>.<br data-start=\"1092\" data-end=\"1095\" \/>Z baterijami <strong data-start=\"1108\" data-end=\"1136\">S-Pack 1400B (Bluetooth)<\/strong> omogo\u010dajo do <strong data-start=\"1150\" data-end=\"1165\">9 ur gretja<\/strong>, odvisno od izbrane stopnje:<\/p>\n<ul data-start=\"1197\" data-end=\"1306\">\n<li data-start=\"1197\" data-end=\"1224\">\n<p data-start=\"1199\" data-end=\"1224\"><strong data-start=\"1199\" data-end=\"1214\">1. stopnja:<\/strong> do 9 ur<\/p>\n<\/li>\n<li data-start=\"1225\" data-end=\"1265\">\n<p data-start=\"1227\" data-end=\"1265\"><strong data-start=\"1227\" data-end=\"1242\">2. stopnja:<\/strong> do 4 ure in 30 minut<\/p>\n<\/li>\n<li data-start=\"1266\" data-end=\"1306\">\n<p data-start=\"1268\" data-end=\"1306\"><strong data-start=\"1268\" data-end=\"1283\">3. stopnja:<\/strong> do 3 ure in 30 minut<\/p>\n<\/li>\n<\/ul>\n<hr data-start=\"1308\" data-end=\"1311\" \/>\n<h3 data-start=\"1313\" data-end=\"1334\">Klju\u010dne prednosti<\/h3>\n<ul data-start=\"1336\" data-end=\"1716\" data-is-last-node=\"\" data-is-only-node=\"\">\n<li data-start=\"1336\" data-end=\"1400\">\n<p data-start=\"1338\" data-end=\"1400\"><strong data-start=\"1338\" data-end=\"1363\">Tanke grelne nogavice<\/strong> za \u0161portnike v ekstremnih razmerah<\/p>\n<\/li>\n<li data-start=\"1401\" data-end=\"1484\">\n<p data-start=\"1403\" data-end=\"1484\"><strong data-start=\"1403\" data-end=\"1434\">Smart.Elastic.\u00ae tehnologija<\/strong> za u\u010dinkovito gretje brez kompromisa pri udobju<\/p>\n<\/li>\n<li data-start=\"1485\" data-end=\"1556\">\n<p data-start=\"1487\" data-end=\"1556\"><strong data-start=\"1487\" data-end=\"1508\">Poliamidna vlakna<\/strong> za odli\u010dno prileganje in podporo med gibanjem<\/p>\n<\/li>\n<li data-start=\"1557\" data-end=\"1619\">\n<p data-start=\"1559\" data-end=\"1619\"><strong data-start=\"1559\" data-end=\"1592\">Izjemna izolacija in zra\u010dnost<\/strong> za suha in topla stopala<\/p>\n<\/li>\n<li data-start=\"1620\" data-end=\"1716\" data-is-last-node=\"\">\n<p data-start=\"1622\" data-end=\"1716\" data-is-last-node=\"\"><strong data-start=\"1622\" data-end=\"1654\">200-igelni pletilni postopek<\/strong> za visoko natan\u010dnost in optimalen ob\u010dutek v smu\u010darskem \u010devlju<\/p>\n<\/li>\n<\/ul>\n<\/div>\n<\/div>\n<\/div>\n<\/div>\n<div class=\"z-0 flex min-h-[46px] justify-start\"><\/div>\n<\/div>\n<\/div>\n<\/article>\n<div class=\"pointer-events-none h-px w-px\" aria-hidden=\"true\" data-edge=\"true\"><\/div>\n","protected":false},"excerpt":{"rendered":"<h3 data-start=\"1313\" data-end=\"1334\">Key benefits<\/h3>\n<ul data-start=\"1336\" data-end=\"1716\" data-is-last-node=\"\" data-is-only-node=\"\">\n<li data-start=\"1336\" data-end=\"1400\">\n<p data-start=\"1338\" data-end=\"1400\"><strong data-start=\"1338\" data-end=\"1363\">Tanke grelne nogavice<\/strong> za \u0161portnike v ekstremnih razmerah<\/p>\n<\/li>\n<li data-start=\"1401\" data-end=\"1484\">\n<p data-start=\"1403\" data-end=\"1484\"><strong data-start=\"1403\" data-end=\"1434\">Smart.Elastic.\u00ae tehnologija<\/strong> za u\u010dinkovito gretje brez kompromisa pri udobju<\/p>\n<\/li>\n<li data-start=\"1485\" data-end=\"1556\">\n<p data-start=\"1487\" data-end=\"1556\"><strong data-start=\"1487\" data-end=\"1508\">Poliamidna vlakna<\/strong> za odli\u010dno prileganje in podporo med gibanjem<\/p>\n<\/li>\n<li data-start=\"1557\" data-end=\"1619\">\n<p data-start=\"1559\" data-end=\"1619\"><strong data-start=\"1559\" data-end=\"1592\">Izjemna izolacija in zra\u010dnost<\/strong> za suha in topla stopala<\/p>\n<\/li>\n<li data-start=\"1620\" data-end=\"1716\" data-is-last-node=\"\">\n<p data-start=\"1622\" data-end=\"1716\" data-is-last-node=\"\"><strong data-start=\"1622\" data-end=\"1654\">200-igelni pletilni postopek<\/strong> za visoko natan\u010dnost in optimalen ob\u010dutek v smu\u010darskem \u010devlju<\/p>\n<\/li>\n<\/ul>","protected":false},"featured_media":3218,"comment_status":"open","ping_status":"closed","template":"","meta":{"_acf_changed":false,"inline_featured_image":false,"_monsterinsights_skip_tracking":false,"_monsterinsights_sitenote_active":false,"_monsterinsights_sitenote_note":"","_monsterinsights_sitenote_category":0},"product_brand":[36],"product_cat":[124,21,91],"product_tag":[],"class_list":{"0":"post-2017","1":"product","2":"type-product","3":"status-publish","4":"has-post-thumbnail","6":"product_brand-sidas","7":"product_cat-dodatki-za-smucanje","8":"product_cat-smucanje","9":"product_cat-smucarske-nogavice","11":"first","12":"instock","13":"taxable","14":"shipping-taxable","15":"purchasable","16":"product-type-variable"},"acf":[],"aioseo_notices":[],"_links":{"self":[{"href":"https:\/\/olliesport.com\/en\/wp-json\/wp\/v2\/product\/2017","targetHints":{"allow":["GET"]}}],"collection":[{"href":"https:\/\/olliesport.com\/en\/wp-json\/wp\/v2\/product"}],"about":[{"href":"https:\/\/olliesport.com\/en\/wp-json\/wp\/v2\/types\/product"}],"replies":[{"embeddable":true,"href":"https:\/\/olliesport.com\/en\/wp-json\/wp\/v2\/comments?post=2017"}],"wp:featuredmedia":[{"embeddable":true,"href":"https:\/\/olliesport.com\/en\/wp-json\/wp\/v2\/media\/3218"}],"wp:attachment":[{"href":"https:\/\/olliesport.com\/en\/wp-json\/wp\/v2\/media?parent=2017"}],"wp:term":[{"taxonomy":"product_brand","embeddable":true,"href":"https:\/\/olliesport.com\/en\/wp-json\/wp\/v2\/product_brand?post=2017"},{"taxonomy":"product_cat","embeddable":true,"href":"https:\/\/olliesport.com\/en\/wp-json\/wp\/v2\/product_cat?post=2017"},{"taxonomy":"product_tag","embeddable":true,"href":"https:\/\/olliesport.com\/en\/wp-json\/wp\/v2\/product_tag?post=2017"}],"curies":[{"name":"wp","href":"https:\/\/api.w.org\/{rel}","templated":true}]}}