{"id":2016,"date":"2025-10-29T14:53:36","date_gmt":"2025-10-29T13:53:36","guid":{"rendered":"https:\/\/olliesport.click.si\/trgovina\/uncategorized\/sidas-nogavice-ski-expert-uni-bleu-45-47\/"},"modified":"2026-04-16T22:58:45","modified_gmt":"2026-04-16T20:58:45","slug":"sidas-nogavice-ski-expert-blue","status":"publish","type":"product","link":"https:\/\/olliesport.com\/en\/trgovina\/smucanje\/dodatki-za-smucanje\/smucarske-nogavice\/sidas-nogavice-ski-expert-blue\/","title":{"rendered":"SIDAS SOCKS SKI EXPERT Blue"},"content":{"rendered":"<article class=\"text-token-text-primary w-full focus:outline-none [--shadow-height:45px] has-data-writing-block:pointer-events-none has-data-writing-block:-mt-(--shadow-height) has-data-writing-block:pt-(--shadow-height) [&amp;:has([data-writing-block])&gt;*]:pointer-events-auto [content-visibility:auto] supports-[content-visibility:auto]:[contain-intrinsic-size:auto_100lvh] scroll-mt-[calc(var(--header-height)+min(200px,max(70px,20svh)))]\" dir=\"auto\" tabindex=\"-1\" data-turn-id=\"request-WEB:869975f1-b60e-40c8-9ded-4f9355cb0557-1\" data-testid=\"conversation-turn-4\" data-scroll-anchor=\"true\" data-turn=\"assistant\">\n<div class=\"text-base my-auto mx-auto pb-10 [--thread-content-margin:--spacing(4)] thread-sm:[--thread-content-margin:--spacing(6)] thread-lg:[--thread-content-margin:--spacing(16)] px-(--thread-content-margin)\">\n<div class=\"[--thread-content-max-width:40rem] thread-lg:[--thread-content-max-width:48rem] mx-auto max-w-(--thread-content-max-width) flex-1 group\/turn-messages focus-visible:outline-hidden relative flex w-full min-w-0 flex-col agent-turn\" tabindex=\"-1\">\n<div class=\"flex max-w-full flex-col grow\">\n<div class=\"min-h-8 text-message relative flex w-full flex-col items-end gap-2 text-start break-words whitespace-normal [.text-message+&amp;]:mt-1\" dir=\"auto\" data-message-author-role=\"assistant\" data-message-id=\"e4a5ff35-bcdb-47a6-ae9f-5037e12bd551\" data-message-model-slug=\"gpt-5\">\n<div class=\"flex w-full flex-col gap-1 empty:hidden first:pt-[1px]\">\n<div class=\"markdown prose dark:prose-invert w-full break-words light markdown-new-styling\">\n<p data-start=\"0\" data-end=\"398\">Nogavice <strong data-start=\"9\" data-end=\"23\">Ski Expert<\/strong> zdru\u017eujejo tehni\u010dno inovativnost z odgovornim odnosom do okolja. Izdelane so iz <strong data-start=\"104\" data-end=\"132\">98 % recikliranih vlaken<\/strong>, zato smu\u010darjem ponujajo izjemno za\u0161\u010dito in udobje, hkrati pa zmanj\u0161ujejo njihov ekolo\u0161ki odtis. Zaradi <strong data-start=\"237\" data-end=\"260\">premi\u0161ljene zasnove<\/strong> nudijo odli\u010dno oporo, okrepljeno za\u0161\u010dito na ob\u010dutljivih predelih ter <strong data-start=\"330\" data-end=\"350\">anatomsko obliko<\/strong>, ki se popolnoma prilagaja gibom na smu\u010di\u0161\u010du.<\/p>\n<hr data-start=\"400\" data-end=\"403\" \/>\n<h3 data-start=\"405\" data-end=\"426\">Klju\u010dne prednosti<\/h3>\n<ul data-start=\"428\" data-end=\"799\">\n<li data-start=\"428\" data-end=\"541\">\n<p data-start=\"430\" data-end=\"541\"><strong data-start=\"430\" data-end=\"453\">Reciklirana vlakna:<\/strong> 98 % recikliranih vlaken za manj\u0161i vpliv na okolje brez kompromisov pri zmogljivosti.<\/p>\n<\/li>\n<li data-start=\"542\" data-end=\"687\">\n<p data-start=\"544\" data-end=\"687\"><strong data-start=\"544\" data-end=\"575\">Udobje in bla\u017eenje udarcev:<\/strong> Posebne oja\u010ditve na peti, prstih in goleni za absorpcijo udarcev ter za\u0161\u010dito ob\u010dutljivih delov med smu\u010danjem.<\/p>\n<\/li>\n<li data-start=\"688\" data-end=\"799\">\n<p data-start=\"690\" data-end=\"799\"><strong data-start=\"690\" data-end=\"710\">Optimalna opora:<\/strong> Zmerna napetost okoli stopala zagotavlja izjemno stabilnost in podporo za varno smuko.<\/p>\n<\/li>\n<\/ul>\n<hr data-start=\"801\" data-end=\"804\" \/>\n<h3 data-start=\"806\" data-end=\"817\">Zasnova<\/h3>\n<ul data-start=\"819\" data-end=\"1161\" data-is-last-node=\"\" data-is-only-node=\"\">\n<li data-start=\"819\" data-end=\"886\">\n<p data-start=\"821\" data-end=\"886\"><strong data-start=\"821\" data-end=\"834\">In &amp; Out:<\/strong> Oblikovano za uravnote\u017eeno udobje in zmogljivost.<\/p>\n<\/li>\n<li data-start=\"887\" data-end=\"948\">\n<p data-start=\"889\" data-end=\"948\"><strong data-start=\"889\" data-end=\"910\">Anatomska oblika:<\/strong> Prilagojena naravnim gibom stopala.<\/p>\n<\/li>\n<li data-start=\"949\" data-end=\"1006\">\n<p data-start=\"951\" data-end=\"1006\"><strong data-start=\"951\" data-end=\"972\">Ciljane oja\u010ditve:<\/strong> Za\u0161\u010dita goleni, pete in prstov.<\/p>\n<\/li>\n<li data-start=\"1007\" data-end=\"1067\">\n<p data-start=\"1009\" data-end=\"1067\"><strong data-start=\"1009\" data-end=\"1031\">Rebrast zaklju\u010dek:<\/strong> Omogo\u010da tesno, udobno prileganje.<\/p>\n<\/li>\n<li data-start=\"1068\" data-end=\"1161\" data-is-last-node=\"\">\n<p data-start=\"1070\" data-end=\"1161\" data-is-last-node=\"\"><strong data-start=\"1070\" data-end=\"1091\">Srednja debelina:<\/strong> Idealno ravnovesje med toploto in prileganjem v smu\u010darskih \u010devljih.<\/p>\n<\/li>\n<\/ul>\n<\/div>\n<\/div>\n<\/div>\n<\/div>\n<div class=\"z-0 flex min-h-[46px] justify-start\"><\/div>\n<\/div>\n<\/div>\n<\/article>\n<div class=\"pointer-events-none h-px w-px\" aria-hidden=\"true\" data-edge=\"true\"><\/div>\n","protected":false},"excerpt":{"rendered":"<h3 data-start=\"405\" data-end=\"426\">Key benefits<\/h3>\n<ul data-start=\"428\" data-end=\"799\">\n<li data-start=\"428\" data-end=\"541\">\n<p data-start=\"430\" data-end=\"541\"><strong data-start=\"430\" data-end=\"453\">Recycled fibers:<\/strong> 98 % recikliranih vlaken za manj\u0161i vpliv na okolje brez kompromisov pri zmogljivosti.<\/p>\n<\/li>\n<li data-start=\"542\" data-end=\"687\">\n<p data-start=\"544\" data-end=\"687\"><strong data-start=\"544\" data-end=\"575\">Udobje in bla\u017eenje udarcev:<\/strong> Posebne oja\u010ditve na peti, prstih in goleni za absorpcijo udarcev ter za\u0161\u010dito ob\u010dutljivih delov med smu\u010danjem.<\/p>\n<\/li>\n<li data-start=\"688\" data-end=\"799\">\n<p data-start=\"690\" data-end=\"799\"><strong data-start=\"690\" data-end=\"710\">Optimal support:<\/strong> Zmerna napetost okoli stopala zagotavlja izjemno stabilnost in podporo za varno smuko.<\/p>\n<\/li>\n<\/ul>","protected":false},"featured_media":3106,"comment_status":"open","ping_status":"closed","template":"","meta":{"_acf_changed":false,"inline_featured_image":false,"_monsterinsights_skip_tracking":false,"_monsterinsights_sitenote_active":false,"_monsterinsights_sitenote_note":"","_monsterinsights_sitenote_category":0},"product_brand":[36],"product_cat":[124,21,91],"product_tag":[],"class_list":{"0":"post-2016","1":"product","2":"type-product","3":"status-publish","4":"has-post-thumbnail","6":"product_brand-sidas","7":"product_cat-dodatki-za-smucanje","8":"product_cat-smucanje","9":"product_cat-smucarske-nogavice","11":"first","12":"instock","13":"taxable","14":"shipping-taxable","15":"purchasable","16":"product-type-variable"},"acf":[],"aioseo_notices":[],"_links":{"self":[{"href":"https:\/\/olliesport.com\/en\/wp-json\/wp\/v2\/product\/2016","targetHints":{"allow":["GET"]}}],"collection":[{"href":"https:\/\/olliesport.com\/en\/wp-json\/wp\/v2\/product"}],"about":[{"href":"https:\/\/olliesport.com\/en\/wp-json\/wp\/v2\/types\/product"}],"replies":[{"embeddable":true,"href":"https:\/\/olliesport.com\/en\/wp-json\/wp\/v2\/comments?post=2016"}],"wp:featuredmedia":[{"embeddable":true,"href":"https:\/\/olliesport.com\/en\/wp-json\/wp\/v2\/media\/3106"}],"wp:attachment":[{"href":"https:\/\/olliesport.com\/en\/wp-json\/wp\/v2\/media?parent=2016"}],"wp:term":[{"taxonomy":"product_brand","embeddable":true,"href":"https:\/\/olliesport.com\/en\/wp-json\/wp\/v2\/product_brand?post=2016"},{"taxonomy":"product_cat","embeddable":true,"href":"https:\/\/olliesport.com\/en\/wp-json\/wp\/v2\/product_cat?post=2016"},{"taxonomy":"product_tag","embeddable":true,"href":"https:\/\/olliesport.com\/en\/wp-json\/wp\/v2\/product_tag?post=2016"}],"curies":[{"name":"wp","href":"https:\/\/api.w.org\/{rel}","templated":true}]}}