{"id":2012,"date":"2025-10-29T14:53:34","date_gmt":"2025-10-29T13:53:34","guid":{"rendered":"https:\/\/olliesport.click.si\/trgovina\/uncategorized\/sidas-nogavice-ski-expert-jr-orange-27-30\/"},"modified":"2025-12-09T13:59:24","modified_gmt":"2025-12-09T12:59:24","slug":"sidas-nogavice-ski-expert-jr-orange","status":"publish","type":"product","link":"https:\/\/olliesport.com\/en\/trgovina\/smucanje\/dodatki-za-smucanje\/smucarske-nogavice\/sidas-nogavice-ski-expert-jr-orange\/","title":{"rendered":"SIDAS NOGAVICE SKI EXPERT JR orange"},"content":{"rendered":"<article class=\"text-token-text-primary w-full focus:outline-none [--shadow-height:45px] has-data-writing-block:pointer-events-none has-data-writing-block:-mt-(--shadow-height) has-data-writing-block:pt-(--shadow-height) [&amp;:has([data-writing-block])&gt;*]:pointer-events-auto [content-visibility:auto] supports-[content-visibility:auto]:[contain-intrinsic-size:auto_100lvh] scroll-mt-[calc(var(--header-height)+min(200px,max(70px,20svh)))]\" dir=\"auto\" tabindex=\"-1\" data-turn-id=\"request-WEB:869975f1-b60e-40c8-9ded-4f9355cb0557-4\" data-testid=\"conversation-turn-10\" data-scroll-anchor=\"true\" data-turn=\"assistant\">\n<div class=\"text-base my-auto mx-auto pb-10 [--thread-content-margin:--spacing(4)] thread-sm:[--thread-content-margin:--spacing(6)] thread-lg:[--thread-content-margin:--spacing(16)] px-(--thread-content-margin)\">\n<div class=\"[--thread-content-max-width:40rem] thread-lg:[--thread-content-max-width:48rem] mx-auto max-w-(--thread-content-max-width) flex-1 group\/turn-messages focus-visible:outline-hidden relative flex w-full min-w-0 flex-col agent-turn\" tabindex=\"-1\">\n<div class=\"flex max-w-full flex-col grow\">\n<div class=\"min-h-8 text-message relative flex w-full flex-col items-end gap-2 text-start break-words whitespace-normal [.text-message+&amp;]:mt-1\" dir=\"auto\" data-message-author-role=\"assistant\" data-message-id=\"df3a0693-1d74-4f4e-8600-2f8dcc9ab0e8\" data-message-model-slug=\"gpt-5\">\n<div class=\"flex w-full flex-col gap-1 empty:hidden first:pt-[1px]\">\n<div class=\"markdown prose dark:prose-invert w-full break-words light markdown-new-styling\">\n<p data-start=\"0\" data-end=\"394\">Nogavice <strong data-start=\"9\" data-end=\"36\">Sidas Ski Expert Junior<\/strong> imajo enake tehni\u010dne lastnosti kot modeli za odrasle, vendar so <strong data-start=\"101\" data-end=\"150\">posebej prilagojene potrebam mladih smu\u010darjev<\/strong>. Njihova <strong data-start=\"160\" data-end=\"180\">anatomska oblika<\/strong> zagotavlja popolno prileganje otro\u0161kemu stopalu, medtem ko <strong data-start=\"240\" data-end=\"258\">lahke oja\u010ditve<\/strong> u\u010dinkovito \u0161\u010ditijo ob\u010dutljive predele. Z <strong data-start=\"300\" data-end=\"321\">zmerno napetostjo<\/strong> okoli stopala nudijo odli\u010dno oporo za <strong data-start=\"360\" data-end=\"391\">natan\u010den nadzor na smu\u010di\u0161\u010du<\/strong>.<\/p>\n<hr data-start=\"396\" data-end=\"399\" \/>\n<h3 data-start=\"401\" data-end=\"422\">Klju\u010dne prednosti<\/h3>\n<ul data-start=\"424\" data-end=\"787\">\n<li data-start=\"424\" data-end=\"566\">\n<p data-start=\"426\" data-end=\"566\"><strong data-start=\"426\" data-end=\"453\">Lahko bla\u017eenje udarcev:<\/strong> Posebne oja\u010ditve na goleni, peti in prstih absorbirajo udarce ter prepre\u010dujejo drgnjenje v smu\u010darskih \u010devljih.<\/p>\n<\/li>\n<li data-start=\"567\" data-end=\"687\">\n<p data-start=\"569\" data-end=\"687\"><strong data-start=\"569\" data-end=\"588\">Oporna zasnova:<\/strong> Zmerna napetost okoli stopala zagotavlja stabilnost in popolno prileganje za dolgotrajno udobje.<\/p>\n<\/li>\n<li data-start=\"688\" data-end=\"787\">\n<p data-start=\"690\" data-end=\"787\"><strong data-start=\"690\" data-end=\"708\">Bolj\u0161i nadzor:<\/strong> Optimizirana zasnova omogo\u010da bolj\u0161i prenos mo\u010di in natan\u010dnej\u0161i nadzor gibov.<\/p>\n<\/li>\n<\/ul>\n<hr data-start=\"789\" data-end=\"792\" \/>\n<h3 data-start=\"794\" data-end=\"805\">Zasnova<\/h3>\n<ul data-start=\"807\" data-end=\"1162\" data-is-last-node=\"\" data-is-only-node=\"\">\n<li data-start=\"807\" data-end=\"886\">\n<p data-start=\"809\" data-end=\"886\"><strong data-start=\"809\" data-end=\"822\">In &amp; Out:<\/strong> Zasnovano za popolno ravnovesje med udobjem in zmogljivostjo.<\/p>\n<\/li>\n<li data-start=\"887\" data-end=\"948\">\n<p data-start=\"889\" data-end=\"948\"><strong data-start=\"889\" data-end=\"910\">Anatomska oblika:<\/strong> Prilagojena naravnim gibom stopala.<\/p>\n<\/li>\n<li data-start=\"949\" data-end=\"1006\">\n<p data-start=\"951\" data-end=\"1006\"><strong data-start=\"951\" data-end=\"972\">Ciljane oja\u010ditve:<\/strong> Za\u0161\u010dita goleni, pete in prstov.<\/p>\n<\/li>\n<li data-start=\"1007\" data-end=\"1072\">\n<p data-start=\"1009\" data-end=\"1072\"><strong data-start=\"1009\" data-end=\"1031\">Rebrast zaklju\u010dek:<\/strong> Zagotavlja tesno in udobno prileganje.<\/p>\n<\/li>\n<li data-start=\"1073\" data-end=\"1162\" data-is-last-node=\"\">\n<p data-start=\"1075\" data-end=\"1162\" data-is-last-node=\"\"><strong data-start=\"1075\" data-end=\"1096\">Srednja debelina:<\/strong> Idealno razmerje med toploto in prileganjem v smu\u010darskih \u010devljih.<\/p>\n<\/li>\n<\/ul>\n<\/div>\n<\/div>\n<\/div>\n<\/div>\n<div class=\"z-0 flex min-h-[46px] justify-start\"><\/div>\n<\/div>\n<\/div>\n<\/article>\n<div class=\"pointer-events-none h-px w-px\" aria-hidden=\"true\" data-edge=\"true\"><\/div>\n","protected":false},"excerpt":{"rendered":"<h3 data-start=\"401\" data-end=\"422\">Key benefits<\/h3>\n<ul data-start=\"424\" data-end=\"787\">\n<li data-start=\"424\" data-end=\"566\">\n<p data-start=\"426\" data-end=\"566\"><strong data-start=\"426\" data-end=\"453\">Lahko bla\u017eenje udarcev:<\/strong> Posebne oja\u010ditve na goleni, peti in prstih absorbirajo udarce ter prepre\u010dujejo drgnjenje v smu\u010darskih \u010devljih.<\/p>\n<\/li>\n<li data-start=\"567\" data-end=\"687\">\n<p data-start=\"569\" data-end=\"687\"><strong data-start=\"569\" data-end=\"588\">Oporna zasnova:<\/strong> Zmerna napetost okoli stopala zagotavlja stabilnost in popolno prileganje za dolgotrajno udobje.<\/p>\n<\/li>\n<li data-start=\"688\" data-end=\"787\">\n<p data-start=\"690\" data-end=\"787\"><strong data-start=\"690\" data-end=\"708\">Bolj\u0161i nadzor:<\/strong> Optimizirana zasnova omogo\u010da bolj\u0161i prenos mo\u010di in natan\u010dnej\u0161i nadzor gibov.<\/p>\n<\/li>\n<\/ul>","protected":false},"featured_media":3174,"comment_status":"open","ping_status":"closed","template":"","meta":{"_acf_changed":false,"inline_featured_image":false,"_monsterinsights_skip_tracking":false,"_monsterinsights_sitenote_active":false,"_monsterinsights_sitenote_note":"","_monsterinsights_sitenote_category":0},"product_brand":[36],"product_cat":[124,21,91],"product_tag":[],"class_list":{"0":"post-2012","1":"product","2":"type-product","3":"status-publish","4":"has-post-thumbnail","6":"product_brand-sidas","7":"product_cat-dodatki-za-smucanje","8":"product_cat-smucanje","9":"product_cat-smucarske-nogavice","11":"first","12":"instock","13":"taxable","14":"shipping-taxable","15":"purchasable","16":"product-type-variable"},"acf":[],"aioseo_notices":[],"_links":{"self":[{"href":"https:\/\/olliesport.com\/en\/wp-json\/wp\/v2\/product\/2012","targetHints":{"allow":["GET"]}}],"collection":[{"href":"https:\/\/olliesport.com\/en\/wp-json\/wp\/v2\/product"}],"about":[{"href":"https:\/\/olliesport.com\/en\/wp-json\/wp\/v2\/types\/product"}],"replies":[{"embeddable":true,"href":"https:\/\/olliesport.com\/en\/wp-json\/wp\/v2\/comments?post=2012"}],"wp:featuredmedia":[{"embeddable":true,"href":"https:\/\/olliesport.com\/en\/wp-json\/wp\/v2\/media\/3174"}],"wp:attachment":[{"href":"https:\/\/olliesport.com\/en\/wp-json\/wp\/v2\/media?parent=2012"}],"wp:term":[{"taxonomy":"product_brand","embeddable":true,"href":"https:\/\/olliesport.com\/en\/wp-json\/wp\/v2\/product_brand?post=2012"},{"taxonomy":"product_cat","embeddable":true,"href":"https:\/\/olliesport.com\/en\/wp-json\/wp\/v2\/product_cat?post=2012"},{"taxonomy":"product_tag","embeddable":true,"href":"https:\/\/olliesport.com\/en\/wp-json\/wp\/v2\/product_tag?post=2012"}],"curies":[{"name":"wp","href":"https:\/\/api.w.org\/{rel}","templated":true}]}}