{"id":2006,"date":"2025-10-29T14:53:33","date_gmt":"2025-10-29T13:53:33","guid":{"rendered":"https:\/\/olliesport.click.si\/trgovina\/uncategorized\/sidas-nogavice-ski-comfor-nr-ora-35-38\/"},"modified":"2026-04-16T20:58:38","modified_gmt":"2026-04-16T18:58:38","slug":"sidas-nogavice-ski-comfor-nr-ora-35-38","status":"publish","type":"product","link":"https:\/\/olliesport.com\/en\/trgovina\/smucanje\/dodatki-za-smucanje\/smucarske-nogavice\/sidas-nogavice-ski-comfor-nr-ora-35-38\/","title":{"rendered":"SIDAS NOGAVICE SKI COMFORT"},"content":{"rendered":"<p data-start=\"0\" data-end=\"349\">Anatomske <strong data-start=\"10\" data-end=\"25\">Ski Comfort<\/strong> smu\u010darske nogavice so zasnovane za celodnevno udobje med smu\u010danjem. Z ovijanjem stopal v mehke, reciklirane fibre \u0161\u010ditijo ob\u010dutljive dele stopal, kot so prsti, peta in golen, s specifi\u010dnimi blazinicami na teh obmo\u010djih. Posebna tehnika pletenja pove\u010da debelino nogavic na lokaliziranih mestih in izbolj\u0161a bla\u017eenje udarcev.<\/p>\n<p data-start=\"351\" data-end=\"623\">Za izdelavo nogavic so uporabljene <strong data-start=\"386\" data-end=\"411\">organska merino volna<\/strong> and <strong data-start=\"415\" data-end=\"438\">recikliran poliamid<\/strong>, ki zagotavljata okolju prijazne nogavice, hkrati pa skrbita za udobje va\u0161ih stopal. Zmerna napetost in debelina zagotavljata popolno prileganje tako stopalom kot smu\u010darskim \u010devljem.<\/p>\n<p data-start=\"625\" data-end=\"886\"><strong data-start=\"625\" data-end=\"650\">In &amp; Out konstrukcija<\/strong> nogavic prepre\u010duje odrezane niti ali prekrivanje materiala znotraj nogavic, kar pove\u010duje udobje in izbolj\u0161uje ob\u010dutek v smu\u010darskih \u010devljih. Merino volna pa poskrbi za toplino in odvajanje vlage, kar omogo\u010da optimalno zra\u010dnost stopal.<\/p>\n<p data-start=\"888\" data-end=\"984\">Unisex model. Anatomske <strong data-start=\"912\" data-end=\"927\">Ski Comfort<\/strong> nogavice so na voljo v razli\u010dnih velikostih in barvah.<\/p>\n<p data-start=\"986\" data-end=\"1012\"><strong data-start=\"986\" data-end=\"1010\">TEHNI\u010cNE ZNA\u010cILNOSTI<\/strong><\/p>\n<ul data-start=\"1013\" data-end=\"1249\" data-is-last-node=\"\" data-is-only-node=\"\">\n<li data-start=\"1013\" data-end=\"1042\">\n<p data-start=\"1015\" data-end=\"1042\"><strong data-start=\"1015\" data-end=\"1040\">In &amp; Out konstrukcija<\/strong><\/p>\n<\/li>\n<li data-start=\"1043\" data-end=\"1090\">\n<p data-start=\"1045\" data-end=\"1090\"><strong data-start=\"1045\" data-end=\"1070\">EcoTech konstrukcija:<\/strong> reciklirane fibre<\/p>\n<\/li>\n<li data-start=\"1091\" data-end=\"1117\">\n<p data-start=\"1093\" data-end=\"1117\"><strong data-start=\"1093\" data-end=\"1115\">156 igel pletenina<\/strong><\/p>\n<\/li>\n<li data-start=\"1118\" data-end=\"1171\">\n<p data-start=\"1120\" data-end=\"1171\"><strong data-start=\"1120\" data-end=\"1169\">Specifi\u010dna za\u0161\u010dita za ob\u010dutljive dele stopala<\/strong><\/p>\n<\/li>\n<li data-start=\"1172\" data-end=\"1201\">\n<p data-start=\"1174\" data-end=\"1201\"><strong data-start=\"1174\" data-end=\"1199\">Zra\u010dnost pod stopalom<\/strong><\/p>\n<\/li>\n<li data-start=\"1202\" data-end=\"1249\" data-is-last-node=\"\">\n<p data-start=\"1204\" data-end=\"1249\" data-is-last-node=\"\"><strong data-start=\"1204\" data-end=\"1249\" data-is-last-node=\"\">Toplina, za\u0161\u010dita in udobje z merino volno<\/strong><\/p>\n<\/li>\n<\/ul>","protected":false},"excerpt":{"rendered":"<ul data-start=\"1013\" data-end=\"1249\" data-is-last-node=\"\" data-is-only-node=\"\">\n<li data-start=\"1013\" data-end=\"1042\">\n<p data-start=\"1015\" data-end=\"1042\"><strong data-start=\"1015\" data-end=\"1040\">In &amp; Out konstrukcija<\/strong><\/p>\n<\/li>\n<li data-start=\"1043\" data-end=\"1090\">\n<p data-start=\"1045\" data-end=\"1090\"><strong data-start=\"1045\" data-end=\"1070\">EcoTech konstrukcija:<\/strong> reciklirane fibre<\/p>\n<\/li>\n<li data-start=\"1091\" data-end=\"1117\">\n<p data-start=\"1093\" data-end=\"1117\"><strong data-start=\"1093\" data-end=\"1115\">156 igel pletenina<\/strong><\/p>\n<\/li>\n<li data-start=\"1118\" data-end=\"1171\">\n<p data-start=\"1120\" data-end=\"1171\"><strong data-start=\"1120\" data-end=\"1169\">Specifi\u010dna za\u0161\u010dita za ob\u010dutljive dele stopala<\/strong><\/p>\n<\/li>\n<li data-start=\"1172\" data-end=\"1201\">\n<p data-start=\"1174\" data-end=\"1201\"><strong data-start=\"1174\" data-end=\"1199\">Zra\u010dnost pod stopalom<\/strong><\/p>\n<\/li>\n<li data-start=\"1202\" data-end=\"1249\" data-is-last-node=\"\">\n<p data-start=\"1204\" data-end=\"1249\" data-is-last-node=\"\"><strong data-start=\"1204\" data-end=\"1249\" data-is-last-node=\"\">Toplina, za\u0161\u010dita in udobje z merino volno<\/strong><\/p>\n<\/li>\n<\/ul>","protected":false},"featured_media":4458,"comment_status":"open","ping_status":"closed","template":"","meta":{"_acf_changed":false,"inline_featured_image":false,"_monsterinsights_skip_tracking":false,"_monsterinsights_sitenote_active":false,"_monsterinsights_sitenote_note":"","_monsterinsights_sitenote_category":0},"product_brand":[36],"product_cat":[124,21,91],"product_tag":[],"class_list":{"0":"post-2006","1":"product","2":"type-product","3":"status-publish","4":"has-post-thumbnail","6":"product_brand-sidas","7":"product_cat-dodatki-za-smucanje","8":"product_cat-smucanje","9":"product_cat-smucarske-nogavice","11":"first","12":"instock","13":"taxable","14":"shipping-taxable","15":"purchasable","16":"product-type-variable"},"acf":[],"aioseo_notices":[],"_links":{"self":[{"href":"https:\/\/olliesport.com\/en\/wp-json\/wp\/v2\/product\/2006","targetHints":{"allow":["GET"]}}],"collection":[{"href":"https:\/\/olliesport.com\/en\/wp-json\/wp\/v2\/product"}],"about":[{"href":"https:\/\/olliesport.com\/en\/wp-json\/wp\/v2\/types\/product"}],"replies":[{"embeddable":true,"href":"https:\/\/olliesport.com\/en\/wp-json\/wp\/v2\/comments?post=2006"}],"wp:featuredmedia":[{"embeddable":true,"href":"https:\/\/olliesport.com\/en\/wp-json\/wp\/v2\/media\/4458"}],"wp:attachment":[{"href":"https:\/\/olliesport.com\/en\/wp-json\/wp\/v2\/media?parent=2006"}],"wp:term":[{"taxonomy":"product_brand","embeddable":true,"href":"https:\/\/olliesport.com\/en\/wp-json\/wp\/v2\/product_brand?post=2006"},{"taxonomy":"product_cat","embeddable":true,"href":"https:\/\/olliesport.com\/en\/wp-json\/wp\/v2\/product_cat?post=2006"},{"taxonomy":"product_tag","embeddable":true,"href":"https:\/\/olliesport.com\/en\/wp-json\/wp\/v2\/product_tag?post=2006"}],"curies":[{"name":"wp","href":"https:\/\/api.w.org\/{rel}","templated":true}]}}