{"id":2002,"date":"2025-10-29T14:53:33","date_gmt":"2025-10-29T13:53:33","guid":{"rendered":"https:\/\/olliesport.click.si\/trgovina\/uncategorized\/sidas-nogavice-ski-comfor-nr-gri-35-38-324501401\/"},"modified":"2026-04-16T20:58:38","modified_gmt":"2026-04-16T18:58:38","slug":"sidas-nogavice-ski-comfor-nr-gri","status":"publish","type":"product","link":"https:\/\/olliesport.com\/en\/trgovina\/smucanje\/dodatki-za-smucanje\/smucarske-nogavice\/sidas-nogavice-ski-comfor-nr-gri\/","title":{"rendered":"SIDAS SKI COMFORT SOCKS Nr\/Gri"},"content":{"rendered":"<p><strong>Anatomske smu\u010darske nogavice Ski Comfort<\/strong> so zasnovane za celodnevno udobje med smu\u010danjem. Z mehko prejo iz recikliranih vlaken ne\u017eno objamejo stopala in \u0161\u010ditijo ob\u010dutljive dele, kot so prsti, peta in goleni, s posebno oblazinjenostjo na teh predelih. Za izbolj\u0161ano bla\u017eenje in dodatno debelino na dolo\u010denih mestih je bila uporabljena posebna tehnika pletenja.<\/p>\n<p>Organska merino volna in recikliran poliamid sta reciklirani vlakni, uporabljeni pri izdelavi teh nogavic, kar pomeni, da so okolju prijazne in hkrati skrbijo za va\u0161a stopala. Zmerna kompresija in optimalna debelina zagotavljata popolno prileganje tako stopalom kot smu\u010darskemu \u010devlju.<\/p>\n<p><strong>Tehnologija In &amp; Out<\/strong> prepre\u010duje notranje \u0161ive ali prekrivanje materiala, kar pove\u010duje udobje in izbolj\u0161uje ob\u010dutek v smu\u010darskem \u010devlju. Merino volna pa zagotavlja toploto ter u\u010dinkovito odvajanje vlage, kar va\u0161im stopalom omogo\u010da optimalno zra\u010dnost.<\/p>\n<p>Model je uniseks. Anatomske smu\u010darske nogavice Ski Comfort so na voljo v razli\u010dnih velikostih in barvah.<\/p>\n<p><strong>TEHNI\u010cNE LASTNOSTI:<\/strong><\/p>\n<ul>\n<li>In &amp; Out konstrukcija<\/li>\n<li>EcoTech konstrukcija: reciklirana vlakna<\/li>\n<li>156 igel za visoko definicijo tkanja<\/li>\n<li>Za\u0161\u010dita ob\u010dutljivih con stopala<\/li>\n<li>Zra\u010dnost na spodnjem delu stopala<\/li>\n<li>Toplota \u2022 Za\u0161\u010dita \u2022 Udobje \u2022 Merino volna<\/li>\n<\/ul>\n<p>&nbsp;<\/p>","protected":false},"excerpt":{"rendered":"<p><strong>TEHNI\u010cNE LASTNOSTI:<\/strong><\/p>\n<ul>\n<li>In &amp; Out konstrukcija<\/li>\n<li>EcoTech konstrukcija: reciklirana vlakna<\/li>\n<li>156 igel za visoko definicijo tkanja<\/li>\n<li>Za\u0161\u010dita ob\u010dutljivih con stopala<\/li>\n<li>Zra\u010dnost na spodnjem delu stopala<\/li>\n<li>Toplota \u2022 Za\u0161\u010dita \u2022 Udobje \u2022 Merino volna<\/li>\n<\/ul>","protected":false},"featured_media":3034,"comment_status":"open","ping_status":"closed","template":"","meta":{"_acf_changed":false,"inline_featured_image":false,"_monsterinsights_skip_tracking":false,"_monsterinsights_sitenote_active":false,"_monsterinsights_sitenote_note":"","_monsterinsights_sitenote_category":0},"product_brand":[36],"product_cat":[124,21,91],"product_tag":[],"class_list":{"0":"post-2002","1":"product","2":"type-product","3":"status-publish","4":"has-post-thumbnail","6":"product_brand-sidas","7":"product_cat-dodatki-za-smucanje","8":"product_cat-smucanje","9":"product_cat-smucarske-nogavice","11":"first","12":"instock","13":"taxable","14":"shipping-taxable","15":"purchasable","16":"product-type-variable"},"acf":[],"aioseo_notices":[],"_links":{"self":[{"href":"https:\/\/olliesport.com\/en\/wp-json\/wp\/v2\/product\/2002","targetHints":{"allow":["GET"]}}],"collection":[{"href":"https:\/\/olliesport.com\/en\/wp-json\/wp\/v2\/product"}],"about":[{"href":"https:\/\/olliesport.com\/en\/wp-json\/wp\/v2\/types\/product"}],"replies":[{"embeddable":true,"href":"https:\/\/olliesport.com\/en\/wp-json\/wp\/v2\/comments?post=2002"}],"wp:featuredmedia":[{"embeddable":true,"href":"https:\/\/olliesport.com\/en\/wp-json\/wp\/v2\/media\/3034"}],"wp:attachment":[{"href":"https:\/\/olliesport.com\/en\/wp-json\/wp\/v2\/media?parent=2002"}],"wp:term":[{"taxonomy":"product_brand","embeddable":true,"href":"https:\/\/olliesport.com\/en\/wp-json\/wp\/v2\/product_brand?post=2002"},{"taxonomy":"product_cat","embeddable":true,"href":"https:\/\/olliesport.com\/en\/wp-json\/wp\/v2\/product_cat?post=2002"},{"taxonomy":"product_tag","embeddable":true,"href":"https:\/\/olliesport.com\/en\/wp-json\/wp\/v2\/product_tag?post=2002"}],"curies":[{"name":"wp","href":"https:\/\/api.w.org\/{rel}","templated":true}]}}