{"id":2001,"date":"2025-10-29T14:53:33","date_gmt":"2025-10-29T13:53:33","guid":{"rendered":"https:\/\/olliesport.click.si\/trgovina\/uncategorized\/sidas-nogavice-ski-comfor-blc-nr-45-47\/"},"modified":"2026-04-16T22:58:45","modified_gmt":"2026-04-16T20:58:45","slug":"sidas-nogavice-ski-comfort-blc-nr","status":"publish","type":"product","link":"https:\/\/olliesport.com\/en\/trgovina\/smucanje\/dodatki-za-smucanje\/smucarske-nogavice\/sidas-nogavice-ski-comfort-blc-nr\/","title":{"rendered":"SIDAS SKI COMFORT SOCKS blc\/nr"},"content":{"rendered":"<p><strong>Anatomske smu\u010darske nogavice Ski Comfort<\/strong> so zasnovane za celodnevno udobje med smu\u010danjem. Izdelane so iz mehkih, recikliranih vlaken, ki objamejo stopala in \u0161\u010ditijo ob\u010dutljive predele, kot so prsti, peta in golen, s posebno oblazinjenostjo na teh mestih. Uporabljena je bila posebna tehnika pletenja, ki lokalno pove\u010da debelino nogavic in izbolj\u0161a bla\u017eenje udarcev.<\/p>\n<p>Za izdelavo teh nogavic sta bila uporabljena <strong>organska merino volna<\/strong> and <strong>recikliran poliamid<\/strong>, kar pomeni, da so okolju prijazne, hkrati pa ne\u017ene do va\u0161ih stopal. Zmerna kompresija in optimalna debelina poskrbita za popolno prileganje tako va\u0161im stopalom kot smu\u010darskim \u010devljem.<\/p>\n<p>Posebna <strong>In &amp; Out konstrukcija<\/strong> prepre\u010duje notranje reze niti ali prekrivanje materiala, kar pove\u010da udobje in izbolj\u0161a ob\u010dutek v smu\u010darskih \u010devljih. Merino volna zagotavlja toploto in u\u010dinkovito odvajanje vlage, zato bodo va\u0161a stopala vedno suha in zra\u010dna.<\/p>\n<p><strong>Uniseks model.<\/strong> Anatomske smu\u010darske nogavice Ski Comfort so na voljo v razli\u010dnih velikostih in barvah.<\/p>\n<p><strong>TEHNI\u010cNE LASTNOSTI<\/strong><\/p>\n<ul>\n<li>In &amp; Out konstrukcija<\/li>\n<li>EcoTech konstrukcija: reciklirana vlakna<\/li>\n<li>Pletene z 156 iglami za visoko definicijo<\/li>\n<li>Ciljna za\u0161\u010dita ob\u010dutljivih con stopala<\/li>\n<li>Zra\u010denje na spodnjem delu stopala<\/li>\n<li>Toplota \u2022 Za\u0161\u010dita \u2022 Udobje \u2022 Merino volna<\/li>\n<\/ul>","protected":false},"excerpt":{"rendered":"<p><strong>TEHNI\u010cNE LASTNOSTI<\/strong><\/p>\n<ul>\n<li>In &amp; Out konstrukcija<\/li>\n<li>EcoTech konstrukcija: reciklirana vlakna<\/li>\n<li>Pletene z 156 iglami za visoko definicijo<\/li>\n<li>Ciljna za\u0161\u010dita ob\u010dutljivih con stopala<\/li>\n<li>Zra\u010denje na spodnjem delu stopala<\/li>\n<li>Toplota \u2022 Za\u0161\u010dita \u2022 Udobje \u2022 Merino volna<\/li>\n<\/ul>","protected":false},"featured_media":3044,"comment_status":"open","ping_status":"closed","template":"","meta":{"_acf_changed":false,"inline_featured_image":false,"_monsterinsights_skip_tracking":false,"_monsterinsights_sitenote_active":false,"_monsterinsights_sitenote_note":"","_monsterinsights_sitenote_category":0},"product_brand":[36],"product_cat":[124,21,91],"product_tag":[],"class_list":{"0":"post-2001","1":"product","2":"type-product","3":"status-publish","4":"has-post-thumbnail","6":"product_brand-sidas","7":"product_cat-dodatki-za-smucanje","8":"product_cat-smucanje","9":"product_cat-smucarske-nogavice","11":"first","12":"instock","13":"taxable","14":"shipping-taxable","15":"purchasable","16":"product-type-variable"},"acf":[],"aioseo_notices":[],"_links":{"self":[{"href":"https:\/\/olliesport.com\/en\/wp-json\/wp\/v2\/product\/2001","targetHints":{"allow":["GET"]}}],"collection":[{"href":"https:\/\/olliesport.com\/en\/wp-json\/wp\/v2\/product"}],"about":[{"href":"https:\/\/olliesport.com\/en\/wp-json\/wp\/v2\/types\/product"}],"replies":[{"embeddable":true,"href":"https:\/\/olliesport.com\/en\/wp-json\/wp\/v2\/comments?post=2001"}],"wp:featuredmedia":[{"embeddable":true,"href":"https:\/\/olliesport.com\/en\/wp-json\/wp\/v2\/media\/3044"}],"wp:attachment":[{"href":"https:\/\/olliesport.com\/en\/wp-json\/wp\/v2\/media?parent=2001"}],"wp:term":[{"taxonomy":"product_brand","embeddable":true,"href":"https:\/\/olliesport.com\/en\/wp-json\/wp\/v2\/product_brand?post=2001"},{"taxonomy":"product_cat","embeddable":true,"href":"https:\/\/olliesport.com\/en\/wp-json\/wp\/v2\/product_cat?post=2001"},{"taxonomy":"product_tag","embeddable":true,"href":"https:\/\/olliesport.com\/en\/wp-json\/wp\/v2\/product_tag?post=2001"}],"curies":[{"name":"wp","href":"https:\/\/api.w.org\/{rel}","templated":true}]}}