{"id":1994,"date":"2025-10-29T14:53:32","date_gmt":"2025-10-29T13:53:32","guid":{"rendered":"https:\/\/olliesport.click.si\/trgovina\/uncategorized\/sidas-nogavice-ski-comfor-bl-blc-35-36-325423101\/"},"modified":"2026-04-16T20:58:38","modified_gmt":"2026-04-16T18:58:38","slug":"sidas-nogavice-ski-comfort-bl-blc","status":"publish","type":"product","link":"https:\/\/olliesport.com\/en\/trgovina\/smucanje\/dodatki-za-smucanje\/smucarske-nogavice\/sidas-nogavice-ski-comfort-bl-blc\/","title":{"rendered":"SIDAS SKI COMFORT SOCKS Bl\/Blc"},"content":{"rendered":"<p><strong>Anatomske smu\u010darske nogavice Ski Comfort<\/strong> so zasnovane za celodnevno udobje med smu\u010danjem. Z mehko strukturo iz recikliranih vlaken ne\u017eno objamejo stopala in \u0161\u010ditijo ob\u010dutljive predele, kot so prsti, peta in golen, z namenskim oblazinjenjem na teh obmo\u010djih. Posebna tehnika pletenja lokalno pove\u010da debelino nogavic in izbolj\u0161a bla\u017eenje udarcev.<\/p>\n<p>Pri izdelavi teh nogavic sta uporabljeni <strong>organska merino volna<\/strong> and <strong>recikliran poliamid<\/strong>, kar zagotavlja okolju prijazno zasnovo, hkrati pa poskrbi za udobje in za\u0161\u010dito va\u0161ih stopal. Zmerna napetost in optimalna debelina omogo\u010data odli\u010dno prileganje stopalom in smu\u010darskim \u010devljem.<\/p>\n<p>Zahvaljujo\u010d posebni <strong>In &amp; Out konstrukciji<\/strong> v notranjosti ni mote\u010dih \u0161ivov ali prekrivanja materiala, kar pove\u010duje udobje in izbolj\u0161uje ob\u010dutek v smu\u010darskem \u010devlju. Merino volna dodatno poskrbi za toploto in u\u010dinkovito odvajanje vlage, kar zagotavlja optimalno zra\u010dnost in suha stopala med smu\u010danjem.<\/p>\n<p><strong>Model za \u017eenske.<\/strong> Anatomske smu\u010darske nogavice Ski Comfort so na voljo v razli\u010dnih velikostih in barvah.<\/p>\n<p><strong>TEHNI\u010cNE LASTNOSTI<\/strong><\/p>\n<ul>\n<li>In &amp; Out konstrukcija<\/li>\n<li>Izdelava iz recikliranih vlaken<\/li>\n<li>156 igel za visoko natan\u010dnost pletenja<\/li>\n<li>Za\u0161\u010dita posebej ob\u010dutljivih con stopala<\/li>\n<li>Zra\u010denje na spodnjem delu stopala<\/li>\n<li>Toplota \u2022 Za\u0161\u010dita \u2022 Udobje \u2022 Merino volna<\/li>\n<\/ul>","protected":false},"excerpt":{"rendered":"<p><strong>TEHNI\u010cNE LASTNOSTI<\/strong><\/p>\n<ul>\n<li>In &amp; Out konstrukcija<\/li>\n<li>Izdelava iz recikliranih vlaken<\/li>\n<li>156 igel za visoko natan\u010dnost pletenja<\/li>\n<li>Za\u0161\u010dita posebej ob\u010dutljivih con stopala<\/li>\n<li>Zra\u010denje na spodnjem delu stopala<\/li>\n<li>Toplota \u2022 Za\u0161\u010dita \u2022 Udobje \u2022 Merino volna<\/li>\n<\/ul>","protected":false},"featured_media":3057,"comment_status":"open","ping_status":"closed","template":"","meta":{"_acf_changed":false,"inline_featured_image":false,"_monsterinsights_skip_tracking":false,"_monsterinsights_sitenote_active":false,"_monsterinsights_sitenote_note":"","_monsterinsights_sitenote_category":0},"product_brand":[36],"product_cat":[124,21,91],"product_tag":[],"class_list":{"0":"post-1994","1":"product","2":"type-product","3":"status-publish","4":"has-post-thumbnail","6":"product_brand-sidas","7":"product_cat-dodatki-za-smucanje","8":"product_cat-smucanje","9":"product_cat-smucarske-nogavice","11":"first","12":"instock","13":"taxable","14":"shipping-taxable","15":"purchasable","16":"product-type-variable"},"acf":[],"aioseo_notices":[],"_links":{"self":[{"href":"https:\/\/olliesport.com\/en\/wp-json\/wp\/v2\/product\/1994","targetHints":{"allow":["GET"]}}],"collection":[{"href":"https:\/\/olliesport.com\/en\/wp-json\/wp\/v2\/product"}],"about":[{"href":"https:\/\/olliesport.com\/en\/wp-json\/wp\/v2\/types\/product"}],"replies":[{"embeddable":true,"href":"https:\/\/olliesport.com\/en\/wp-json\/wp\/v2\/comments?post=1994"}],"wp:featuredmedia":[{"embeddable":true,"href":"https:\/\/olliesport.com\/en\/wp-json\/wp\/v2\/media\/3057"}],"wp:attachment":[{"href":"https:\/\/olliesport.com\/en\/wp-json\/wp\/v2\/media?parent=1994"}],"wp:term":[{"taxonomy":"product_brand","embeddable":true,"href":"https:\/\/olliesport.com\/en\/wp-json\/wp\/v2\/product_brand?post=1994"},{"taxonomy":"product_cat","embeddable":true,"href":"https:\/\/olliesport.com\/en\/wp-json\/wp\/v2\/product_cat?post=1994"},{"taxonomy":"product_tag","embeddable":true,"href":"https:\/\/olliesport.com\/en\/wp-json\/wp\/v2\/product_tag?post=1994"}],"curies":[{"name":"wp","href":"https:\/\/api.w.org\/{rel}","templated":true}]}}