{"id":1990,"date":"2025-10-29T14:53:31","date_gmt":"2025-10-29T13:53:31","guid":{"rendered":"https:\/\/olliesport.click.si\/trgovina\/uncategorized\/sidas-nogavice-run-feel-xl-321415306\/"},"modified":"2026-04-16T20:58:38","modified_gmt":"2026-04-16T18:58:38","slug":"sidas-nogavice-run-feel-xl-321415306","status":"publish","type":"product","link":"https:\/\/olliesport.com\/en\/trgovina\/tek-in-hoja\/dodatki-za-tek-in-hojo\/tekaske-nogavice\/sidas-nogavice-run-feel-xl-321415306\/","title":{"rendered":"SIDAS NOGAVICE RUN FEEL"},"content":{"rendered":"<p data-start=\"0\" data-end=\"295\">Tehni\u010dne in tanke teka\u0161ke nogavice so idealne za cestni tek in izbolj\u0161ajo sinergijo z va\u0161imi vlo\u017eki. Njihova tankost omogo\u010da bolj\u0161i ob\u010dutek stika s podlago, medtem ko <strong data-start=\"167\" data-end=\"200\">dva anti-slip oprijemna traka<\/strong> zmanj\u0161ata premikanje nogavice v \u010devlju, kar prepre\u010duje drgnjenje, \u017eulje in ne\u017eeleno gibanje.<\/p>\n<p data-start=\"297\" data-end=\"568\">Nogavice Sidas imajo tudi <strong data-start=\"323\" data-end=\"353\">zra\u010dno cono v loku stopala<\/strong>, ki odvaja vlago, ter <strong data-start=\"376\" data-end=\"397\">oporo pri gle\u017enju<\/strong>. Na zadnjem delu nogavice je majhen <strong data-start=\"434\" data-end=\"450\">odsevni trak<\/strong>, ki pove\u010duje vidnost med no\u010dnim tekom. Za \u0161e bolj\u0161o vidnost priporo\u010damo uporabo na\u0161ega <strong data-start=\"538\" data-end=\"557\">Light Shoe Clip<\/strong> dodatka.<\/p>\n<p data-start=\"570\" data-end=\"666\">Nogavice <strong data-start=\"579\" data-end=\"591\">Run Feel<\/strong> so zasnovane tako, da odli\u010dno delujejo skupaj z na\u0161imi teka\u0161kimi vlo\u017eki.<\/p>\n<p data-start=\"668\" data-end=\"694\"><strong data-start=\"668\" data-end=\"692\">TEHNI\u010cNE ZNA\u010cILNOSTI<\/strong><\/p>\n<ul data-start=\"695\" data-end=\"954\">\n<li data-start=\"695\" data-end=\"730\">\n<p data-start=\"697\" data-end=\"730\"><strong data-start=\"697\" data-end=\"713\">Odsevni trak<\/strong>: ve\u010dja vidnost<\/p>\n<\/li>\n<li data-start=\"731\" data-end=\"754\">\n<p data-start=\"733\" data-end=\"754\"><strong data-start=\"733\" data-end=\"752\">Podpora gle\u017enja<\/strong><\/p>\n<\/li>\n<li data-start=\"755\" data-end=\"804\">\n<p data-start=\"757\" data-end=\"804\"><strong data-start=\"757\" data-end=\"802\">Natan\u010dno izdelano na 200-igelni pletenini<\/strong><\/p>\n<\/li>\n<li data-start=\"805\" data-end=\"847\">\n<p data-start=\"807\" data-end=\"847\"><strong data-start=\"807\" data-end=\"830\">3 oprijemna obmo\u010dja<\/strong> za bolj\u0161i stik<\/p>\n<\/li>\n<li data-start=\"848\" data-end=\"904\">\n<p data-start=\"850\" data-end=\"904\"><strong data-start=\"850\" data-end=\"881\">Upravljanje vonja Polygiene<\/strong>: dolgotrajna sve\u017eina<\/p>\n<\/li>\n<li data-start=\"905\" data-end=\"954\">\n<p data-start=\"907\" data-end=\"954\"><strong data-start=\"907\" data-end=\"927\">Zra\u010dna pletenina<\/strong>: omogo\u010da odvajanje vlage<\/p>\n<\/li>\n<\/ul>\n<p data-start=\"956\" data-end=\"1001\" data-is-last-node=\"\" data-is-only-node=\"\"><strong data-start=\"956\" data-end=\"1001\" data-is-last-node=\"\">Oblikovano v Franciji \/ izdelano v Evropi<\/strong><\/p>","protected":false},"excerpt":{"rendered":"<p>Tehni\u010dne in tanke teka\u0161ke nogavice so idealne za cestni tek in izbolj\u0161ajo sinergijo z va\u0161imi vlo\u017eki. Njihova tankost omogo\u010da bolj\u0161i ob\u010dutek stika s podlago, medtem ko <strong data-start=\"167\" data-end=\"200\">dva anti-slip oprijemna traka<\/strong> zmanj\u0161ata premikanje nogavice v \u010devlju, kar prepre\u010duje drgnjenje, \u017eulje in ne\u017eeleno gibanje.<\/p>","protected":false},"featured_media":4437,"comment_status":"open","ping_status":"closed","template":"","meta":{"_acf_changed":false,"inline_featured_image":false,"_monsterinsights_skip_tracking":false,"_monsterinsights_sitenote_active":false,"_monsterinsights_sitenote_note":"","_monsterinsights_sitenote_category":0},"product_brand":[36],"product_cat":[77,19,78],"product_tag":[],"class_list":{"0":"post-1990","1":"product","2":"type-product","3":"status-publish","4":"has-post-thumbnail","6":"product_brand-sidas","7":"product_cat-dodatki-za-tek-in-hojo","8":"product_cat-tek-in-hoja","9":"product_cat-tekaske-nogavice","11":"first","12":"instock","13":"taxable","14":"shipping-taxable","15":"purchasable","16":"product-type-variable"},"acf":[],"aioseo_notices":[],"_links":{"self":[{"href":"https:\/\/olliesport.com\/en\/wp-json\/wp\/v2\/product\/1990","targetHints":{"allow":["GET"]}}],"collection":[{"href":"https:\/\/olliesport.com\/en\/wp-json\/wp\/v2\/product"}],"about":[{"href":"https:\/\/olliesport.com\/en\/wp-json\/wp\/v2\/types\/product"}],"replies":[{"embeddable":true,"href":"https:\/\/olliesport.com\/en\/wp-json\/wp\/v2\/comments?post=1990"}],"wp:featuredmedia":[{"embeddable":true,"href":"https:\/\/olliesport.com\/en\/wp-json\/wp\/v2\/media\/4437"}],"wp:attachment":[{"href":"https:\/\/olliesport.com\/en\/wp-json\/wp\/v2\/media?parent=1990"}],"wp:term":[{"taxonomy":"product_brand","embeddable":true,"href":"https:\/\/olliesport.com\/en\/wp-json\/wp\/v2\/product_brand?post=1990"},{"taxonomy":"product_cat","embeddable":true,"href":"https:\/\/olliesport.com\/en\/wp-json\/wp\/v2\/product_cat?post=1990"},{"taxonomy":"product_tag","embeddable":true,"href":"https:\/\/olliesport.com\/en\/wp-json\/wp\/v2\/product_tag?post=1990"}],"curies":[{"name":"wp","href":"https:\/\/api.w.org\/{rel}","templated":true}]}}