{"id":1980,"date":"2025-10-29T14:53:30","date_gmt":"2025-10-29T13:53:30","guid":{"rendered":"https:\/\/olliesport.click.si\/trgovina\/uncategorized\/sidas-nogavice-run-anatomic-crew-white-35-38\/"},"modified":"2026-04-16T20:58:37","modified_gmt":"2026-04-16T18:58:37","slug":"sidas-nogavice-run-anatomic-crew-white-35-38","status":"publish","type":"product","link":"https:\/\/olliesport.com\/en\/trgovina\/tek-in-hoja\/dodatki-za-tek-in-hojo\/tekaske-nogavice\/sidas-nogavice-run-anatomic-crew-white-35-38\/","title":{"rendered":"SIDAS NOGAVICE RUN ANATOMIC CREW"},"content":{"rendered":"<p data-start=\"0\" data-end=\"201\">Nogavice <strong data-start=\"9\" data-end=\"30\">Run Anatomic Crew<\/strong> nudijo vse, kar pri\u010dakujete od odli\u010dnih teka\u0161kih nogavic. So tanke, lahke in tehni\u010dne, vi\u0161ine do sredine me\u010d, zato so idealne za tiste, ki imate raje nogavice mid-high.<\/p>\n<p data-start=\"203\" data-end=\"440\">Tehni\u010dna zasnova nogavice zagotavlja <strong data-start=\"240\" data-end=\"265\">popolno oporo stopala<\/strong>: anatomska konstrukcija (za levo in desno stopalo), izjemno zra\u010dni mre\u017easti deli, pletenina s srednjo napetostjo in prilagojena opora gle\u017enja, ki ohranja nogavico na mestu.<\/p>\n<p data-start=\"442\" data-end=\"647\">Stopalo bo na vlo\u017eku v \u010devlju stabilno in dobro prilegajo\u010de se, saj sprednji oprijemni trak prepre\u010duje drsenje ter omogo\u010da bolj\u0161o povezanost s podplatom. U\u017eivajte v ob\u010dutku izjemne lahkotnosti in udobja.<\/p>\n<p data-start=\"649\" data-end=\"675\"><strong data-start=\"649\" data-end=\"673\">TEHNI\u010cNE ZNA\u010cILNOSTI<\/strong><\/p>\n<ul data-start=\"676\" data-end=\"906\">\n<li data-start=\"676\" data-end=\"714\">\n<p data-start=\"678\" data-end=\"714\"><strong data-start=\"678\" data-end=\"693\">\u201cPull-out\u201d:<\/strong> popolno prileganje<\/p>\n<\/li>\n<li data-start=\"715\" data-end=\"738\">\n<p data-start=\"717\" data-end=\"738\"><strong data-start=\"717\" data-end=\"736\">Podpora gle\u017enja<\/strong><\/p>\n<\/li>\n<li data-start=\"739\" data-end=\"794\">\n<p data-start=\"741\" data-end=\"794\"><strong data-start=\"741\" data-end=\"765\">Prilagojeno stopalu:<\/strong> srednja napetost pletenine<\/p>\n<\/li>\n<li data-start=\"795\" data-end=\"839\">\n<p data-start=\"797\" data-end=\"839\"><strong data-start=\"797\" data-end=\"818\">1 oprijemni trak:<\/strong> prepre\u010duje drsenje<\/p>\n<\/li>\n<li data-start=\"840\" data-end=\"872\">\n<p data-start=\"842\" data-end=\"872\"><strong data-start=\"842\" data-end=\"852\">Zanke:<\/strong> za dodatno udobje<\/p>\n<\/li>\n<li data-start=\"873\" data-end=\"906\">\n<p data-start=\"875\" data-end=\"906\"><strong data-start=\"875\" data-end=\"895\">Odpiranje mre\u017ee:<\/strong> zra\u010dnost<\/p>\n<\/li>\n<\/ul>\n<p data-start=\"908\" data-end=\"953\" data-is-last-node=\"\" data-is-only-node=\"\"><strong data-start=\"908\" data-end=\"953\" data-is-last-node=\"\">Oblikovano v Franciji \/ izdelano v Evropi<\/strong><\/p>","protected":false},"excerpt":{"rendered":"<p>Nogavice <strong data-start=\"9\" data-end=\"30\">Run Anatomic Crew<\/strong> nudijo vse, kar pri\u010dakujete od odli\u010dnih teka\u0161kih nogavic. So tanke, lahke in tehni\u010dne, vi\u0161ine do sredine me\u010d, zato so idealne za tiste, ki imate raje nogavice mid-high.<\/p>","protected":false},"featured_media":4400,"comment_status":"open","ping_status":"closed","template":"","meta":{"_acf_changed":false,"inline_featured_image":false,"_monsterinsights_skip_tracking":false,"_monsterinsights_sitenote_active":false,"_monsterinsights_sitenote_note":"","_monsterinsights_sitenote_category":0},"product_brand":[36],"product_cat":[77,19,78],"product_tag":[],"class_list":{"0":"post-1980","1":"product","2":"type-product","3":"status-publish","4":"has-post-thumbnail","6":"product_brand-sidas","7":"product_cat-dodatki-za-tek-in-hojo","8":"product_cat-tek-in-hoja","9":"product_cat-tekaske-nogavice","11":"first","12":"instock","13":"taxable","14":"shipping-taxable","15":"purchasable","16":"product-type-variable"},"acf":[],"aioseo_notices":[],"_links":{"self":[{"href":"https:\/\/olliesport.com\/en\/wp-json\/wp\/v2\/product\/1980","targetHints":{"allow":["GET"]}}],"collection":[{"href":"https:\/\/olliesport.com\/en\/wp-json\/wp\/v2\/product"}],"about":[{"href":"https:\/\/olliesport.com\/en\/wp-json\/wp\/v2\/types\/product"}],"replies":[{"embeddable":true,"href":"https:\/\/olliesport.com\/en\/wp-json\/wp\/v2\/comments?post=1980"}],"wp:featuredmedia":[{"embeddable":true,"href":"https:\/\/olliesport.com\/en\/wp-json\/wp\/v2\/media\/4400"}],"wp:attachment":[{"href":"https:\/\/olliesport.com\/en\/wp-json\/wp\/v2\/media?parent=1980"}],"wp:term":[{"taxonomy":"product_brand","embeddable":true,"href":"https:\/\/olliesport.com\/en\/wp-json\/wp\/v2\/product_brand?post=1980"},{"taxonomy":"product_cat","embeddable":true,"href":"https:\/\/olliesport.com\/en\/wp-json\/wp\/v2\/product_cat?post=1980"},{"taxonomy":"product_tag","embeddable":true,"href":"https:\/\/olliesport.com\/en\/wp-json\/wp\/v2\/product_tag?post=1980"}],"curies":[{"name":"wp","href":"https:\/\/api.w.org\/{rel}","templated":true}]}}