{"id":1971,"date":"2025-10-29T14:53:29","date_gmt":"2025-10-29T13:53:29","guid":{"rendered":"https:\/\/olliesport.click.si\/trgovina\/uncategorized\/sidas-nogavice-run-anat-white-35-38-323356201\/"},"modified":"2026-04-17T00:58:36","modified_gmt":"2026-04-16T22:58:36","slug":"sidas-nogavice-run-anat-white-35-38-323356201","status":"publish","type":"product","link":"https:\/\/olliesport.com\/en\/trgovina\/tek-in-hoja\/dodatki-za-tek-in-hojo\/tekaske-nogavice\/sidas-nogavice-run-anat-white-35-38-323356201\/","title":{"rendered":"SIDAS RUN ANATOMIC ANKLE"},"content":{"rendered":"<p data-start=\"0\" data-end=\"217\">Nogavice <strong data-start=\"9\" data-end=\"31\">Run Anatomic Ankle<\/strong> so na\u0161e najtanj\u0161e in najla\u017eje teka\u0161ke nogavice. Dose\u017eejo vi\u0161ino gle\u017enja in se zlahka prilegajo stopalu zahvaljujo\u010d zati\u010du na zadnji strani, hkrati pa nudijo dobro oporo okoli gle\u017enja.<\/p>\n<p data-start=\"219\" data-end=\"408\">Nogavice imajo tehni\u010dno zasnovo, v sprednjem delu pa se nahaja <strong data-start=\"282\" data-end=\"300\">oprijemni trak<\/strong>, ki prepre\u010duje drsenje v \u010devljih in ohranja stopalo na mestu na vlo\u017eku, za bolj\u0161o povezanost s podplatom.<\/p>\n<p data-start=\"410\" data-end=\"609\">Thanks to <strong data-start=\"422\" data-end=\"460\">anatomski in tehni\u010dni konstrukciji<\/strong> (za levo in desno stopalo) ter srednji napetosti tkanine, nogavice nudijo odli\u010dno prileganje, medtem ko mre\u017easti deli zagotavljajo dobro zra\u010dnost.<\/p>\n<p data-start=\"611\" data-end=\"637\"><strong data-start=\"611\" data-end=\"635\">TEHNI\u010cNE ZNA\u010cILNOSTI<\/strong><\/p>\n<ul data-start=\"638\" data-end=\"868\">\n<li data-start=\"638\" data-end=\"676\">\n<p data-start=\"640\" data-end=\"676\"><strong data-start=\"640\" data-end=\"655\">\u201cPull-out\u201d:<\/strong> popolno prileganje<\/p>\n<\/li>\n<li data-start=\"677\" data-end=\"700\">\n<p data-start=\"679\" data-end=\"700\"><strong data-start=\"679\" data-end=\"698\">Podpora gle\u017enja<\/strong><\/p>\n<\/li>\n<li data-start=\"701\" data-end=\"756\">\n<p data-start=\"703\" data-end=\"756\"><strong data-start=\"703\" data-end=\"727\">Prilagojeno stopalu:<\/strong> srednja napetost pletenine<\/p>\n<\/li>\n<li data-start=\"757\" data-end=\"801\">\n<p data-start=\"759\" data-end=\"801\"><strong data-start=\"759\" data-end=\"780\">1 oprijemni trak:<\/strong> prepre\u010duje drsenje<\/p>\n<\/li>\n<li data-start=\"802\" data-end=\"834\">\n<p data-start=\"804\" data-end=\"834\"><strong data-start=\"804\" data-end=\"814\">Zanke:<\/strong> za dodatno udobje<\/p>\n<\/li>\n<li data-start=\"835\" data-end=\"868\">\n<p data-start=\"837\" data-end=\"868\"><strong data-start=\"837\" data-end=\"857\">Odpiranje mre\u017ee:<\/strong> zra\u010dnost<\/p>\n<\/li>\n<\/ul>\n<p data-start=\"870\" data-end=\"915\" data-is-last-node=\"\" data-is-only-node=\"\"><strong data-start=\"870\" data-end=\"915\" data-is-last-node=\"\">Oblikovano v Franciji \/ izdelano v Evropi<\/strong><\/p>","protected":false},"excerpt":{"rendered":"<p>Nogavice <strong data-start=\"9\" data-end=\"31\">Run Anatomic Ankle<\/strong> so na\u0161e najtanj\u0161e in najla\u017eje teka\u0161ke nogavice. Dose\u017eejo vi\u0161ino gle\u017enja in se zlahka prilegajo stopalu zahvaljujo\u010d zati\u010du na zadnji strani, hkrati pa nudijo dobro oporo okoli gle\u017enja.<\/p>","protected":false},"featured_media":4369,"comment_status":"open","ping_status":"closed","template":"","meta":{"_acf_changed":false,"inline_featured_image":false,"_monsterinsights_skip_tracking":false,"_monsterinsights_sitenote_active":false,"_monsterinsights_sitenote_note":"","_monsterinsights_sitenote_category":0},"product_brand":[36],"product_cat":[77,19,78],"product_tag":[],"class_list":{"0":"post-1971","1":"product","2":"type-product","3":"status-publish","4":"has-post-thumbnail","6":"product_brand-sidas","7":"product_cat-dodatki-za-tek-in-hojo","8":"product_cat-tek-in-hoja","9":"product_cat-tekaske-nogavice","11":"first","12":"instock","13":"taxable","14":"shipping-taxable","15":"purchasable","16":"product-type-variable"},"acf":[],"aioseo_notices":[],"_links":{"self":[{"href":"https:\/\/olliesport.com\/en\/wp-json\/wp\/v2\/product\/1971","targetHints":{"allow":["GET"]}}],"collection":[{"href":"https:\/\/olliesport.com\/en\/wp-json\/wp\/v2\/product"}],"about":[{"href":"https:\/\/olliesport.com\/en\/wp-json\/wp\/v2\/types\/product"}],"replies":[{"embeddable":true,"href":"https:\/\/olliesport.com\/en\/wp-json\/wp\/v2\/comments?post=1971"}],"wp:featuredmedia":[{"embeddable":true,"href":"https:\/\/olliesport.com\/en\/wp-json\/wp\/v2\/media\/4369"}],"wp:attachment":[{"href":"https:\/\/olliesport.com\/en\/wp-json\/wp\/v2\/media?parent=1971"}],"wp:term":[{"taxonomy":"product_brand","embeddable":true,"href":"https:\/\/olliesport.com\/en\/wp-json\/wp\/v2\/product_brand?post=1971"},{"taxonomy":"product_cat","embeddable":true,"href":"https:\/\/olliesport.com\/en\/wp-json\/wp\/v2\/product_cat?post=1971"},{"taxonomy":"product_tag","embeddable":true,"href":"https:\/\/olliesport.com\/en\/wp-json\/wp\/v2\/product_tag?post=1971"}],"curies":[{"name":"wp","href":"https:\/\/api.w.org\/{rel}","templated":true}]}}