{"id":1969,"date":"2025-10-29T14:53:28","date_gmt":"2025-10-29T13:53:28","guid":{"rendered":"https:\/\/olliesport.click.si\/trgovina\/uncategorized\/sidas-nogavice-run-anat-crlg-l-rose-35-36\/"},"modified":"2026-04-16T20:58:37","modified_gmt":"2026-04-16T18:58:37","slug":"sidas-nogavice-run-anat-crlg-l-rose-35-36","status":"publish","type":"product","link":"https:\/\/olliesport.com\/en\/trgovina\/tek-in-hoja\/dodatki-za-tek-in-hojo\/tekaske-nogavice\/sidas-nogavice-run-anat-crlg-l-rose-35-36\/","title":{"rendered":"SIDAS NOGAVICE RUN ANATOMIC LIGHT CREW"},"content":{"rendered":"<p data-start=\"0\" data-end=\"374\">Nogavice <strong data-start=\"9\" data-end=\"36\">Run Anatomic Light Crew<\/strong> so posebej zasnovane za tek, ob upo\u0161tevanju vseh prednosti, ki jih teka\u010di pri\u010dakujejo. Zahvaljujo\u010d konstrukciji <strong data-start=\"149\" data-end=\"161\">In &amp; Out<\/strong> (brez odrezanih niti) in anatomski obliki nudijo <strong data-start=\"211\" data-end=\"229\">exceptional comfort<\/strong>. Zra\u010dni mre\u017easti del na vrhu stopala zagotavlja <strong data-start=\"278\" data-end=\"300\">optimalno zra\u010dnost<\/strong>, medtem ko oporna cona pri gle\u017enju izbolj\u0161uje <strong data-start=\"347\" data-end=\"361\">stabilnost<\/strong> med tekom.<\/p>\n<p data-start=\"376\" data-end=\"650\">Lahka oja\u010ditev v predelu prstov nudi <strong data-start=\"413\" data-end=\"432\">dodatno za\u0161\u010dito<\/strong> and <strong data-start=\"436\" data-end=\"450\">ve\u010d udobja<\/strong>. Srednja napetost tkanine zagotavlja <strong data-start=\"488\" data-end=\"510\">popolno prileganje<\/strong> skozi celotno aktivnost. Z izjemno nizko te\u017eo <strong data-start=\"557\" data-end=\"565\">30 g<\/strong> spadajo med najla\u017eje nogavice v na\u0161i ponudbi, kar ustvarja ob\u010dutek <strong data-start=\"633\" data-end=\"647\">druge ko\u017ee<\/strong>.<\/p>\n<p data-start=\"652\" data-end=\"817\">Skratka, te nogavice zdru\u017eujejo <strong data-start=\"684\" data-end=\"717\">lahkotnost, zra\u010dnost in oporo<\/strong>, kar jih naredi popolno izbiro za teka\u010de, ki \u017eelijo <strong data-start=\"770\" data-end=\"804\">vrhunsko zmogljivost in udobje<\/strong> med tekom.<\/p>\n<p data-start=\"819\" data-end=\"845\"><strong data-start=\"819\" data-end=\"843\">Technical characteristics<\/strong><\/p>\n<ul data-start=\"846\" data-end=\"1167\">\n<li data-start=\"846\" data-end=\"910\">\n<p data-start=\"848\" data-end=\"910\"><strong data-start=\"848\" data-end=\"874\">In &amp; Out konstrukcija:<\/strong> ve\u010dje udobje brez odrezanih niti.<\/p>\n<\/li>\n<li data-start=\"911\" data-end=\"977\">\n<p data-start=\"913\" data-end=\"977\"><strong data-start=\"913\" data-end=\"933\">Podpora gle\u017enja:<\/strong> oporni trak za varen in stabilen oprijem.<\/p>\n<\/li>\n<li data-start=\"978\" data-end=\"1045\">\n<p data-start=\"980\" data-end=\"1045\"><strong data-start=\"980\" data-end=\"1014\">Prezra\u010devanje na vrhu stopala:<\/strong> zagotavlja odli\u010dno zra\u010dnost.<\/p>\n<\/li>\n<li data-start=\"1046\" data-end=\"1084\">\n<p data-start=\"1048\" data-end=\"1084\"><strong data-start=\"1048\" data-end=\"1060\">Lahkost:<\/strong> tehtajo le 30 gramov.<\/p>\n<\/li>\n<li data-start=\"1085\" data-end=\"1167\">\n<p data-start=\"1087\" data-end=\"1167\"><strong data-start=\"1087\" data-end=\"1123\">Lahka oja\u010ditev v predelu prstov:<\/strong> nudi za\u0161\u010dito pred udarci, a ostaja lahka.<\/p>\n<\/li>\n<\/ul>\n<p data-start=\"1169\" data-end=\"1214\" data-is-last-node=\"\" data-is-only-node=\"\"><strong data-start=\"1169\" data-end=\"1214\" data-is-last-node=\"\">Oblikovano v Franciji \/ izdelano v Evropi<\/strong><\/p>","protected":false},"excerpt":{"rendered":"<p>Nogavice <strong data-start=\"9\" data-end=\"36\">Run Anatomic Light Crew<\/strong> so posebej zasnovane za tek, ob upo\u0161tevanju vseh prednosti, ki jih teka\u010di pri\u010dakujejo. Zahvaljujo\u010d konstrukciji <strong data-start=\"149\" data-end=\"161\">In &amp; Out<\/strong> (brez odrezanih niti) in anatomski obliki nudijo <strong data-start=\"211\" data-end=\"229\">exceptional comfort<\/strong>. Zra\u010dni mre\u017easti del na vrhu stopala zagotavlja <strong data-start=\"278\" data-end=\"300\">optimalno zra\u010dnost<\/strong>, medtem ko oporna cona pri gle\u017enju izbolj\u0161uje <strong data-start=\"347\" data-end=\"361\">stabilnost<\/strong> med tekom.<\/p>","protected":false},"featured_media":4357,"comment_status":"open","ping_status":"closed","template":"","meta":{"_acf_changed":false,"inline_featured_image":false,"_monsterinsights_skip_tracking":false,"_monsterinsights_sitenote_active":false,"_monsterinsights_sitenote_note":"","_monsterinsights_sitenote_category":0},"product_brand":[36],"product_cat":[77,19,78],"product_tag":[],"class_list":{"0":"post-1969","1":"product","2":"type-product","3":"status-publish","4":"has-post-thumbnail","6":"product_brand-sidas","7":"product_cat-dodatki-za-tek-in-hojo","8":"product_cat-tek-in-hoja","9":"product_cat-tekaske-nogavice","11":"first","12":"instock","13":"taxable","14":"shipping-taxable","15":"purchasable","16":"product-type-variable"},"acf":[],"aioseo_notices":[],"_links":{"self":[{"href":"https:\/\/olliesport.com\/en\/wp-json\/wp\/v2\/product\/1969","targetHints":{"allow":["GET"]}}],"collection":[{"href":"https:\/\/olliesport.com\/en\/wp-json\/wp\/v2\/product"}],"about":[{"href":"https:\/\/olliesport.com\/en\/wp-json\/wp\/v2\/types\/product"}],"replies":[{"embeddable":true,"href":"https:\/\/olliesport.com\/en\/wp-json\/wp\/v2\/comments?post=1969"}],"wp:featuredmedia":[{"embeddable":true,"href":"https:\/\/olliesport.com\/en\/wp-json\/wp\/v2\/media\/4357"}],"wp:attachment":[{"href":"https:\/\/olliesport.com\/en\/wp-json\/wp\/v2\/media?parent=1969"}],"wp:term":[{"taxonomy":"product_brand","embeddable":true,"href":"https:\/\/olliesport.com\/en\/wp-json\/wp\/v2\/product_brand?post=1969"},{"taxonomy":"product_cat","embeddable":true,"href":"https:\/\/olliesport.com\/en\/wp-json\/wp\/v2\/product_cat?post=1969"},{"taxonomy":"product_tag","embeddable":true,"href":"https:\/\/olliesport.com\/en\/wp-json\/wp\/v2\/product_tag?post=1969"}],"curies":[{"name":"wp","href":"https:\/\/api.w.org\/{rel}","templated":true}]}}