{"id":1968,"date":"2025-10-29T14:53:28","date_gmt":"2025-10-29T13:53:28","guid":{"rendered":"https:\/\/olliesport.click.si\/trgovina\/uncategorized\/sidas-nogavice-run-anat-crewlg-blanc-noir-39-41\/"},"modified":"2026-04-16T20:58:37","modified_gmt":"2026-04-16T18:58:37","slug":"sidas-nogavice-run-anat-crewlg-blanc-noir-39-41","status":"publish","type":"product","link":"https:\/\/olliesport.com\/en\/trgovina\/tek-in-hoja\/dodatki-za-tek-in-hojo\/tekaske-nogavice\/sidas-nogavice-run-anat-crewlg-blanc-noir-39-41\/","title":{"rendered":"SIDAS NOGAVICE RUN ANATOMIC LIGHT CREW"},"content":{"rendered":"<p data-start=\"0\" data-end=\"387\">Nogavice <strong data-start=\"9\" data-end=\"36\">Run Anatomic Light Crew<\/strong> so zasnovane posebej za tek, z upo\u0161tevanjem vseh klju\u010dnih lastnosti, ki jih teka\u010di potrebujejo. Zahvaljujo\u010d konstrukciji <strong data-start=\"158\" data-end=\"170\">In &amp; Out<\/strong> (brez odrezanih niti) in anatomski obliki nudijo <strong data-start=\"220\" data-end=\"238\">exceptional comfort<\/strong>. Zra\u010dni mre\u017easti del na vrhu stopala omogo\u010da <strong data-start=\"284\" data-end=\"306\">optimalno zra\u010dnost<\/strong>, medtem ko oporna cona pri gle\u017enju pripomore k <strong data-start=\"354\" data-end=\"376\">bolj\u0161i stabilnosti<\/strong> med tekom.<\/p>\n<p data-start=\"389\" data-end=\"671\">Poleg tega lahka oja\u010ditev v predelu prstov nudi <strong data-start=\"437\" data-end=\"456\">dodatno za\u0161\u010dito<\/strong> and <strong data-start=\"460\" data-end=\"474\">ve\u010d udobja<\/strong>. Srednja napetost tkanine zagotavlja <strong data-start=\"512\" data-end=\"534\">popolno prileganje<\/strong> skozi celotno aktivnost. Z izjemno nizko te\u017eo <strong data-start=\"581\" data-end=\"589\">30 g<\/strong> sodijo med najla\u017eje nogavice v na\u0161i ponudbi in ustvarjajo ob\u010dutek <strong data-start=\"656\" data-end=\"670\">druge ko\u017ee<\/strong>.<\/p>\n<p data-start=\"673\" data-end=\"841\">Skratka, te nogavice zdru\u017eujejo <strong data-start=\"705\" data-end=\"738\">lahkotnost, zra\u010dnost in oporo<\/strong>, zato predstavljajo popolno re\u0161itev za teka\u010de, ki \u017eelijo <strong data-start=\"796\" data-end=\"830\">vrhunsko zmogljivost in udobje<\/strong> med tekom.<\/p>\n<p data-start=\"843\" data-end=\"869\"><strong data-start=\"843\" data-end=\"867\">Technical characteristics<\/strong><\/p>\n<ul data-start=\"870\" data-end=\"1197\">\n<li data-start=\"870\" data-end=\"934\">\n<p data-start=\"872\" data-end=\"934\"><strong data-start=\"872\" data-end=\"898\">In &amp; Out konstrukcija:<\/strong> ve\u010dje udobje brez odrezanih niti.<\/p>\n<\/li>\n<li data-start=\"935\" data-end=\"1001\">\n<p data-start=\"937\" data-end=\"1001\"><strong data-start=\"937\" data-end=\"957\">Podpora gle\u017enja:<\/strong> oporni trak za varen in stabilen oprijem.<\/p>\n<\/li>\n<li data-start=\"1002\" data-end=\"1069\">\n<p data-start=\"1004\" data-end=\"1069\"><strong data-start=\"1004\" data-end=\"1038\">Prezra\u010devanje na vrhu stopala:<\/strong> zagotavlja odli\u010dno zra\u010dnost.<\/p>\n<\/li>\n<li data-start=\"1070\" data-end=\"1108\">\n<p data-start=\"1072\" data-end=\"1108\"><strong data-start=\"1072\" data-end=\"1084\">Lahkost:<\/strong> tehtajo le 30 gramov.<\/p>\n<\/li>\n<li data-start=\"1109\" data-end=\"1197\">\n<p data-start=\"1111\" data-end=\"1197\"><strong data-start=\"1111\" data-end=\"1145\">Lahka oja\u010ditev v prstnem delu:<\/strong> nudi za\u0161\u010dito pred udarci in ostaja izjemno lahka.<\/p>\n<\/li>\n<\/ul>\n<p data-start=\"1199\" data-end=\"1244\" data-is-last-node=\"\" data-is-only-node=\"\"><strong data-start=\"1199\" data-end=\"1244\" data-is-last-node=\"\">Oblikovano v Franciji \/ izdelano v Evropi<\/strong><\/p>","protected":false},"excerpt":{"rendered":"<p>Nogavice <strong data-start=\"9\" data-end=\"36\">Run Anatomic Light Crew<\/strong> so zasnovane posebej za tek, z upo\u0161tevanjem vseh klju\u010dnih lastnosti, ki jih teka\u010di potrebujejo. Zahvaljujo\u010d konstrukciji <strong data-start=\"158\" data-end=\"170\">In &amp; Out<\/strong> (brez odrezanih niti) in anatomski obliki nudijo <strong data-start=\"220\" data-end=\"238\">exceptional comfort<\/strong>. Zra\u010dni mre\u017easti del na vrhu stopala omogo\u010da <strong data-start=\"284\" data-end=\"306\">optimalno zra\u010dnost<\/strong>, medtem ko oporna cona pri gle\u017enju pripomore k <strong data-start=\"354\" data-end=\"376\">bolj\u0161i stabilnosti<\/strong> med tekom<\/p>","protected":false},"featured_media":4347,"comment_status":"open","ping_status":"closed","template":"","meta":{"_acf_changed":false,"inline_featured_image":false,"_monsterinsights_skip_tracking":false,"_monsterinsights_sitenote_active":false,"_monsterinsights_sitenote_note":"","_monsterinsights_sitenote_category":0},"product_brand":[36],"product_cat":[77,19,78],"product_tag":[],"class_list":{"0":"post-1968","1":"product","2":"type-product","3":"status-publish","4":"has-post-thumbnail","6":"product_brand-sidas","7":"product_cat-dodatki-za-tek-in-hojo","8":"product_cat-tek-in-hoja","9":"product_cat-tekaske-nogavice","11":"first","12":"instock","13":"taxable","14":"shipping-taxable","15":"purchasable","16":"product-type-variable"},"acf":[],"aioseo_notices":[],"_links":{"self":[{"href":"https:\/\/olliesport.com\/en\/wp-json\/wp\/v2\/product\/1968","targetHints":{"allow":["GET"]}}],"collection":[{"href":"https:\/\/olliesport.com\/en\/wp-json\/wp\/v2\/product"}],"about":[{"href":"https:\/\/olliesport.com\/en\/wp-json\/wp\/v2\/types\/product"}],"replies":[{"embeddable":true,"href":"https:\/\/olliesport.com\/en\/wp-json\/wp\/v2\/comments?post=1968"}],"wp:featuredmedia":[{"embeddable":true,"href":"https:\/\/olliesport.com\/en\/wp-json\/wp\/v2\/media\/4347"}],"wp:attachment":[{"href":"https:\/\/olliesport.com\/en\/wp-json\/wp\/v2\/media?parent=1968"}],"wp:term":[{"taxonomy":"product_brand","embeddable":true,"href":"https:\/\/olliesport.com\/en\/wp-json\/wp\/v2\/product_brand?post=1968"},{"taxonomy":"product_cat","embeddable":true,"href":"https:\/\/olliesport.com\/en\/wp-json\/wp\/v2\/product_cat?post=1968"},{"taxonomy":"product_tag","embeddable":true,"href":"https:\/\/olliesport.com\/en\/wp-json\/wp\/v2\/product_tag?post=1968"}],"curies":[{"name":"wp","href":"https:\/\/api.w.org\/{rel}","templated":true}]}}