{"id":1966,"date":"2025-10-29T14:53:28","date_gmt":"2025-10-29T13:53:28","guid":{"rendered":"https:\/\/olliesport.click.si\/trgovina\/uncategorized\/sidas-nogavice-run-anat-ank-lg-noir-39-41\/"},"modified":"2026-04-16T20:58:37","modified_gmt":"2026-04-16T18:58:37","slug":"sidas-nogavice-run-anat-ank-lg-noir-39-41","status":"publish","type":"product","link":"https:\/\/olliesport.com\/en\/trgovina\/tek-in-hoja\/dodatki-za-tek-in-hojo\/tekaske-nogavice\/sidas-nogavice-run-anat-ank-lg-noir-39-41\/","title":{"rendered":"SIDAS NOGAVICE RUN ANATOMIC LIGHT ANKLE"},"content":{"rendered":"<p data-start=\"0\" data-end=\"356\">Nogavice Run Anatomic Light Ankle so zasnovane posebej za tek, z upo\u0161tevanjem vseh klju\u010dnih prednosti, ki jih teka\u010di potrebujejo. Zahvaljujo\u010d konstrukciji In &amp; Out (brez odrezanih niti) in anatomski zasnovi nudijo izjemno udobje. Zra\u010dni mre\u017easti del na vrhu stopala zagotavlja optimalno zra\u010dnost, oporna cona pri gle\u017enju pa izbolj\u0161uje stabilnost med tekom.<\/p>\n<p data-start=\"358\" data-end=\"615\">Poleg tega lahka oja\u010ditev v predelu prstov nudi dodatno za\u0161\u010dito in \u0161e ve\u010d udobja. Srednja napetost tkanine zagotavlja popolno prileganje skozi celotno aktivnost. Z izjemno nizko te\u017eo 25 g so ene najla\u017ejih nogavic v na\u0161i ponudbi in dajejo ob\u010dutek druge ko\u017ee.<\/p>\n<p data-start=\"617\" data-end=\"777\">Skratka, te nogavice zdru\u017eujejo lahkotnost, zra\u010dnost in oporo, zato predstavljajo popolno re\u0161itev za teka\u010de, ki \u017eelijo vrhunsko zmogljivost in udobje med tekom.<\/p>\n<p data-start=\"779\" data-end=\"805\"><strong data-start=\"779\" data-end=\"803\">Technical characteristics<\/strong><\/p>\n<ul data-start=\"806\" data-end=\"1173\" data-is-last-node=\"\" data-is-only-node=\"\">\n<li data-start=\"806\" data-end=\"870\">\n<p data-start=\"808\" data-end=\"870\"><strong data-start=\"808\" data-end=\"834\">In &amp; Out konstrukcija:<\/strong> ve\u010dje udobje brez odrezanih niti.<\/p>\n<\/li>\n<li data-start=\"871\" data-end=\"937\">\n<p data-start=\"873\" data-end=\"937\"><strong data-start=\"873\" data-end=\"893\">Podpora gle\u017enja:<\/strong> oporni trak za varen in stabilen oprijem.<\/p>\n<\/li>\n<li data-start=\"938\" data-end=\"997\">\n<p data-start=\"940\" data-end=\"997\"><strong data-start=\"940\" data-end=\"974\">Prezra\u010devanje na vrhu stopala:<\/strong> za odli\u010dno zra\u010dnost.<\/p>\n<\/li>\n<li data-start=\"998\" data-end=\"1036\">\n<p data-start=\"1000\" data-end=\"1036\"><strong data-start=\"1000\" data-end=\"1012\">Lahkost:<\/strong> tehtajo le 25 gramov.<\/p>\n<\/li>\n<li data-start=\"1037\" data-end=\"1125\">\n<p data-start=\"1039\" data-end=\"1125\"><strong data-start=\"1039\" data-end=\"1073\">Lahka oja\u010ditev v prstnem delu:<\/strong> nudi za\u0161\u010dito pred udarci in ostaja izjemno lahka.<\/p>\n<\/li>\n<li data-start=\"1126\" data-end=\"1173\" data-is-last-node=\"\">\n<p data-start=\"1128\" data-end=\"1173\" data-is-last-node=\"\"><strong data-start=\"1128\" data-end=\"1173\" data-is-last-node=\"\">Oblikovano v Franciji \/ izdelano v Evropi<\/strong><\/p>\n<\/li>\n<\/ul>","protected":false},"excerpt":{"rendered":"<p>Nogavice Run Anatomic Light Ankle so zasnovane posebej za tek, z upo\u0161tevanjem vseh klju\u010dnih prednosti, ki jih teka\u010di potrebujejo. Zahvaljujo\u010d konstrukciji In &amp; Out (brez odrezanih niti) in anatomski zasnovi nudijo izjemno udobje. Zra\u010dni mre\u017easti del na vrhu stopala zagotavlja optimalno zra\u010dnost, oporna cona pri gle\u017enju pa izbolj\u0161uje stabilnost med tekom.<\/p>","protected":false},"featured_media":4337,"comment_status":"open","ping_status":"closed","template":"","meta":{"_acf_changed":false,"inline_featured_image":false,"_monsterinsights_skip_tracking":false,"_monsterinsights_sitenote_active":false,"_monsterinsights_sitenote_note":"","_monsterinsights_sitenote_category":0},"product_brand":[36],"product_cat":[77,19,78],"product_tag":[],"class_list":{"0":"post-1966","1":"product","2":"type-product","3":"status-publish","4":"has-post-thumbnail","6":"product_brand-sidas","7":"product_cat-dodatki-za-tek-in-hojo","8":"product_cat-tek-in-hoja","9":"product_cat-tekaske-nogavice","11":"first","12":"instock","13":"taxable","14":"shipping-taxable","15":"purchasable","16":"product-type-variable"},"acf":[],"aioseo_notices":[],"_links":{"self":[{"href":"https:\/\/olliesport.com\/en\/wp-json\/wp\/v2\/product\/1966","targetHints":{"allow":["GET"]}}],"collection":[{"href":"https:\/\/olliesport.com\/en\/wp-json\/wp\/v2\/product"}],"about":[{"href":"https:\/\/olliesport.com\/en\/wp-json\/wp\/v2\/types\/product"}],"replies":[{"embeddable":true,"href":"https:\/\/olliesport.com\/en\/wp-json\/wp\/v2\/comments?post=1966"}],"wp:featuredmedia":[{"embeddable":true,"href":"https:\/\/olliesport.com\/en\/wp-json\/wp\/v2\/media\/4337"}],"wp:attachment":[{"href":"https:\/\/olliesport.com\/en\/wp-json\/wp\/v2\/media?parent=1966"}],"wp:term":[{"taxonomy":"product_brand","embeddable":true,"href":"https:\/\/olliesport.com\/en\/wp-json\/wp\/v2\/product_brand?post=1966"},{"taxonomy":"product_cat","embeddable":true,"href":"https:\/\/olliesport.com\/en\/wp-json\/wp\/v2\/product_cat?post=1966"},{"taxonomy":"product_tag","embeddable":true,"href":"https:\/\/olliesport.com\/en\/wp-json\/wp\/v2\/product_tag?post=1966"}],"curies":[{"name":"wp","href":"https:\/\/api.w.org\/{rel}","templated":true}]}}