{"id":1952,"date":"2025-10-29T14:53:26","date_gmt":"2025-10-29T13:53:26","guid":{"rendered":"https:\/\/olliesport.click.si\/trgovina\/uncategorized\/sidas-nogavice-double-trail-nr-noir-turquoise-l4243\/"},"modified":"2026-04-16T20:58:37","modified_gmt":"2026-04-16T18:58:37","slug":"sidas-nogavice-double-trail-nr-noir-turquoise-l4243","status":"publish","type":"product","link":"https:\/\/olliesport.com\/en\/trgovina\/tek-in-hoja\/dodatki-za-tek-in-hojo\/tekaske-nogavice\/sidas-nogavice-double-trail-nr-noir-turquoise-l4243\/","title":{"rendered":"SIDAS NOGAVICE DOUBLE TRAIL"},"content":{"rendered":"<p data-start=\"0\" data-end=\"298\">Dvojna zasnova za vrhunsko udobje<br data-start=\"33\" data-end=\"36\" \/>Trail teka\u010di so pogosto izpostavljeni \u017euljem zaradi dolgih razdalj, mokrih poti in raznolikih podlag. Zato smo v sodelovanju z na\u0161imi \u0161portniki razvili tehni\u010dno trail nogavico z dvojno zasnovo, ki omogo\u010da, da se trenje pojavi med plastema nogavic, ne pa na ko\u017ei.<\/p>\n<p data-start=\"300\" data-end=\"605\">Nogavice vklju\u010dujejo vse inovacije, ki jih pri\u010dakujejo trail teka\u010di. Anatomska zasnova za levo in desno stopalo v kombinaciji s tehnologijo In &amp; Out (brez odrezanih niti) omogo\u010da popolno prileganje in vrhunsko udobje. Polygiene vlakna in zra\u010dni mre\u017easti deli pod stopalom ohranjajo stopala hladna in suha.<\/p>\n<p data-start=\"607\" data-end=\"756\">Poleg tega strate\u0161ko name\u0161\u010dena za\u0161\u010ditna obmo\u010dja okoli gle\u017enja, pete in prstov zagotavljajo dodatno za\u0161\u010dito pred udarci ter ponujajo optimalno udobje.<\/p>\n<p data-start=\"758\" data-end=\"1003\">Oporna cona okoli gle\u017enja zagotavlja varen in stabilen teka\u0161ki korak, \u0161irok oprijemni trak pa izbolj\u0161a prileganje, medtem ko odsevni trak poskrbi za odli\u010dno vidnost tudi pono\u010di. Za dodatno udobje so bila dodana tudi za\u0161\u010ditna obmo\u010dja na gle\u017enjih.<\/p>\n<p data-start=\"1005\" data-end=\"1031\"><strong data-start=\"1005\" data-end=\"1029\">Technical characteristics<\/strong><\/p>\n<ul data-start=\"1032\" data-end=\"1634\" data-is-last-node=\"\" data-is-only-node=\"\">\n<li data-start=\"1032\" data-end=\"1096\">\n<p data-start=\"1034\" data-end=\"1096\"><strong data-start=\"1034\" data-end=\"1060\">In &amp; Out konstrukcija:<\/strong> ve\u010dje udobje brez odrezanih niti.<\/p>\n<\/li>\n<li data-start=\"1097\" data-end=\"1170\">\n<p data-start=\"1099\" data-end=\"1170\"><strong data-start=\"1099\" data-end=\"1118\">Dvojna zasnova:<\/strong> zmanj\u0161uje tveganje za \u017eulje in omejuje drgnjenje.<\/p>\n<\/li>\n<li data-start=\"1171\" data-end=\"1237\">\n<p data-start=\"1173\" data-end=\"1237\"><strong data-start=\"1173\" data-end=\"1193\">Podpora gle\u017enja:<\/strong> oporni trak za varen in stabilen oprijem.<\/p>\n<\/li>\n<li data-start=\"1238\" data-end=\"1298\">\n<p data-start=\"1240\" data-end=\"1298\"><strong data-start=\"1240\" data-end=\"1261\">Za\u0161\u010ditna obmo\u010dja:<\/strong> na gle\u017enjih, prstnem delu in peti.<\/p>\n<\/li>\n<li data-start=\"1299\" data-end=\"1365\">\n<p data-start=\"1301\" data-end=\"1365\"><strong data-start=\"1301\" data-end=\"1326\">Zra\u010dni mre\u017easti deli:<\/strong> maksimalno zra\u010denje za suha stopala.<\/p>\n<\/li>\n<li data-start=\"1366\" data-end=\"1452\">\n<p data-start=\"1368\" data-end=\"1452\"><strong data-start=\"1368\" data-end=\"1393\">\u0160irok oprijemni trak:<\/strong> izbolj\u0161a oprijem in sinergijo med nogavico in podplatom.<\/p>\n<\/li>\n<li data-start=\"1453\" data-end=\"1536\">\n<p data-start=\"1455\" data-end=\"1536\"><strong data-start=\"1455\" data-end=\"1477\">Upravljanje vonja:<\/strong> StayFresh\u2122 Polygiene tehnologija za dolgotrajno sve\u017eino.<\/p>\n<\/li>\n<li data-start=\"1537\" data-end=\"1586\">\n<p data-start=\"1539\" data-end=\"1586\"><strong data-start=\"1539\" data-end=\"1556\">Odsevni trak:<\/strong> bolj\u0161a vidnost tudi v temi.<\/p>\n<\/li>\n<li data-start=\"1587\" data-end=\"1634\" data-is-last-node=\"\">\n<p data-start=\"1589\" data-end=\"1634\" data-is-last-node=\"\"><strong data-start=\"1589\" data-end=\"1634\" data-is-last-node=\"\">Oblikovano v Franciji \/ izdelano v Evropi<\/strong><\/p>\n<\/li>\n<\/ul>","protected":false},"excerpt":{"rendered":"<p>Dvojna zasnova za vrhunsko udobje<br data-start=\"33\" data-end=\"36\" \/>Trail teka\u010di so pogosto izpostavljeni \u017euljem zaradi dolgih razdalj, mokrih poti in raznolikih podlag. Zato smo v sodelovanju z na\u0161imi \u0161portniki razvili tehni\u010dno trail nogavico z dvojno zasnovo, ki omogo\u010da, da se trenje pojavi med plastema nogavic, ne pa na ko\u017ei.<\/p>","protected":false},"featured_media":4318,"comment_status":"open","ping_status":"closed","template":"","meta":{"_acf_changed":false,"inline_featured_image":false,"_monsterinsights_skip_tracking":false,"_monsterinsights_sitenote_active":false,"_monsterinsights_sitenote_note":"","_monsterinsights_sitenote_category":0},"product_brand":[36],"product_cat":[77,19,78],"product_tag":[],"class_list":{"0":"post-1952","1":"product","2":"type-product","3":"status-publish","4":"has-post-thumbnail","6":"product_brand-sidas","7":"product_cat-dodatki-za-tek-in-hojo","8":"product_cat-tek-in-hoja","9":"product_cat-tekaske-nogavice","11":"first","12":"instock","13":"taxable","14":"shipping-taxable","15":"purchasable","16":"product-type-variable"},"acf":[],"aioseo_notices":[],"_links":{"self":[{"href":"https:\/\/olliesport.com\/en\/wp-json\/wp\/v2\/product\/1952","targetHints":{"allow":["GET"]}}],"collection":[{"href":"https:\/\/olliesport.com\/en\/wp-json\/wp\/v2\/product"}],"about":[{"href":"https:\/\/olliesport.com\/en\/wp-json\/wp\/v2\/types\/product"}],"replies":[{"embeddable":true,"href":"https:\/\/olliesport.com\/en\/wp-json\/wp\/v2\/comments?post=1952"}],"wp:featuredmedia":[{"embeddable":true,"href":"https:\/\/olliesport.com\/en\/wp-json\/wp\/v2\/media\/4318"}],"wp:attachment":[{"href":"https:\/\/olliesport.com\/en\/wp-json\/wp\/v2\/media?parent=1952"}],"wp:term":[{"taxonomy":"product_brand","embeddable":true,"href":"https:\/\/olliesport.com\/en\/wp-json\/wp\/v2\/product_brand?post=1952"},{"taxonomy":"product_cat","embeddable":true,"href":"https:\/\/olliesport.com\/en\/wp-json\/wp\/v2\/product_cat?post=1952"},{"taxonomy":"product_tag","embeddable":true,"href":"https:\/\/olliesport.com\/en\/wp-json\/wp\/v2\/product_tag?post=1952"}],"curies":[{"name":"wp","href":"https:\/\/api.w.org\/{rel}","templated":true}]}}