{"id":1948,"date":"2025-10-29T14:53:26","date_gmt":"2025-10-29T13:53:26","guid":{"rendered":"https:\/\/olliesport.click.si\/trgovina\/uncategorized\/sidas-nogavice-ski-touring-nr-ros-ml-324537204\/"},"modified":"2026-04-17T00:58:35","modified_gmt":"2026-04-16T22:58:35","slug":"sidas-nogavice-ski-touring-nr-ros","status":"publish","type":"product","link":"https:\/\/olliesport.com\/en\/trgovina\/smucanje\/dodatki-za-smucanje\/smucarske-nogavice\/sidas-nogavice-ski-touring-nr-ros\/","title":{"rendered":"SIDAS NOGAVICE SKI TOURING Nr\/Ros"},"content":{"rendered":"<p><strong>Ski Touring \u2013 visokozmogljive nogavice za turno smuko<\/strong><\/p>\n<p><strong>Ski Touring nogavice<\/strong> so zasnovane za optimalno odvajanje vlage med turnimi smu\u010darskimi podvigi, hkrati pa zmanj\u0161ujejo tveganje za nastanek \u017euljev. <strong>Proti-zdrsni silikonski trak nad gle\u017enjem<\/strong> izbolj\u0161a oprijem in deluje kot za\u0161\u010dita druge ko\u017ee, saj zmanj\u0161a trenje in premikanje nogavice med hojo.<\/p>\n<p>Na predelu sprednjega dela stopala je tkanina pletena v ve\u010djo mre\u017eo, kar omogo\u010da bolj\u0161e odvajanje vlage in s tem vrhunsko <strong>zra\u010dnost<\/strong> \u2013 va\u0161a stopala ostanejo suha in topla tudi med intenzivnimi vzponi.<\/p>\n<p>Izdelane so iz <strong>organske merino volne<\/strong> and <strong>recikliranega poliamida<\/strong>, zato so prijazne tako do okolja kot do va\u0161ih stopal.<\/p>\n<p>Te nogavice ponujajo izjemno <strong>natan\u010dnost<\/strong>, ki jo omogo\u010dajo napredna tehnika pletenja, skrbno izbrana debelina in optimalna napetost materiala. Pletene so z <strong>200 iglami<\/strong>, kar je ena najvi\u0161jih lo\u010dljivosti pri izdelavi nogavic, brez notranjih rezov niti (<strong>In &amp; Out konstrukcija<\/strong>). Imajo mo\u010dno napetost za popolno prileganje stopalu in me\u010dem, hkrati pa ostajajo izjemno tanke za bolj\u0161i stik s \u010devljem \u2013 brez izgube udobja.<\/p>\n<p><strong>Silikonski trak na podplatu<\/strong> zagotavlja oprijem z vlo\u017ekom in smu\u010darskim \u010devljem, kar pove\u010da stabilnost, preciznost in prenos energije med gibanjem. <strong>Merino volna<\/strong> poskrbi za toploto in odvajanje vlage ter s tem zagotavlja maksimalno <strong>zra\u010dnost<\/strong>.<\/p>\n<p><strong>TEHNI\u010cNE LASTNOSTI<\/strong><\/p>\n<ul>\n<li>In &amp; Out konstrukcija<\/li>\n<li>Izdelava iz recikliranih vlaken<\/li>\n<li>Pletene z 200 iglami \u2013 visoka definicija<\/li>\n<li>Ciljna za\u0161\u010dita ob\u010dutljivih con stopala<\/li>\n<li>Zra\u010dnost na spodnjem delu stopala<\/li>\n<li>Toplota \u2022 Preciznost \u2022 Proti \u017euljem \u2022 Merino volna<\/li>\n<li><strong>Synergyfit tehnologija<\/strong> \u2013 popolno prileganje brez drsenja<\/li>\n<\/ul>\n<p>&nbsp;<\/p>","protected":false},"excerpt":{"rendered":"<p><strong>TEHNI\u010cNE LASTNOSTI<\/strong><\/p>\n<ul>\n<li>In &amp; Out konstrukcija<\/li>\n<li>Izdelava iz recikliranih vlaken<\/li>\n<li>Pletene z 200 iglami \u2013 visoka definicija<\/li>\n<li>Ciljna za\u0161\u010dita ob\u010dutljivih con stopala<\/li>\n<li>Zra\u010dnost na spodnjem delu stopala<\/li>\n<li>Toplota \u2022 Preciznost \u2022 Proti \u017euljem \u2022 Merino volna<\/li>\n<li><strong>Synergyfit tehnologija<\/strong> \u2013 popolno prileganje brez drsenja<\/li>\n<\/ul>","protected":false},"featured_media":3208,"comment_status":"open","ping_status":"closed","template":"","meta":{"_acf_changed":false,"inline_featured_image":false,"_monsterinsights_skip_tracking":false,"_monsterinsights_sitenote_active":false,"_monsterinsights_sitenote_note":"","_monsterinsights_sitenote_category":0},"product_brand":[36],"product_cat":[124,21,91],"product_tag":[],"class_list":{"0":"post-1948","1":"product","2":"type-product","3":"status-publish","4":"has-post-thumbnail","6":"product_brand-sidas","7":"product_cat-dodatki-za-smucanje","8":"product_cat-smucanje","9":"product_cat-smucarske-nogavice","11":"first","12":"instock","13":"taxable","14":"shipping-taxable","15":"purchasable","16":"product-type-variable"},"acf":[],"aioseo_notices":[],"_links":{"self":[{"href":"https:\/\/olliesport.com\/en\/wp-json\/wp\/v2\/product\/1948","targetHints":{"allow":["GET"]}}],"collection":[{"href":"https:\/\/olliesport.com\/en\/wp-json\/wp\/v2\/product"}],"about":[{"href":"https:\/\/olliesport.com\/en\/wp-json\/wp\/v2\/types\/product"}],"replies":[{"embeddable":true,"href":"https:\/\/olliesport.com\/en\/wp-json\/wp\/v2\/comments?post=1948"}],"wp:featuredmedia":[{"embeddable":true,"href":"https:\/\/olliesport.com\/en\/wp-json\/wp\/v2\/media\/3208"}],"wp:attachment":[{"href":"https:\/\/olliesport.com\/en\/wp-json\/wp\/v2\/media?parent=1948"}],"wp:term":[{"taxonomy":"product_brand","embeddable":true,"href":"https:\/\/olliesport.com\/en\/wp-json\/wp\/v2\/product_brand?post=1948"},{"taxonomy":"product_cat","embeddable":true,"href":"https:\/\/olliesport.com\/en\/wp-json\/wp\/v2\/product_cat?post=1948"},{"taxonomy":"product_tag","embeddable":true,"href":"https:\/\/olliesport.com\/en\/wp-json\/wp\/v2\/product_tag?post=1948"}],"curies":[{"name":"wp","href":"https:\/\/api.w.org\/{rel}","templated":true}]}}