{"id":1782,"date":"2025-10-29T14:53:02","date_gmt":"2025-10-29T13:53:02","guid":{"rendered":"https:\/\/olliesport.click.si\/trgovina\/uncategorized\/my-celada-vandal-552-pink-purple-xs-s\/"},"modified":"2026-04-16T21:58:45","modified_gmt":"2026-04-16T19:58:45","slug":"my-celada-vandal-552-pink-purple-xs-s","status":"publish","type":"product","link":"https:\/\/olliesport.com\/en\/trgovina\/wake\/celade-za-wake\/my-celada-vandal-552-pink-purple-xs-s\/","title":{"rendered":"My.\u010celada VANDAL \/552-Pink Purple \/ XS-S"},"content":{"rendered":"<p><span class=\"HwtZe\" lang=\"sl\"><span class=\"jCAhz ChMk0b\"><span class=\"ryNqvb\">\u010celada Mystic Vandal\u00a0je bila zasnovana, da prenese mo\u010dne udarce. Namenjena je vodnim \u0161portom pri katerih potrebujemo ultimativno za\u0161\u010dito. \u0160e posebej primerna je za kajtanje, wejkanje, wingfoiling, surfanje in kajak. Vrhnja za\u0161\u010ditna lupina je narejena iz polimera visoke gostote in udarne trdnosti, notranji del pa iz zaprto-celi\u010dne EVA pene, ki ne vpija vode ter odli\u010dno absorbira energijo pri udarcu. Za bolj\u0161e udobje je v stiku z glavo podlo\u017eena\u00a0s snemljivimi 3D mre\u017eastimi blazinicami. \u010celada je popolnoma nastavljiva s pomo\u010djo vrtljivega gumba\u00a0in pritrjena s hitrim zapiralom za brado.<\/span><\/span>\u00a0Vandal je skladna z varnostnimi standardi CE in UKCA.\u00a0<span class=\"jCAhz ChMk0b\"><span class=\"ryNqvb\">Nanjo se lahko zanesemo iz dneva v dan.<\/span><\/span><br \/>\n<\/span><\/p>\n<p>Features:<\/p>\n<ul>\n<li>Zasnovana za vodne \u0161porte<\/li>\n<li>Nastavljiva z 180 vrtljivim gumbom<\/li>\n<li>3D zamenljive blazinice za bolj\u0161e prileganje<\/li>\n<li>Lupina iz polimera visoke udarne trdnosti<\/li>\n<li><span class=\"tlid-translation translation\"><span class=\"HwtZe\" lang=\"sl\">Notranji del pa iz zaprto-celi\u010dne EVA pene<\/span><\/span><\/li>\n<li>Lahka zunanja lupina s prezra\u010devalnimi re\u017eami<\/li>\n<li>Klasi\u010dna sponka za zapiranje\/odpiranje<\/li>\n<li><span class=\"tlid-translation translation\">Mo\u017enost pritrditve\u00a0<a href=\"https:\/\/infinitysport.si\/si\/kitesurf\/celade\/11562-mystic-nausniki-earpads-vandal-vandal-pro-900-black\" target=\"_blank\" rel=\"noopener\">Mystic NAU\u0160NIKOV.<\/a><\/span><\/li>\n<\/ul>\n<p>\u010celade so skladne z varnostnimi standardi za vodne \u0161porte CE EN 1385.<\/p>","protected":false},"excerpt":{"rendered":"<ul>\n<li>Zasnovana za vodne \u0161porte<\/li>\n<li>Nastavljiva z 180 vrtljivim gumbom<\/li>\n<li>3D zamenljive blazinice za bolj\u0161e prileganje<\/li>\n<li>Lupina iz polimera visoke udarne trdnosti<\/li>\n<li><span class=\"tlid-translation translation\"><span class=\"HwtZe\" lang=\"sl\">Notranji del pa iz zaprto-celi\u010dne EVA pene<\/span><\/span><\/li>\n<li>Lahka zunanja lupina s prezra\u010devalnimi re\u017eami<\/li>\n<li>Klasi\u010dna sponka za zapiranje\/odpiranje<\/li>\n<li><span class=\"tlid-translation translation\">Mo\u017enost pritrditve\u00a0<a href=\"https:\/\/infinitysport.si\/si\/kitesurf\/celade\/11562-mystic-nausniki-earpads-vandal-vandal-pro-900-black\" target=\"_blank\" rel=\"noopener\">Mystic NAU\u0160NIKOV.<\/a><\/span><\/li>\n<\/ul>","protected":false},"featured_media":3811,"comment_status":"open","ping_status":"closed","template":"","meta":{"_acf_changed":false,"inline_featured_image":false,"_monsterinsights_skip_tracking":false,"_monsterinsights_sitenote_active":false,"_monsterinsights_sitenote_note":"","_monsterinsights_sitenote_category":0},"product_brand":[33],"product_cat":[54,18],"product_tag":[],"class_list":{"0":"post-1782","1":"product","2":"type-product","3":"status-publish","4":"has-post-thumbnail","6":"product_brand-mystic","7":"product_cat-celade-za-wake","8":"product_cat-wake","10":"first","11":"instock","12":"taxable","13":"shipping-taxable","14":"purchasable","15":"product-type-variable"},"acf":[],"aioseo_notices":[],"_links":{"self":[{"href":"https:\/\/olliesport.com\/en\/wp-json\/wp\/v2\/product\/1782","targetHints":{"allow":["GET"]}}],"collection":[{"href":"https:\/\/olliesport.com\/en\/wp-json\/wp\/v2\/product"}],"about":[{"href":"https:\/\/olliesport.com\/en\/wp-json\/wp\/v2\/types\/product"}],"replies":[{"embeddable":true,"href":"https:\/\/olliesport.com\/en\/wp-json\/wp\/v2\/comments?post=1782"}],"wp:featuredmedia":[{"embeddable":true,"href":"https:\/\/olliesport.com\/en\/wp-json\/wp\/v2\/media\/3811"}],"wp:attachment":[{"href":"https:\/\/olliesport.com\/en\/wp-json\/wp\/v2\/media?parent=1782"}],"wp:term":[{"taxonomy":"product_brand","embeddable":true,"href":"https:\/\/olliesport.com\/en\/wp-json\/wp\/v2\/product_brand?post=1782"},{"taxonomy":"product_cat","embeddable":true,"href":"https:\/\/olliesport.com\/en\/wp-json\/wp\/v2\/product_cat?post=1782"},{"taxonomy":"product_tag","embeddable":true,"href":"https:\/\/olliesport.com\/en\/wp-json\/wp\/v2\/product_tag?post=1782"}],"curies":[{"name":"wp","href":"https:\/\/api.w.org\/{rel}","templated":true}]}}