{"id":1769,"date":"2025-10-29T14:53:00","date_gmt":"2025-10-29T13:53:00","guid":{"rendered":"https:\/\/olliesport.click.si\/trgovina\/uncategorized\/my-celada-vandal-pro-900-black-xl-xxl\/"},"modified":"2026-01-14T08:59:06","modified_gmt":"2026-01-14T07:59:06","slug":"my-celada-vandal-pro-900-black-xl-xxl","status":"publish","type":"product","link":"https:\/\/olliesport.com\/en\/trgovina\/wake\/celade-za-wake\/my-celada-vandal-pro-900-black-xl-xxl\/","title":{"rendered":"MYSTIC \u010cELADA VANDAL PRO black"},"content":{"rendered":"<p>\u010celada Mystic Vandal Pro\u00a0je oblikovana in konstruirana po najnovej\u0161ih standardih za vodne \u0161porte pri katerih potrebujemo ultimativno za\u0161\u010dito. \u0160e posebej je primerna za kajtanje, wejkanje, winganje, windsurfanje, itd. Vrhnja za\u0161\u010ditna lupina je narejena iz ABS polimera visoke gostote in udarne trdnosti. \u010celada je izredno lahka\u00a0<span class=\"HwtZe\" lang=\"sl\">zaradi notranjega dela izdelanega iz EPP zaprto-celi\u010dne udarne pene, ki ne vpija vode<\/span>\u00a0ter odli\u010dno absorbira energijo pri udarcu. Vandal Pro je res udobna \u010delada saj ima njena notranjost ergonomsko obliko,\u00a0<span class=\"HwtZe\" lang=\"sl\"><span class=\"jCAhz ChMk0b\"><span class=\"ryNqvb\">mre\u017easto udobno podlogo in\u00a0360\u00b0\u00a0nastavljiv zategovalec, ki zategne \u010delado okoli celotne glave in ne samo zadaj.<\/span><\/span>\u00a0<span class=\"jCAhz ChMk0b\"><span class=\"ryNqvb\">Magnetna Fidlock sponka omogo\u010da hitro enoro\u010dno zapiranje in odpiranje.<\/span><\/span><\/span><\/p>\n<p><span class=\"HwtZe\" lang=\"sl\"><span class=\"jCAhz ChMk0b\"><span class=\"ryNqvb\">\u010celada je skladna z varnostnimi standardi za vodne \u0161porte CE EN 1385.<\/span><\/span><\/span><\/p>\n<p>Mo\u017enost pritrditve\u00a0<a href=\"https:\/\/infinitysport.si\/si\/kitesurf\/celade\/11562-mystic-nausniki-earpads-vandal-vandal-pro-900-black\" target=\"_blank\" rel=\"noopener\">Mystic NAU\u0160NIKOV.<\/a><\/p>\n<p>Features:<\/p>\n<ul>\n<li>Zasnovana za vodne \u0161porte<\/li>\n<li><span class=\"tlid-translation translation\"><span class=\"HwtZe\" lang=\"sl\">Skladna s standardi CE in UKCA<\/span><\/span><\/li>\n<li><span class=\"tlid-translation translation\"><span class=\"HwtZe\" lang=\"sl\"><span class=\"jCAhz ChMk0b\"><span class=\"ryNqvb\">Zunana lupina iz ABS polimera visoke udarne trdnosti<\/span><\/span><\/span><\/span><\/li>\n<li><span class=\"tlid-translation translation\"><span class=\"HwtZe\" lang=\"sl\"><span class=\"jCAhz ChMk0b\"><span class=\"ryNqvb\">Notranji del\u00a0iz EPP zaprto-celi\u010dne udarne pene<\/span><\/span><\/span><\/span><\/li>\n<li>Majhna te\u017ea<\/li>\n<li>Nastavljiva s 360\u00b0 zategovalcem<\/li>\n<li>Zdru\u017eljiva z Mystic nau\u0161niki<\/li>\n<li>Fidlock sponka za hitro zapiranje\/odpiranje<\/li>\n<\/ul>\n<p><img fetchpriority=\"high\" decoding=\"async\" title=\"Olliesport pro shop Maribor\" src=\"http:\/\/www.infinitysport.si\/img\/cms\/2_1425-Helmet-MK8-X-905-b-18_1519830210A.JPG\" alt=\"Specializirana \u0161portna trgovina\" width=\"400\" height=\"243\" \/><\/p>","protected":false},"excerpt":{"rendered":"<ul>\n<li>Zasnovana za vodne \u0161porte<\/li>\n<li><span class=\"tlid-translation translation\"><span class=\"HwtZe\" lang=\"sl\">Skladna s standardi CE in UKCA<\/span><\/span><\/li>\n<li><span class=\"tlid-translation translation\"><span class=\"HwtZe\" lang=\"sl\"><span class=\"jCAhz ChMk0b\"><span class=\"ryNqvb\">Zunana lupina iz ABS polimera visoke udarne trdnosti<\/span><\/span><\/span><\/span><\/li>\n<li><span class=\"tlid-translation translation\"><span class=\"HwtZe\" lang=\"sl\"><span class=\"jCAhz ChMk0b\"><span class=\"ryNqvb\">Notranji del\u00a0iz EPP zaprto-celi\u010dne udarne pene<\/span><\/span><\/span><\/span><\/li>\n<li>Majhna te\u017ea<\/li>\n<li>Nastavljiva s 360\u00b0 zategovalcem<\/li>\n<li>Zdru\u017eljiva z Mystic nau\u0161niki<\/li>\n<li>Fidlock sponka za hitro zapiranje\/odpiranje<\/li>\n<\/ul>","protected":false},"featured_media":3821,"comment_status":"open","ping_status":"closed","template":"","meta":{"_acf_changed":false,"inline_featured_image":false,"_monsterinsights_skip_tracking":false,"_monsterinsights_sitenote_active":false,"_monsterinsights_sitenote_note":"","_monsterinsights_sitenote_category":0},"product_brand":[33],"product_cat":[54,18],"product_tag":[],"class_list":{"0":"post-1769","1":"product","2":"type-product","3":"status-publish","4":"has-post-thumbnail","6":"product_brand-mystic","7":"product_cat-celade-za-wake","8":"product_cat-wake","10":"first","11":"instock","12":"taxable","13":"shipping-taxable","14":"purchasable","15":"product-type-variable"},"acf":[],"aioseo_notices":[],"_links":{"self":[{"href":"https:\/\/olliesport.com\/en\/wp-json\/wp\/v2\/product\/1769","targetHints":{"allow":["GET"]}}],"collection":[{"href":"https:\/\/olliesport.com\/en\/wp-json\/wp\/v2\/product"}],"about":[{"href":"https:\/\/olliesport.com\/en\/wp-json\/wp\/v2\/types\/product"}],"replies":[{"embeddable":true,"href":"https:\/\/olliesport.com\/en\/wp-json\/wp\/v2\/comments?post=1769"}],"wp:featuredmedia":[{"embeddable":true,"href":"https:\/\/olliesport.com\/en\/wp-json\/wp\/v2\/media\/3821"}],"wp:attachment":[{"href":"https:\/\/olliesport.com\/en\/wp-json\/wp\/v2\/media?parent=1769"}],"wp:term":[{"taxonomy":"product_brand","embeddable":true,"href":"https:\/\/olliesport.com\/en\/wp-json\/wp\/v2\/product_brand?post=1769"},{"taxonomy":"product_cat","embeddable":true,"href":"https:\/\/olliesport.com\/en\/wp-json\/wp\/v2\/product_cat?post=1769"},{"taxonomy":"product_tag","embeddable":true,"href":"https:\/\/olliesport.com\/en\/wp-json\/wp\/v2\/product_tag?post=1769"}],"curies":[{"name":"wp","href":"https:\/\/api.w.org\/{rel}","templated":true}]}}