{"id":1713,"date":"2025-10-29T14:52:52","date_gmt":"2025-10-29T13:52:52","guid":{"rendered":"https:\/\/olliesport.click.si\/trgovina\/uncategorized\/leki-torba-wcr-60l-2\/"},"modified":"2026-04-16T20:58:17","modified_gmt":"2026-04-16T18:58:17","slug":"leki-torba-wcr-60l-2","status":"publish","type":"product","link":"https:\/\/olliesport.com\/en\/trgovina\/smucanje\/dodatki-za-smucanje\/ostali-dodatki-za-smucanje\/leki-torba-wcr-60l-2\/","title":{"rendered":"Leki torba WCR 60L"},"content":{"rendered":"<h3 data-start=\"126\" data-end=\"166\"><strong data-start=\"130\" data-end=\"166\">Torba za smu\u010darske \u010devlje \u2013 60 L<\/strong><\/h3>\n<p data-start=\"168\" data-end=\"648\">Ta torba za smu\u010darske \u010devlje je <strong data-start=\"200\" data-end=\"249\">nepogre\u0161ljiv del opreme za vsak smu\u010darski dan<\/strong>. S prostornino <strong data-start=\"265\" data-end=\"278\">60 litrov<\/strong> omogo\u010da shranjevanje <strong data-start=\"300\" data-end=\"381\">smu\u010darskih \u010devljev, \u010delade in vsega ostalega, kar potrebujete za dan na snegu<\/strong>. Izdelana je iz <strong data-start=\"398\" data-end=\"437\">izjemno trpe\u017ene poliestrske tkanine<\/strong>, ki zagotavlja dolgo \u017eivljenjsko dobo in odpornost na obrabo.<br data-start=\"499\" data-end=\"502\" \/>Za enostavno prena\u0161anje ima torba <strong data-start=\"536\" data-end=\"558\">dva ro\u010daja na vrhu<\/strong> and <strong data-start=\"562\" data-end=\"595\">dva naramna trakova ob strani<\/strong>, kar omogo\u010da udobno no\u0161enje v roki ali na ramenih.<\/p>","protected":false},"excerpt":{"rendered":"<h3 data-start=\"655\" data-end=\"682\"><strong data-start=\"659\" data-end=\"682\">Podrobnosti izdelka<\/strong><\/h3>\n<ul data-start=\"684\" data-end=\"972\">\n<li data-start=\"684\" data-end=\"747\">\n<p data-start=\"686\" data-end=\"747\"><strong data-start=\"686\" data-end=\"701\">Dejavnosti:<\/strong> alpsko smu\u010danje, tekmovalno alpsko smu\u010danje<\/p>\n<\/li>\n<li data-start=\"748\" data-end=\"795\">\n<p data-start=\"750\" data-end=\"795\"><strong data-start=\"750\" data-end=\"772\">Starostna skupina:<\/strong> odrasli, mladostniki<\/p>\n<\/li>\n<li data-start=\"796\" data-end=\"817\">\n<p data-start=\"798\" data-end=\"817\"><strong data-start=\"798\" data-end=\"807\">Spol:<\/strong> uniseks<\/p>\n<\/li>\n<li data-start=\"818\" data-end=\"843\">\n<p data-start=\"820\" data-end=\"843\"><strong data-start=\"820\" data-end=\"836\">Volume:<\/strong> 60 L<\/p>\n<\/li>\n<li data-start=\"844\" data-end=\"913\">\n<p data-start=\"846\" data-end=\"913\"><strong data-start=\"846\" data-end=\"855\">Description:<\/strong> nahrbtnik za smu\u010darske \u010devlje, \u010delado in dodatno opremo<\/p>\n<\/li>\n<li data-start=\"914\" data-end=\"972\">\n<p data-start=\"916\" data-end=\"972\"><strong data-start=\"916\" data-end=\"929\">Material:<\/strong> 60 % poliester 600D, 40 % poliester 400D<\/p>\n<\/li>\n<\/ul>","protected":false},"featured_media":3701,"comment_status":"open","ping_status":"closed","template":"","meta":{"_acf_changed":false,"inline_featured_image":false,"_monsterinsights_skip_tracking":false,"_monsterinsights_sitenote_active":false,"_monsterinsights_sitenote_note":"","_monsterinsights_sitenote_category":0},"product_brand":[31],"product_cat":[124,130,21],"product_tag":[],"class_list":{"0":"post-1713","1":"product","2":"type-product","3":"status-publish","4":"has-post-thumbnail","6":"product_brand-leki","7":"product_cat-dodatki-za-smucanje","8":"product_cat-ostali-dodatki-za-smucanje","9":"product_cat-smucanje","11":"first","12":"instock","13":"taxable","14":"shipping-taxable","15":"purchasable","16":"product-type-simple"},"acf":[],"aioseo_notices":[],"_links":{"self":[{"href":"https:\/\/olliesport.com\/en\/wp-json\/wp\/v2\/product\/1713","targetHints":{"allow":["GET"]}}],"collection":[{"href":"https:\/\/olliesport.com\/en\/wp-json\/wp\/v2\/product"}],"about":[{"href":"https:\/\/olliesport.com\/en\/wp-json\/wp\/v2\/types\/product"}],"replies":[{"embeddable":true,"href":"https:\/\/olliesport.com\/en\/wp-json\/wp\/v2\/comments?post=1713"}],"wp:featuredmedia":[{"embeddable":true,"href":"https:\/\/olliesport.com\/en\/wp-json\/wp\/v2\/media\/3701"}],"wp:attachment":[{"href":"https:\/\/olliesport.com\/en\/wp-json\/wp\/v2\/media?parent=1713"}],"wp:term":[{"taxonomy":"product_brand","embeddable":true,"href":"https:\/\/olliesport.com\/en\/wp-json\/wp\/v2\/product_brand?post=1713"},{"taxonomy":"product_cat","embeddable":true,"href":"https:\/\/olliesport.com\/en\/wp-json\/wp\/v2\/product_cat?post=1713"},{"taxonomy":"product_tag","embeddable":true,"href":"https:\/\/olliesport.com\/en\/wp-json\/wp\/v2\/product_tag?post=1713"}],"curies":[{"name":"wp","href":"https:\/\/api.w.org\/{rel}","templated":true}]}}