{"id":1616,"date":"2025-10-29T14:52:37","date_gmt":"2025-10-29T13:52:37","guid":{"rendered":"https:\/\/olliesport.click.si\/trgovina\/uncategorized\/lange-torba-speedzone-basic\/"},"modified":"2025-11-12T10:50:59","modified_gmt":"2025-11-12T09:50:59","slug":"lange-torba-speedzone-basic","status":"publish","type":"product","link":"https:\/\/olliesport.com\/en\/trgovina\/smucanje\/dodatki-za-smucanje\/ostali-dodatki-za-smucanje\/lange-torba-speedzone-basic\/","title":{"rendered":"LANGE TORBA SPEEDZONE BASIC"},"content":{"rendered":"<h3 data-start=\"96\" data-end=\"134\"><strong data-start=\"100\" data-end=\"134\">Lange Speedzone Basic Boot Bag<\/strong><\/h3>\n<p data-start=\"136\" data-end=\"450\">Bag <strong data-start=\"142\" data-end=\"176\">Lange Speedzone Basic Boot Bag<\/strong> je namenjena vsem smu\u010darjem. Omogo\u010da enostavno shranjevanje smu\u010darskih \u010devljev ter priro\u010dno prena\u0161anje na rami ali v roki. Izdelana je iz trpe\u017enega <strong data-start=\"325\" data-end=\"343\">600D poliestra<\/strong>, ima <strong data-start=\"349\" data-end=\"378\">zadrgo po celotni dol\u017eini<\/strong>, <strong data-start=\"380\" data-end=\"401\">stranske zra\u010dnike<\/strong> and <strong data-start=\"405\" data-end=\"431\">nastavljiv naramni pas<\/strong> za udobno no\u0161enje.<\/p>","protected":false},"excerpt":{"rendered":"<h3 data-start=\"96\" data-end=\"134\"><strong data-start=\"100\" data-end=\"134\">Lange Speedzone Basic Boot Bag<\/strong><\/h3>\n<p data-start=\"136\" data-end=\"450\">Bag <strong data-start=\"142\" data-end=\"176\">Lange Speedzone Basic Boot Bag<\/strong> je namenjena vsem smu\u010darjem. Omogo\u010da enostavno shranjevanje smu\u010darskih \u010devljev ter priro\u010dno prena\u0161anje na rami ali v roki. Izdelana je iz trpe\u017enega <strong data-start=\"325\" data-end=\"343\">600D poliestra<\/strong>, ima <strong data-start=\"349\" data-end=\"378\">zadrgo po celotni dol\u017eini<\/strong>, <strong data-start=\"380\" data-end=\"401\">stranske zra\u010dnike<\/strong> and <strong data-start=\"405\" data-end=\"431\">nastavljiv naramni pas<\/strong> za udobno no\u0161enje.<\/p>","protected":false},"featured_media":3689,"comment_status":"open","ping_status":"closed","template":"","meta":{"_acf_changed":false,"inline_featured_image":false,"_monsterinsights_skip_tracking":false,"_monsterinsights_sitenote_active":false,"_monsterinsights_sitenote_note":"","_monsterinsights_sitenote_category":0},"product_brand":[30],"product_cat":[124,130,21],"product_tag":[],"class_list":{"0":"post-1616","1":"product","2":"type-product","3":"status-publish","4":"has-post-thumbnail","6":"product_brand-lange","7":"product_cat-dodatki-za-smucanje","8":"product_cat-ostali-dodatki-za-smucanje","9":"product_cat-smucanje","11":"first","12":"instock","13":"taxable","14":"shipping-taxable","15":"purchasable","16":"product-type-simple"},"acf":[],"aioseo_notices":[],"_links":{"self":[{"href":"https:\/\/olliesport.com\/en\/wp-json\/wp\/v2\/product\/1616","targetHints":{"allow":["GET"]}}],"collection":[{"href":"https:\/\/olliesport.com\/en\/wp-json\/wp\/v2\/product"}],"about":[{"href":"https:\/\/olliesport.com\/en\/wp-json\/wp\/v2\/types\/product"}],"replies":[{"embeddable":true,"href":"https:\/\/olliesport.com\/en\/wp-json\/wp\/v2\/comments?post=1616"}],"wp:featuredmedia":[{"embeddable":true,"href":"https:\/\/olliesport.com\/en\/wp-json\/wp\/v2\/media\/3689"}],"wp:attachment":[{"href":"https:\/\/olliesport.com\/en\/wp-json\/wp\/v2\/media?parent=1616"}],"wp:term":[{"taxonomy":"product_brand","embeddable":true,"href":"https:\/\/olliesport.com\/en\/wp-json\/wp\/v2\/product_brand?post=1616"},{"taxonomy":"product_cat","embeddable":true,"href":"https:\/\/olliesport.com\/en\/wp-json\/wp\/v2\/product_cat?post=1616"},{"taxonomy":"product_tag","embeddable":true,"href":"https:\/\/olliesport.com\/en\/wp-json\/wp\/v2\/product_tag?post=1616"}],"curies":[{"name":"wp","href":"https:\/\/api.w.org\/{rel}","templated":true}]}}