{"id":1615,"date":"2025-10-29T14:52:37","date_gmt":"2025-10-29T13:52:37","guid":{"rendered":"https:\/\/olliesport.click.si\/trgovina\/uncategorized\/lange-torba-racer-bag\/"},"modified":"2026-04-16T20:58:15","modified_gmt":"2026-04-16T18:58:15","slug":"lange-torba-racer-bag","status":"publish","type":"product","link":"https:\/\/olliesport.com\/en\/trgovina\/smucanje\/dodatki-za-smucanje\/ostali-dodatki-za-smucanje\/lange-torba-racer-bag\/","title":{"rendered":"LANGE TORBA RACER BAG"},"content":{"rendered":"<p>Nahrbtnik primeren za tekmovalce in vse resne rekreativce, ki si \u017eelijo \u010disto vse spraviti v en nahrbtnik. Vanj boste spravili od smu\u010darskih \u010devljev in vse do smu\u010darskih o\u010dal.<\/p>\n<p><strong>Volume:<\/strong>\u00a095l<\/p>","protected":false},"excerpt":{"rendered":"<p>Nahrbtnik primeren za tekmovalce in vse resne rekreativce, ki si \u017eelijo \u010disto vse spraviti v en nahrbtnik. Vanj boste spravili od smu\u010darskih \u010devljev in vse do smu\u010darskih o\u010dal.<\/p>\n<p><strong>Volume:<\/strong>\u00a095l<\/p>","protected":false},"featured_media":3684,"comment_status":"open","ping_status":"closed","template":"","meta":{"_acf_changed":false,"inline_featured_image":false,"_monsterinsights_skip_tracking":false,"_monsterinsights_sitenote_active":false,"_monsterinsights_sitenote_note":"","_monsterinsights_sitenote_category":0},"product_brand":[30],"product_cat":[124,130,21],"product_tag":[],"class_list":{"0":"post-1615","1":"product","2":"type-product","3":"status-publish","4":"has-post-thumbnail","6":"product_brand-lange","7":"product_cat-dodatki-za-smucanje","8":"product_cat-ostali-dodatki-za-smucanje","9":"product_cat-smucanje","11":"first","12":"instock","13":"taxable","14":"shipping-taxable","15":"purchasable","16":"product-type-simple"},"acf":[],"aioseo_notices":[],"_links":{"self":[{"href":"https:\/\/olliesport.com\/en\/wp-json\/wp\/v2\/product\/1615","targetHints":{"allow":["GET"]}}],"collection":[{"href":"https:\/\/olliesport.com\/en\/wp-json\/wp\/v2\/product"}],"about":[{"href":"https:\/\/olliesport.com\/en\/wp-json\/wp\/v2\/types\/product"}],"replies":[{"embeddable":true,"href":"https:\/\/olliesport.com\/en\/wp-json\/wp\/v2\/comments?post=1615"}],"wp:featuredmedia":[{"embeddable":true,"href":"https:\/\/olliesport.com\/en\/wp-json\/wp\/v2\/media\/3684"}],"wp:attachment":[{"href":"https:\/\/olliesport.com\/en\/wp-json\/wp\/v2\/media?parent=1615"}],"wp:term":[{"taxonomy":"product_brand","embeddable":true,"href":"https:\/\/olliesport.com\/en\/wp-json\/wp\/v2\/product_brand?post=1615"},{"taxonomy":"product_cat","embeddable":true,"href":"https:\/\/olliesport.com\/en\/wp-json\/wp\/v2\/product_cat?post=1615"},{"taxonomy":"product_tag","embeddable":true,"href":"https:\/\/olliesport.com\/en\/wp-json\/wp\/v2\/product_tag?post=1615"}],"curies":[{"name":"wp","href":"https:\/\/api.w.org\/{rel}","templated":true}]}}