{"id":1612,"date":"2025-10-29T14:52:35","date_gmt":"2025-10-29T13:52:35","guid":{"rendered":"https:\/\/olliesport.click.si\/trgovina\/uncategorized\/lange-torba-cabin-bag\/"},"modified":"2026-01-22T07:58:17","modified_gmt":"2026-01-22T06:58:17","slug":"lange-torba-cabin-bag","status":"publish","type":"product","link":"https:\/\/olliesport.com\/en\/trgovina\/smucanje\/dodatki-za-smucanje\/ostali-dodatki-za-smucanje\/lange-torba-cabin-bag\/","title":{"rendered":"LANGE TORBA CABIN BAG"},"content":{"rendered":"<h3 data-start=\"108\" data-end=\"135\"><strong data-start=\"112\" data-end=\"135\">Specifikacije torbe<\/strong><\/h3>\n<ul data-start=\"137\" data-end=\"382\">\n<li data-start=\"137\" data-end=\"162\">\n<p data-start=\"139\" data-end=\"162\"><strong data-start=\"139\" data-end=\"155\">Volume:<\/strong> 50 L<\/p>\n<\/li>\n<li data-start=\"163\" data-end=\"228\">\n<p data-start=\"165\" data-end=\"228\"><strong data-start=\"165\" data-end=\"179\">Dimensions:<\/strong> dol\u017eina 520 mm \u00d7 \u0161irina 320 mm \u00d7 vi\u0161ina 300 mm<\/p>\n<\/li>\n<li data-start=\"229\" data-end=\"318\">\n<p data-start=\"231\" data-end=\"318\"><strong data-start=\"231\" data-end=\"251\">Zunanja tkanina:<\/strong> Tarpaulin in PE 600D (poliestrska tkanina, odporna proti obrabi)<\/p>\n<\/li>\n<li data-start=\"319\" data-end=\"382\">\n<p data-start=\"321\" data-end=\"382\"><strong data-start=\"321\" data-end=\"342\">Notranja tkanina:<\/strong> Nylon 200D (lahka in trpe\u017ena podloga)<\/p>\n<\/li>\n<\/ul>","protected":false},"excerpt":{"rendered":"<h3 data-start=\"108\" data-end=\"135\"><strong data-start=\"112\" data-end=\"135\">Specifikacije torbe<\/strong><\/h3>\n<ul data-start=\"137\" data-end=\"382\">\n<li data-start=\"137\" data-end=\"162\">\n<p data-start=\"139\" data-end=\"162\"><strong data-start=\"139\" data-end=\"155\">Volume:<\/strong> 50 L<\/p>\n<\/li>\n<li data-start=\"163\" data-end=\"228\">\n<p data-start=\"165\" data-end=\"228\"><strong data-start=\"165\" data-end=\"179\">Dimensions:<\/strong> dol\u017eina 520 mm \u00d7 \u0161irina 320 mm \u00d7 vi\u0161ina 300 mm<\/p>\n<\/li>\n<li data-start=\"229\" data-end=\"318\">\n<p data-start=\"231\" data-end=\"318\"><strong data-start=\"231\" data-end=\"251\">Zunanja tkanina:<\/strong> Tarpaulin in PE 600D (poliestrska tkanina, odporna proti obrabi)<\/p>\n<\/li>\n<li data-start=\"319\" data-end=\"382\">\n<p data-start=\"321\" data-end=\"382\"><strong data-start=\"321\" data-end=\"342\">Notranja tkanina:<\/strong> Nylon 200D (lahka in trpe\u017ena podloga)<\/p>\n<\/li>\n<\/ul>","protected":false},"featured_media":3687,"comment_status":"open","ping_status":"closed","template":"","meta":{"_acf_changed":false,"inline_featured_image":false,"_monsterinsights_skip_tracking":false,"_monsterinsights_sitenote_active":false,"_monsterinsights_sitenote_note":"","_monsterinsights_sitenote_category":0},"product_brand":[30],"product_cat":[124,130,21],"product_tag":[],"class_list":{"0":"post-1612","1":"product","2":"type-product","3":"status-publish","4":"has-post-thumbnail","6":"product_brand-lange","7":"product_cat-dodatki-za-smucanje","8":"product_cat-ostali-dodatki-za-smucanje","9":"product_cat-smucanje","11":"first","12":"instock","13":"taxable","14":"shipping-taxable","15":"purchasable","16":"product-type-simple"},"acf":[],"aioseo_notices":[],"_links":{"self":[{"href":"https:\/\/olliesport.com\/en\/wp-json\/wp\/v2\/product\/1612","targetHints":{"allow":["GET"]}}],"collection":[{"href":"https:\/\/olliesport.com\/en\/wp-json\/wp\/v2\/product"}],"about":[{"href":"https:\/\/olliesport.com\/en\/wp-json\/wp\/v2\/types\/product"}],"replies":[{"embeddable":true,"href":"https:\/\/olliesport.com\/en\/wp-json\/wp\/v2\/comments?post=1612"}],"wp:featuredmedia":[{"embeddable":true,"href":"https:\/\/olliesport.com\/en\/wp-json\/wp\/v2\/media\/3687"}],"wp:attachment":[{"href":"https:\/\/olliesport.com\/en\/wp-json\/wp\/v2\/media?parent=1612"}],"wp:term":[{"taxonomy":"product_brand","embeddable":true,"href":"https:\/\/olliesport.com\/en\/wp-json\/wp\/v2\/product_brand?post=1612"},{"taxonomy":"product_cat","embeddable":true,"href":"https:\/\/olliesport.com\/en\/wp-json\/wp\/v2\/product_cat?post=1612"},{"taxonomy":"product_tag","embeddable":true,"href":"https:\/\/olliesport.com\/en\/wp-json\/wp\/v2\/product_tag?post=1612"}],"curies":[{"name":"wp","href":"https:\/\/api.w.org\/{rel}","templated":true}]}}