{"id":1611,"date":"2025-10-29T14:52:35","date_gmt":"2025-10-29T13:52:35","guid":{"rendered":"https:\/\/olliesport.click.si\/trgovina\/uncategorized\/lange-torba-boot-backpack\/"},"modified":"2026-04-16T20:58:15","modified_gmt":"2026-04-16T18:58:15","slug":"lange-torba-boot-backpack","status":"publish","type":"product","link":"https:\/\/olliesport.com\/en\/trgovina\/smucanje\/dodatki-za-smucanje\/ostali-dodatki-za-smucanje\/lange-torba-boot-backpack\/","title":{"rendered":"LANGE torba BOOT BACKPACK"},"content":{"rendered":"<p>Bag <strong data-start=\"203\" data-end=\"228\">World Cup Warm-Up Bag<\/strong> je zasnovana za tekmovalce in ekipe na svetovnem pokalu \u2013 robustna torba za ogrevanje na startu, izdelana iz <strong data-start=\"338\" data-end=\"377\">vzdr\u017eljivega 600D ripstop poliestra<\/strong>. Opremljena je z <strong data-start=\"395\" data-end=\"435\">naramnicami za no\u0161enje kot nahrbtnik<\/strong> and <strong data-start=\"439\" data-end=\"472\">zgornjim zapiranjem na zadrgo<\/strong>, kar omogo\u010da enostaven dostop do opreme.<\/p>","protected":false},"excerpt":{"rendered":"<h3 data-start=\"522\" data-end=\"543\"><strong data-start=\"526\" data-end=\"543\">Specifikacije<\/strong><\/h3>\n<ul data-start=\"545\" data-end=\"1259\">\n<li data-start=\"545\" data-end=\"595\">\n<p data-start=\"547\" data-end=\"595\"><strong data-start=\"547\" data-end=\"573\">Prednosti \u2013 naramnice:<\/strong> podlo\u017eene naramnice<\/p>\n<\/li>\n<li data-start=\"596\" data-end=\"641\">\n<p data-start=\"598\" data-end=\"641\"><strong data-start=\"598\" data-end=\"629\">Prednosti \u2013 sistem no\u0161enja:<\/strong> nahrbtnik<\/p>\n<\/li>\n<li data-start=\"642\" data-end=\"700\">\n<p data-start=\"644\" data-end=\"700\"><strong data-start=\"644\" data-end=\"670\">Prednosti \u2013 odpiranje:<\/strong> zgornje (head-on) odpiranje<\/p>\n<\/li>\n<li data-start=\"701\" data-end=\"769\">\n<p data-start=\"703\" data-end=\"769\"><strong data-start=\"703\" data-end=\"725\">Dodatne prednosti:<\/strong> pasni in prsni trak za dodatno stabilnost<\/p>\n<\/li>\n<li data-start=\"770\" data-end=\"835\">\n<p data-start=\"772\" data-end=\"835\"><strong data-start=\"772\" data-end=\"786\">Dimensions:<\/strong> dol\u017eina 290 mm \u00d7 \u0161irina 140 mm \u00d7 vi\u0161ina 610 mm<\/p>\n<\/li>\n<li data-start=\"836\" data-end=\"861\">\n<p data-start=\"838\" data-end=\"861\"><strong data-start=\"838\" data-end=\"854\">Volume:<\/strong> 35 L<\/p>\n<\/li>\n<li data-start=\"862\" data-end=\"944\">\n<p data-start=\"864\" data-end=\"944\"><strong data-start=\"864\" data-end=\"884\">Zunanja tkanina:<\/strong> PE 600D Ripstop (oja\u010dan poliester, odporen proti trganju)<\/p>\n<\/li>\n<li data-start=\"945\" data-end=\"1008\">\n<p data-start=\"947\" data-end=\"1008\"><strong data-start=\"947\" data-end=\"968\">Notranja tkanina:<\/strong> Nylon 200D (lahka in trpe\u017ena podloga)<\/p>\n<\/li>\n<li data-start=\"1009\" data-end=\"1057\">\n<p data-start=\"1011\" data-end=\"1057\"><strong data-start=\"1011\" data-end=\"1052\">Zdru\u017eljivost s hidracijskim sistemom:<\/strong> da<\/p>\n<\/li>\n<li data-start=\"1058\" data-end=\"1137\">\n<p data-start=\"1060\" data-end=\"1137\"><strong data-start=\"1060\" data-end=\"1082\">Predal za dodatke:<\/strong> prostor za \u010delado in \u017eep iz flisa za smu\u010darska o\u010dala<\/p>\n<\/li>\n<li data-start=\"1138\" data-end=\"1162\">\n<p data-start=\"1140\" data-end=\"1162\"><strong data-start=\"1140\" data-end=\"1158\">\u0160tevilo \u017eepov:<\/strong> 5<\/p>\n<\/li>\n<li data-start=\"1163\" data-end=\"1238\">\n<p data-start=\"1165\" data-end=\"1238\"><strong data-start=\"1165\" data-end=\"1197\">Prostor za smu\u010darske \u010devlje:<\/strong> zanke za pritrditev smu\u010darskih \u010devljev<\/p>\n<\/li>\n<li data-start=\"1239\" data-end=\"1259\">\n<p data-start=\"1241\" data-end=\"1259\"><strong data-start=\"1241\" data-end=\"1250\">Weight:<\/strong> 1150 g<\/p>\n<\/li>\n<\/ul>","protected":false},"featured_media":3696,"comment_status":"open","ping_status":"closed","template":"","meta":{"_acf_changed":false,"inline_featured_image":false,"_monsterinsights_skip_tracking":false,"_monsterinsights_sitenote_active":false,"_monsterinsights_sitenote_note":"","_monsterinsights_sitenote_category":0},"product_brand":[30],"product_cat":[124,130,21],"product_tag":[],"class_list":{"0":"post-1611","1":"product","2":"type-product","3":"status-publish","4":"has-post-thumbnail","6":"product_brand-lange","7":"product_cat-dodatki-za-smucanje","8":"product_cat-ostali-dodatki-za-smucanje","9":"product_cat-smucanje","11":"first","12":"instock","13":"taxable","14":"shipping-taxable","15":"purchasable","16":"product-type-simple"},"acf":[],"aioseo_notices":[],"_links":{"self":[{"href":"https:\/\/olliesport.com\/en\/wp-json\/wp\/v2\/product\/1611","targetHints":{"allow":["GET"]}}],"collection":[{"href":"https:\/\/olliesport.com\/en\/wp-json\/wp\/v2\/product"}],"about":[{"href":"https:\/\/olliesport.com\/en\/wp-json\/wp\/v2\/types\/product"}],"replies":[{"embeddable":true,"href":"https:\/\/olliesport.com\/en\/wp-json\/wp\/v2\/comments?post=1611"}],"wp:featuredmedia":[{"embeddable":true,"href":"https:\/\/olliesport.com\/en\/wp-json\/wp\/v2\/media\/3696"}],"wp:attachment":[{"href":"https:\/\/olliesport.com\/en\/wp-json\/wp\/v2\/media?parent=1611"}],"wp:term":[{"taxonomy":"product_brand","embeddable":true,"href":"https:\/\/olliesport.com\/en\/wp-json\/wp\/v2\/product_brand?post=1611"},{"taxonomy":"product_cat","embeddable":true,"href":"https:\/\/olliesport.com\/en\/wp-json\/wp\/v2\/product_cat?post=1611"},{"taxonomy":"product_tag","embeddable":true,"href":"https:\/\/olliesport.com\/en\/wp-json\/wp\/v2\/product_tag?post=1611"}],"curies":[{"name":"wp","href":"https:\/\/api.w.org\/{rel}","templated":true}]}}