{"id":1610,"date":"2025-10-29T14:52:35","date_gmt":"2025-10-29T13:52:35","guid":{"rendered":"https:\/\/olliesport.click.si\/trgovina\/uncategorized\/lange-torba-basic-boot-bag\/"},"modified":"2025-12-20T13:59:05","modified_gmt":"2025-12-20T12:59:05","slug":"lange-torba-basic-boot-bag","status":"publish","type":"product","link":"https:\/\/olliesport.com\/en\/trgovina\/smucanje\/dodatki-za-smucanje\/ostali-dodatki-za-smucanje\/lange-torba-basic-boot-bag\/","title":{"rendered":"LANGE BASIC BOOT BAG"},"content":{"rendered":"<h3 data-start=\"91\" data-end=\"141\"><strong data-start=\"95\" data-end=\"141\">Trpe\u017ena torba za en par smu\u010darskih \u010devljev<\/strong><\/h3>\n<p data-start=\"143\" data-end=\"342\">Izjemno <strong data-start=\"151\" data-end=\"189\">vzdr\u017eljiva torba za en par \u010devljev<\/strong> with <strong data-start=\"192\" data-end=\"211\">naramnim trakom<\/strong> za enostavno no\u0161enje. Izdelana iz <strong data-start=\"246\" data-end=\"279\">600D poliestra s PVC prevleko<\/strong>, which provides <strong data-start=\"295\" data-end=\"341\">odpornost proti vlagi, obrabi in umazaniji<\/strong>.<\/p>","protected":false},"excerpt":{"rendered":"<h3 data-start=\"128\" data-end=\"155\"><strong data-start=\"132\" data-end=\"155\">Specifikacije torbe<\/strong><\/h3>\n<ul data-start=\"157\" data-end=\"540\">\n<li data-start=\"157\" data-end=\"204\">\n<p data-start=\"159\" data-end=\"204\"><strong data-start=\"159\" data-end=\"189\">Prednosti \u2013 na\u010din no\u0161enja:<\/strong> naramni trak<\/p>\n<\/li>\n<li data-start=\"205\" data-end=\"264\">\n<p data-start=\"207\" data-end=\"264\"><strong data-start=\"207\" data-end=\"233\">Prednosti \u2013 odpiranje:<\/strong> sprednje (head-on) odpiranje<\/p>\n<\/li>\n<li data-start=\"265\" data-end=\"330\">\n<p data-start=\"267\" data-end=\"330\"><strong data-start=\"267\" data-end=\"281\">Dimensions:<\/strong> dol\u017eina 395 mm \u00d7 \u0161irina 240 mm \u00d7 vi\u0161ina 440 mm<\/p>\n<\/li>\n<li data-start=\"331\" data-end=\"356\">\n<p data-start=\"333\" data-end=\"356\"><strong data-start=\"333\" data-end=\"349\">Volume:<\/strong> 40 L<\/p>\n<\/li>\n<li data-start=\"357\" data-end=\"409\">\n<p data-start=\"359\" data-end=\"409\"><strong data-start=\"359\" data-end=\"379\">Zunanja tkanina:<\/strong> PE 600D (trpe\u017een poliester)<\/p>\n<\/li>\n<li data-start=\"410\" data-end=\"432\">\n<p data-start=\"412\" data-end=\"432\"><strong data-start=\"412\" data-end=\"424\">Predali:<\/strong> 1 \u017eep<\/p>\n<\/li>\n<li data-start=\"433\" data-end=\"520\">\n<p data-start=\"435\" data-end=\"520\"><strong data-start=\"435\" data-end=\"482\">Prostor za shranjevanje smu\u010darskih \u010devljev:<\/strong> notranji predal za smu\u010darske \u010devlje<\/p>\n<\/li>\n<li data-start=\"521\" data-end=\"540\">\n<p data-start=\"523\" data-end=\"540\"><strong data-start=\"523\" data-end=\"532\">Weight:<\/strong> 420 g<\/p>\n<\/li>\n<\/ul>","protected":false},"featured_media":3691,"comment_status":"open","ping_status":"closed","template":"","meta":{"_acf_changed":false,"inline_featured_image":false,"_monsterinsights_skip_tracking":false,"_monsterinsights_sitenote_active":false,"_monsterinsights_sitenote_note":"","_monsterinsights_sitenote_category":0},"product_brand":[30],"product_cat":[124,130,21],"product_tag":[],"class_list":{"0":"post-1610","1":"product","2":"type-product","3":"status-publish","4":"has-post-thumbnail","6":"product_brand-lange","7":"product_cat-dodatki-za-smucanje","8":"product_cat-ostali-dodatki-za-smucanje","9":"product_cat-smucanje","11":"first","12":"instock","13":"taxable","14":"shipping-taxable","15":"purchasable","16":"product-type-simple"},"acf":[],"aioseo_notices":[],"_links":{"self":[{"href":"https:\/\/olliesport.com\/en\/wp-json\/wp\/v2\/product\/1610","targetHints":{"allow":["GET"]}}],"collection":[{"href":"https:\/\/olliesport.com\/en\/wp-json\/wp\/v2\/product"}],"about":[{"href":"https:\/\/olliesport.com\/en\/wp-json\/wp\/v2\/types\/product"}],"replies":[{"embeddable":true,"href":"https:\/\/olliesport.com\/en\/wp-json\/wp\/v2\/comments?post=1610"}],"wp:featuredmedia":[{"embeddable":true,"href":"https:\/\/olliesport.com\/en\/wp-json\/wp\/v2\/media\/3691"}],"wp:attachment":[{"href":"https:\/\/olliesport.com\/en\/wp-json\/wp\/v2\/media?parent=1610"}],"wp:term":[{"taxonomy":"product_brand","embeddable":true,"href":"https:\/\/olliesport.com\/en\/wp-json\/wp\/v2\/product_brand?post=1610"},{"taxonomy":"product_cat","embeddable":true,"href":"https:\/\/olliesport.com\/en\/wp-json\/wp\/v2\/product_cat?post=1610"},{"taxonomy":"product_tag","embeddable":true,"href":"https:\/\/olliesport.com\/en\/wp-json\/wp\/v2\/product_tag?post=1610"}],"curies":[{"name":"wp","href":"https:\/\/api.w.org\/{rel}","templated":true}]}}