{"id":1609,"date":"2025-10-29T14:52:35","date_gmt":"2025-10-29T13:52:35","guid":{"rendered":"https:\/\/olliesport.click.si\/trgovina\/uncategorized\/lange-sm-cevlji-xt3-tour-pro-power-blue\/"},"modified":"2026-04-16T14:59:37","modified_gmt":"2026-04-16T12:59:37","slug":"lange-sm-cevlji-xt3-tour-pro-power-blue","status":"publish","type":"product","link":"https:\/\/olliesport.com\/en\/trgovina\/smucanje\/pancarji\/free-tour-moski\/lange-sm-cevlji-xt3-tour-pro-power-blue\/","title":{"rendered":"LANGE XT3 TOUR PRO"},"content":{"rendered":"<p data-start=\"0\" data-end=\"209\"><strong data-start=\"0\" data-end=\"41\">Vstani in se odpravi v pustolov\u0161\u010dino.<\/strong><br data-start=\"41\" data-end=\"44\" \/>Popolnoma novi <strong data-start=\"59\" data-end=\"71\" data-is-only-node=\"\">XT3 TOUR<\/strong> zdru\u017euje legendarno Langejevo zmogljivost pri spustu v lahek turni \u010develj z <strong data-start=\"148\" data-end=\"158\">Vibram<\/strong> podplatom, zasnovan po standardu <em data-start=\"192\" data-end=\"206\">full touring<\/em>.<\/p>\n<p data-start=\"211\" data-end=\"436\">Z uporabo izjemno lahke plastike <strong data-start=\"244\" data-end=\"256\">Grilamid<\/strong> in te\u010dajev z <strong data-start=\"270\" data-end=\"293\">breztrenjem gibanja<\/strong> omogo\u010da lahkotno hojo in vzpone s ko\u017eami. Tehnologiji <strong data-start=\"348\" data-end=\"361\">Dual Core<\/strong> and <strong data-start=\"365\" data-end=\"388\">Active Power V-Lock<\/strong> pa zagotavljata natan\u010dnost in mo\u010d pri spustu.<\/p>\n<p data-start=\"438\" data-end=\"575\" data-is-last-node=\"\" data-is-only-node=\"\"><strong data-start=\"438\" data-end=\"450\">XT3 TOUR<\/strong> postavlja nov standard med turnimi \u010devlji \u2013 saj pri vzponu dr\u017ei korak z najbolj\u0161imi, pri spustu pa prese\u017ee vsa pri\u010dakovanja.<\/p>","protected":false},"excerpt":{"rendered":"<p>Flex: 130<\/p>\n<p>Last: 99mm<\/p>","protected":false},"featured_media":2818,"comment_status":"closed","ping_status":"closed","template":"","meta":{"_acf_changed":false,"inline_featured_image":false,"_monsterinsights_skip_tracking":false,"_monsterinsights_sitenote_active":false,"_monsterinsights_sitenote_note":"","_monsterinsights_sitenote_category":0},"product_brand":[30],"product_cat":[114,92,21],"product_tag":[],"class_list":{"0":"post-1609","1":"product","2":"type-product","3":"status-publish","4":"has-post-thumbnail","6":"product_brand-lange","7":"product_cat-free-tour-moski","8":"product_cat-pancarji","9":"product_cat-smucanje","11":"first","12":"instock","13":"sale","14":"taxable","15":"shipping-taxable","16":"purchasable","17":"product-type-variable"},"acf":[],"aioseo_notices":[],"_links":{"self":[{"href":"https:\/\/olliesport.com\/en\/wp-json\/wp\/v2\/product\/1609","targetHints":{"allow":["GET"]}}],"collection":[{"href":"https:\/\/olliesport.com\/en\/wp-json\/wp\/v2\/product"}],"about":[{"href":"https:\/\/olliesport.com\/en\/wp-json\/wp\/v2\/types\/product"}],"replies":[{"embeddable":true,"href":"https:\/\/olliesport.com\/en\/wp-json\/wp\/v2\/comments?post=1609"}],"wp:featuredmedia":[{"embeddable":true,"href":"https:\/\/olliesport.com\/en\/wp-json\/wp\/v2\/media\/2818"}],"wp:attachment":[{"href":"https:\/\/olliesport.com\/en\/wp-json\/wp\/v2\/media?parent=1609"}],"wp:term":[{"taxonomy":"product_brand","embeddable":true,"href":"https:\/\/olliesport.com\/en\/wp-json\/wp\/v2\/product_brand?post=1609"},{"taxonomy":"product_cat","embeddable":true,"href":"https:\/\/olliesport.com\/en\/wp-json\/wp\/v2\/product_cat?post=1609"},{"taxonomy":"product_tag","embeddable":true,"href":"https:\/\/olliesport.com\/en\/wp-json\/wp\/v2\/product_tag?post=1609"}],"curies":[{"name":"wp","href":"https:\/\/api.w.org\/{rel}","templated":true}]}}