{"id":1605,"date":"2025-10-29T14:52:35","date_gmt":"2025-10-29T13:52:35","guid":{"rendered":"https:\/\/olliesport.click.si\/trgovina\/uncategorized\/lange-sm-cevlji-xt3-tour-w-sp\/"},"modified":"2026-04-16T14:59:37","modified_gmt":"2026-04-16T12:59:37","slug":"lange-sm-cevlji-xt3-tour-w-sp","status":"publish","type":"product","link":"https:\/\/olliesport.com\/en\/trgovina\/smucanje\/pancarji\/free-tour-zenski\/lange-sm-cevlji-xt3-tour-w-sp\/","title":{"rendered":"LANGE XT3 TOUR W SPORT"},"content":{"rendered":"<h3 data-start=\"149\" data-end=\"213\"><strong data-start=\"153\" data-end=\"213\">Turni smu\u010darski \u010devlji Lange XT3 TOUR W SPORT \u2013 Stardust<\/strong><\/h3>\n<p data-start=\"215\" data-end=\"461\">Model <strong data-start=\"221\" data-end=\"247\">Lange XT3 TOUR W SPORT<\/strong> je zasnovan posebej za <strong data-start=\"271\" data-end=\"296\">\u017eenske turne smu\u010darke<\/strong>, ki i\u0161\u010dejo popolno ravnote\u017eje med lahkotnim vzponom in zmogljivim spustom. Ti freerando \u010devlji so ustvarjeni za pustolov\u0161\u010dine \u2013 lahki, udobni in izjemno natan\u010dni.<\/p>\n<p data-start=\"463\" data-end=\"722\">\u010cevlji vklju\u010dujejo vse klju\u010dne lastnosti pravega <strong data-start=\"512\" data-end=\"530\">turnega \u010devlja<\/strong>: <strong data-start=\"532\" data-end=\"560\">Vibram\u00ae ISO 9523 podplat<\/strong> za optimalen oprijem, <strong data-start=\"583\" data-end=\"613\">lahko \u0161koljko iz Grilamida<\/strong>, and <strong data-start=\"619\" data-end=\"675\">inovativen te\u010daj z gladkim, breztrenjemskim gibanjem<\/strong>, ki omogo\u010da neprimerljivo izku\u0161njo pri hoji.<\/p>\n<p data-start=\"724\" data-end=\"1018\">Poleg tega prina\u0161ajo tudi <strong data-start=\"750\" data-end=\"784\">tehnologije, zna\u010dilne za Lange<\/strong>, kot sta <strong data-start=\"794\" data-end=\"807\">Dual Core<\/strong> and <strong data-start=\"811\" data-end=\"827\">Power V-Lock<\/strong>, ki zagotavljata izjemno natan\u010dnost, togost in odzivnost pri spustu. Rezultat je \u010develj, ki je <strong data-start=\"923\" data-end=\"955\">izjemno u\u010dinkovit pri vzponu<\/strong> in hkrati ponuja <strong data-start=\"973\" data-end=\"1015\">odli\u010dno oporo ter odzivnost pri spustu<\/strong>.<\/p>\n<hr data-start=\"1020\" data-end=\"1023\" \/>\n<h3 data-start=\"1025\" data-end=\"1055\"><strong data-start=\"1029\" data-end=\"1055\">Technical specifications<\/strong><\/h3>\n<ul data-start=\"1056\" data-end=\"1799\">\n<li data-start=\"1099\" data-end=\"1127\">\n<p data-start=\"1101\" data-end=\"1127\"><strong data-start=\"1101\" data-end=\"1119\">Width (Last):<\/strong> 99 mm<\/p>\n<\/li>\n<li data-start=\"1128\" data-end=\"1144\">\n<p data-start=\"1130\" data-end=\"1144\"><strong data-start=\"1130\" data-end=\"1139\">Flex:<\/strong> 95<\/p>\n<\/li>\n<li data-start=\"1145\" data-end=\"1181\">\n<p data-start=\"1147\" data-end=\"1181\"><strong data-start=\"1147\" data-end=\"1168\">Material \u0161koljke:<\/strong> Poliuretan<\/p>\n<\/li>\n<li data-start=\"1182\" data-end=\"1220\">\n<p data-start=\"1184\" data-end=\"1220\"><strong data-start=\"1184\" data-end=\"1208\">Tehnologija \u0161koljke:<\/strong> Dual Core<\/p>\n<\/li>\n<li data-start=\"1221\" data-end=\"1304\">\n<p data-start=\"1223\" data-end=\"1304\"><strong data-start=\"1223\" data-end=\"1252\">Sistem za la\u017eje obuvanje:<\/strong> Vgrajen vlo\u017eek za enostavno obuvanje in sezuvanje<\/p>\n<\/li>\n<li data-start=\"1305\" data-end=\"1360\">\n<p data-start=\"1307\" data-end=\"1360\"><strong data-start=\"1307\" data-end=\"1330\">Zgornji del (cuff):<\/strong> Active Ski &amp; Walk mehanizem<\/p>\n<\/li>\n<li data-start=\"1361\" data-end=\"1410\">\n<p data-start=\"1363\" data-end=\"1410\"><strong data-start=\"1363\" data-end=\"1391\">Material zgornjega dela:<\/strong> Lyfran Dual Core<\/p>\n<\/li>\n<li data-start=\"1411\" data-end=\"1451\">\n<p data-start=\"1413\" data-end=\"1451\"><strong data-start=\"1413\" data-end=\"1445\">Izolacija notranjega \u010devlja:<\/strong> EVA<\/p>\n<\/li>\n<li data-start=\"1452\" data-end=\"1485\">\n<p data-start=\"1454\" data-end=\"1485\"><strong data-start=\"1454\" data-end=\"1465\">Strap:<\/strong> 40 mm Power Strap<\/p>\n<\/li>\n<li data-start=\"1486\" data-end=\"1546\">\n<p data-start=\"1488\" data-end=\"1546\"><strong data-start=\"1488\" data-end=\"1508\">Notranji \u010develj:<\/strong> Prilagodljiv (Customizable Touring)<\/p>\n<\/li>\n<li data-start=\"1547\" data-end=\"1604\">\n<p data-start=\"1549\" data-end=\"1604\"><strong data-start=\"1549\" data-end=\"1561\">Buckles:<\/strong> Alu Light, Secure Profile, La Monte Lock<\/p>\n<\/li>\n<li data-start=\"1605\" data-end=\"1648\">\n<p data-start=\"1607\" data-end=\"1648\"><strong data-start=\"1607\" data-end=\"1629\">Nastavitev zaponk:<\/strong> Mikro nastavitve<\/p>\n<\/li>\n<li data-start=\"1649\" data-end=\"1691\">\n<p data-start=\"1651\" data-end=\"1691\"><strong data-start=\"1651\" data-end=\"1679\">Dodatne funkcije zaponk:<\/strong> Hike Lock<\/p>\n<\/li>\n<li data-start=\"1692\" data-end=\"1733\">\n<p data-start=\"1694\" data-end=\"1733\"><strong data-start=\"1694\" data-end=\"1706\">Podplat:<\/strong> Vibram\u00ae ISO 9523 Touring<\/p>\n<\/li>\n<li data-start=\"1734\" data-end=\"1799\">\n<p data-start=\"1736\" data-end=\"1799\"><strong data-start=\"1736\" data-end=\"1755\">Sistem gibanja:<\/strong> Te\u010daj z gladkim, breztrenjemskim gibanjem<\/p>\n<\/li>\n<\/ul>","protected":false},"excerpt":{"rendered":"<ul data-start=\"1056\" data-end=\"1799\">\n<li data-start=\"1099\" data-end=\"1127\">\n<p data-start=\"1101\" data-end=\"1127\"><strong data-start=\"1101\" data-end=\"1119\">Width (Last):<\/strong> 99 mm<\/p>\n<\/li>\n<li data-start=\"1128\" data-end=\"1144\">\n<p data-start=\"1130\" data-end=\"1144\"><strong data-start=\"1130\" data-end=\"1139\">Flex:<\/strong> 95<\/p>\n<\/li>\n<\/ul>","protected":false},"featured_media":2847,"comment_status":"closed","ping_status":"closed","template":"","meta":{"_acf_changed":false,"inline_featured_image":false,"_monsterinsights_skip_tracking":false,"_monsterinsights_sitenote_active":false,"_monsterinsights_sitenote_note":"","_monsterinsights_sitenote_category":0},"product_brand":[30],"product_cat":[115,92,21],"product_tag":[],"class_list":{"0":"post-1605","1":"product","2":"type-product","3":"status-publish","4":"has-post-thumbnail","6":"product_brand-lange","7":"product_cat-free-tour-zenski","8":"product_cat-pancarji","9":"product_cat-smucanje","11":"first","12":"instock","13":"sale","14":"taxable","15":"shipping-taxable","16":"purchasable","17":"product-type-variable"},"acf":[],"aioseo_notices":[],"_links":{"self":[{"href":"https:\/\/olliesport.com\/en\/wp-json\/wp\/v2\/product\/1605","targetHints":{"allow":["GET"]}}],"collection":[{"href":"https:\/\/olliesport.com\/en\/wp-json\/wp\/v2\/product"}],"about":[{"href":"https:\/\/olliesport.com\/en\/wp-json\/wp\/v2\/types\/product"}],"replies":[{"embeddable":true,"href":"https:\/\/olliesport.com\/en\/wp-json\/wp\/v2\/comments?post=1605"}],"wp:featuredmedia":[{"embeddable":true,"href":"https:\/\/olliesport.com\/en\/wp-json\/wp\/v2\/media\/2847"}],"wp:attachment":[{"href":"https:\/\/olliesport.com\/en\/wp-json\/wp\/v2\/media?parent=1605"}],"wp:term":[{"taxonomy":"product_brand","embeddable":true,"href":"https:\/\/olliesport.com\/en\/wp-json\/wp\/v2\/product_brand?post=1605"},{"taxonomy":"product_cat","embeddable":true,"href":"https:\/\/olliesport.com\/en\/wp-json\/wp\/v2\/product_cat?post=1605"},{"taxonomy":"product_tag","embeddable":true,"href":"https:\/\/olliesport.com\/en\/wp-json\/wp\/v2\/product_tag?post=1605"}],"curies":[{"name":"wp","href":"https:\/\/api.w.org\/{rel}","templated":true}]}}