{"id":1602,"date":"2025-10-29T14:52:34","date_gmt":"2025-10-29T13:52:34","guid":{"rendered":"https:\/\/olliesport.click.si\/trgovina\/uncategorized\/lange-sm-cevlji-xt3-tour-w-pr\/"},"modified":"2026-04-16T14:59:37","modified_gmt":"2026-04-16T12:59:37","slug":"lange-xt3-tour-w-pro","status":"publish","type":"product","link":"https:\/\/olliesport.com\/en\/trgovina\/smucanje\/pancarji\/free-tour-zenski\/lange-xt3-tour-w-pro\/","title":{"rendered":"LANGE XT3 TOUR W PRO"},"content":{"rendered":"<h3 data-start=\"147\" data-end=\"212\"><strong data-start=\"151\" data-end=\"212\">Turni smu\u010darski \u010devlji Lange XT3 TOUR W PRO \u2013 Shadow Blue<\/strong><\/h3>\n<p data-start=\"214\" data-end=\"592\">Novi <strong data-start=\"219\" data-end=\"237\">XT3 TOUR PRO W<\/strong> turni smu\u010darski \u010devlji zdru\u017eujejo Langejevo prepoznavno <strong data-start=\"294\" data-end=\"327\">mo\u010d in zmogljivost pri spustu<\/strong> z vsemi lastnostmi, ki jih potrebujete pri turnem smu\u010danju. \u010cevlji imajo <strong data-start=\"401\" data-end=\"429\">Vibram\u00ae ISO 9523 podplat<\/strong> za odli\u010den oprijem, <strong data-start=\"450\" data-end=\"480\">lahko \u0161koljko iz Grilamida<\/strong>, and <strong data-start=\"486\" data-end=\"534\">inovativen te\u010daj z gladkim gibom brez trenja<\/strong>, ki omogo\u010da izjemno udobno in u\u010dinkovito hojo v klanec.<\/p>\n<p data-start=\"594\" data-end=\"836\">Oblika \u0161koljke je zasnovana posebej za <strong data-start=\"633\" data-end=\"653\">\u017eensko anatomijo<\/strong>, kar prina\u0161a ve\u010d <strong data-start=\"671\" data-end=\"705\">udobja, natan\u010dnosti in nadzora<\/strong>. S \u0161irino <strong data-start=\"716\" data-end=\"725\">99 mm<\/strong> in fleksom <strong data-start=\"737\" data-end=\"744\">115<\/strong> ti \u010devlji nudijo popolno ravnovesje med udobjem pri vzponih in zmogljivostjo pri spustih.<\/p>\n<p data-start=\"838\" data-end=\"926\">Odkrij nedotaknjen teren in u\u017eivaj v svobodi gibanja z modelom <strong data-start=\"901\" data-end=\"925\">Lange XT3 TOUR W PRO<\/strong>.<\/p>\n<hr data-start=\"928\" data-end=\"931\" \/>\n<h3 data-start=\"933\" data-end=\"963\"><strong data-start=\"937\" data-end=\"963\">Technical specifications<\/strong><\/h3>\n<ul data-start=\"964\" data-end=\"1322\">\n<li data-start=\"986\" data-end=\"1006\">\n<p data-start=\"988\" data-end=\"1006\"><strong data-start=\"988\" data-end=\"997\">Spol:<\/strong> \u017denski<\/p>\n<\/li>\n<li data-start=\"1007\" data-end=\"1027\">\n<p data-start=\"1009\" data-end=\"1027\"><strong data-start=\"1009\" data-end=\"1020\">Letnik:<\/strong> 2023<\/p>\n<\/li>\n<li data-start=\"1028\" data-end=\"1078\">\n<p data-start=\"1030\" data-end=\"1078\"><strong data-start=\"1030\" data-end=\"1046\">Level of knowledge:<\/strong> Advanced\/expert skiers<\/p>\n<\/li>\n<li data-start=\"1079\" data-end=\"1129\">\n<p data-start=\"1081\" data-end=\"1129\"><strong data-start=\"1081\" data-end=\"1093\">Program:<\/strong> Turno smu\u010danje (Hiking \/ Touring)<\/p>\n<\/li>\n<li data-start=\"1130\" data-end=\"1147\">\n<p data-start=\"1132\" data-end=\"1147\"><strong data-start=\"1132\" data-end=\"1141\">Flex:<\/strong> 115<\/p>\n<\/li>\n<li data-start=\"1148\" data-end=\"1183\">\n<p data-start=\"1150\" data-end=\"1183\"><strong data-start=\"1150\" data-end=\"1175\">\u0160irina \u010devlja (Last):<\/strong> 99 mm<\/p>\n<\/li>\n<li data-start=\"1184\" data-end=\"1218\">\n<p data-start=\"1186\" data-end=\"1218\"><strong data-start=\"1186\" data-end=\"1196\">Barva:<\/strong> Modra (Shadow Blue)<\/p>\n<\/li>\n<li data-start=\"1219\" data-end=\"1252\">\n<p data-start=\"1221\" data-end=\"1252\"><strong data-start=\"1221\" data-end=\"1233\">Podplat:<\/strong> Vibram\u00ae ISO 9523<\/p>\n<\/li>\n<li data-start=\"1253\" data-end=\"1282\">\n<p data-start=\"1255\" data-end=\"1282\"><strong data-start=\"1255\" data-end=\"1272\">Razpon flexa:<\/strong> 110\u2013130<\/p>\n<\/li>\n<li data-start=\"1283\" data-end=\"1322\">\n<p data-start=\"1285\" data-end=\"1322\"><strong data-start=\"1285\" data-end=\"1310\">Razpon \u0161irine \u010devlja:<\/strong> 98\u2013100 mm<\/p>\n<\/li>\n<\/ul>","protected":false},"excerpt":{"rendered":"<ul data-start=\"964\" data-end=\"1322\">\n<li data-start=\"1130\" data-end=\"1147\">\n<p data-start=\"1132\" data-end=\"1147\"><strong data-start=\"1132\" data-end=\"1141\">Flex:<\/strong> 115<\/p>\n<\/li>\n<li data-start=\"1148\" data-end=\"1183\">\n<p data-start=\"1150\" data-end=\"1183\"><strong data-start=\"1150\" data-end=\"1175\">\u0160irina \u010devlja (Last):<\/strong> 99 mm<\/p>\n<\/li>\n<li><strong data-start=\"1255\" data-end=\"1272\">Razpon flexa:<\/strong> 110\u2013130<\/li>\n<\/ul>","protected":false},"featured_media":2845,"comment_status":"closed","ping_status":"closed","template":"","meta":{"_acf_changed":false,"inline_featured_image":false,"_monsterinsights_skip_tracking":false,"_monsterinsights_sitenote_active":false,"_monsterinsights_sitenote_note":"","_monsterinsights_sitenote_category":0},"product_brand":[30],"product_cat":[115,92,21],"product_tag":[],"class_list":{"0":"post-1602","1":"product","2":"type-product","3":"status-publish","4":"has-post-thumbnail","6":"product_brand-lange","7":"product_cat-free-tour-zenski","8":"product_cat-pancarji","9":"product_cat-smucanje","11":"first","12":"instock","13":"sale","14":"taxable","15":"shipping-taxable","16":"purchasable","17":"product-type-variable"},"acf":[],"aioseo_notices":[],"_links":{"self":[{"href":"https:\/\/olliesport.com\/en\/wp-json\/wp\/v2\/product\/1602","targetHints":{"allow":["GET"]}}],"collection":[{"href":"https:\/\/olliesport.com\/en\/wp-json\/wp\/v2\/product"}],"about":[{"href":"https:\/\/olliesport.com\/en\/wp-json\/wp\/v2\/types\/product"}],"replies":[{"embeddable":true,"href":"https:\/\/olliesport.com\/en\/wp-json\/wp\/v2\/comments?post=1602"}],"wp:featuredmedia":[{"embeddable":true,"href":"https:\/\/olliesport.com\/en\/wp-json\/wp\/v2\/media\/2845"}],"wp:attachment":[{"href":"https:\/\/olliesport.com\/en\/wp-json\/wp\/v2\/media?parent=1602"}],"wp:term":[{"taxonomy":"product_brand","embeddable":true,"href":"https:\/\/olliesport.com\/en\/wp-json\/wp\/v2\/product_brand?post=1602"},{"taxonomy":"product_cat","embeddable":true,"href":"https:\/\/olliesport.com\/en\/wp-json\/wp\/v2\/product_cat?post=1602"},{"taxonomy":"product_tag","embeddable":true,"href":"https:\/\/olliesport.com\/en\/wp-json\/wp\/v2\/product_tag?post=1602"}],"curies":[{"name":"wp","href":"https:\/\/api.w.org\/{rel}","templated":true}]}}