{"id":1601,"date":"2025-10-29T14:52:34","date_gmt":"2025-10-29T13:52:34","guid":{"rendered":"https:\/\/olliesport.click.si\/trgovina\/uncategorized\/lange-sm-cevlji-xt3-tour-spor\/"},"modified":"2025-11-20T17:29:46","modified_gmt":"2025-11-20T16:29:46","slug":"lange-sm-cevlji-xt3-tour-spor","status":"publish","type":"product","link":"https:\/\/olliesport.com\/en\/trgovina\/smucanje\/pancarji\/free-tour-moski\/lange-sm-cevlji-xt3-tour-spor\/","title":{"rendered":"LANGE XT3 TOUR SPORT"},"content":{"rendered":"<p data-start=\"0\" data-end=\"20\"><strong data-start=\"0\" data-end=\"18\">LANGE XT3 TOUR<\/strong><\/p>\n<h3 data-start=\"21\" data-end=\"102\"><strong data-start=\"25\" data-end=\"102\">Legendarna zmogljivost pri spustu, zdru\u017eena z lahkotnostjo turnega \u010devlja<\/strong><\/h3>\n<p data-start=\"104\" data-end=\"435\">Popolnoma novi <strong data-start=\"119\" data-end=\"137\">Lange XT3 Tour<\/strong> prina\u0161a prepoznavno Langejevo mo\u010d in natan\u010dnost pri spustu v izjemno lahek turni \u010develj s <strong data-start=\"228\" data-end=\"248\">podplatom Vibram<\/strong>, izdelanim po standardu <em data-start=\"273\" data-end=\"303\">Full Touring Norm (ISO 9523)<\/em>.<br data-start=\"304\" data-end=\"307\" \/>Zasnovan je za tiste, ki zahtevajo popolno ravnovesje med u\u010dinkovitostjo pri vzponu in brezkompromisno zmogljivostjo pri spustu.<\/p>\n<hr data-start=\"437\" data-end=\"440\" \/>\n<h3 data-start=\"442\" data-end=\"463\"><strong data-start=\"446\" data-end=\"463\">Specifikacije<\/strong><\/h3>\n<ul data-start=\"465\" data-end=\"553\">\n<li data-start=\"465\" data-end=\"482\">\n<p data-start=\"467\" data-end=\"482\"><strong data-start=\"467\" data-end=\"476\">Flex:<\/strong> 120<\/p>\n<\/li>\n<li data-start=\"483\" data-end=\"511\">\n<p data-start=\"485\" data-end=\"511\"><strong data-start=\"485\" data-end=\"503\">\u0160irina (last):<\/strong> 99 mm<\/p>\n<\/li>\n<li data-start=\"512\" data-end=\"553\">\n<p data-start=\"514\" data-end=\"553\"><strong data-start=\"514\" data-end=\"544\">Te\u017ea (par, velikost 26.5):<\/strong> 3050 g<\/p>\n<\/li>\n<\/ul>\n<hr data-start=\"555\" data-end=\"558\" \/>\n<h3 data-start=\"560\" data-end=\"593\"><strong data-start=\"564\" data-end=\"593\">Materiali in konstrukcija<\/strong><\/h3>\n<ul data-start=\"595\" data-end=\"1372\">\n<li data-start=\"595\" data-end=\"657\">\n<p data-start=\"597\" data-end=\"657\"><strong data-start=\"597\" data-end=\"609\">\u0160koljka:<\/strong> Polyurethane \u2013 trpe\u017ena, elasti\u010dna in natan\u010dna<\/p>\n<\/li>\n<li data-start=\"658\" data-end=\"737\">\n<p data-start=\"660\" data-end=\"737\"><strong data-start=\"660\" data-end=\"683\">Zgornji del (cuff):<\/strong> Lyftran \u2013 lahek in tog material za optimalen nadzor<\/p>\n<\/li>\n<li data-start=\"738\" data-end=\"798\">\n<p data-start=\"740\" data-end=\"798\"><strong data-start=\"740\" data-end=\"761\">Sistem zapiranja:<\/strong> 4 aluminijaste zaponke (100 % Alu)<\/p>\n<\/li>\n<li data-start=\"799\" data-end=\"854\">\n<p data-start=\"801\" data-end=\"854\"><strong data-start=\"801\" data-end=\"816\">Powerstrap:<\/strong> 40 mm \u2013 dodatna opora in stabilnost<\/p>\n<\/li>\n<li data-start=\"855\" data-end=\"947\">\n<p data-start=\"857\" data-end=\"947\"><strong data-start=\"857\" data-end=\"877\">Notranji vlo\u017eek:<\/strong> Performance Boot Board \u2013 izbolj\u0161ana izolacija in absorpcija udarcev<\/p>\n<\/li>\n<li data-start=\"948\" data-end=\"1024\">\n<p data-start=\"950\" data-end=\"1024\"><strong data-start=\"950\" data-end=\"970\">Notranji \u010develj:<\/strong> Touring Liner \u2013 lahek, udoben in toplotno oblikljiv<\/p>\n<\/li>\n<li data-start=\"1025\" data-end=\"1100\">\n<p data-start=\"1027\" data-end=\"1100\"><strong data-start=\"1027\" data-end=\"1039\">Podplat:<\/strong> Vibram\u00ae Touring ISO 9523 \u2013 izjemen oprijem in vzdr\u017eljivost<\/p>\n<\/li>\n<li data-start=\"1101\" data-end=\"1172\">\n<p data-start=\"1103\" data-end=\"1172\"><strong data-start=\"1103\" data-end=\"1114\">Vlo\u017eki:<\/strong> Dynafit\u00ae Low-Tech \u2013 popolna zdru\u017eljivost s <em data-start=\"1158\" data-end=\"1164\">tech<\/em> vezmi<\/p>\n<\/li>\n<li data-start=\"1173\" data-end=\"1268\">\n<p data-start=\"1175\" data-end=\"1268\"><strong data-start=\"1175\" data-end=\"1192\">Konstrukcija:<\/strong> Dual Core Light \u2013 eksploziven odboj in visoka natan\u010dnost pri prenosu mo\u010di<\/p>\n<\/li>\n<li data-start=\"1269\" data-end=\"1372\">\n<p data-start=\"1271\" data-end=\"1372\"><strong data-start=\"1271\" data-end=\"1302\">Mehanizem za hojo\/smu\u010danje:<\/strong> Active Power V-Lock \u2013 u\u010dinkovit preklop med na\u010dinoma hoje in spusta<\/p>\n<\/li>\n<\/ul>\n<hr data-start=\"1374\" data-end=\"1377\" \/>\n<p data-start=\"1379\" data-end=\"1565\"><strong data-start=\"1379\" data-end=\"1391\">XT3 Tour<\/strong> je \u010develj za zahtevne turne smu\u010darje, ki ne pristajajo na kompromise \u2013 lahkotnost pri vzponu, legendarna Langejeva zmogljivost pri spustu in popoln nadzor v vseh razmerah.<\/p>","protected":false},"excerpt":{"rendered":"<ul data-start=\"465\" data-end=\"553\">\n<li data-start=\"465\" data-end=\"482\">\n<p data-start=\"467\" data-end=\"482\"><strong data-start=\"467\" data-end=\"476\">Flex:<\/strong> 120<\/p>\n<\/li>\n<li data-start=\"483\" data-end=\"511\">\n<p data-start=\"485\" data-end=\"511\"><strong data-start=\"485\" data-end=\"503\">\u0160irina (last):<\/strong> 99 mm<\/p>\n<\/li>\n<li data-start=\"512\" data-end=\"553\">\n<p data-start=\"514\" data-end=\"553\"><strong data-start=\"514\" data-end=\"544\">Te\u017ea (par, velikost 26.5):<\/strong> 3050 g<\/p>\n<\/li>\n<\/ul>","protected":false},"featured_media":2834,"comment_status":"closed","ping_status":"closed","template":"","meta":{"_acf_changed":false,"inline_featured_image":false,"_monsterinsights_skip_tracking":false,"_monsterinsights_sitenote_active":false,"_monsterinsights_sitenote_note":"","_monsterinsights_sitenote_category":0},"product_brand":[30],"product_cat":[114,92,21],"product_tag":[],"class_list":{"0":"post-1601","1":"product","2":"type-product","3":"status-publish","4":"has-post-thumbnail","6":"product_brand-lange","7":"product_cat-free-tour-moski","8":"product_cat-pancarji","9":"product_cat-smucanje","11":"first","12":"instock","13":"sale","14":"taxable","15":"shipping-taxable","16":"purchasable","17":"product-type-simple"},"acf":[],"aioseo_notices":[],"_links":{"self":[{"href":"https:\/\/olliesport.com\/en\/wp-json\/wp\/v2\/product\/1601","targetHints":{"allow":["GET"]}}],"collection":[{"href":"https:\/\/olliesport.com\/en\/wp-json\/wp\/v2\/product"}],"about":[{"href":"https:\/\/olliesport.com\/en\/wp-json\/wp\/v2\/types\/product"}],"replies":[{"embeddable":true,"href":"https:\/\/olliesport.com\/en\/wp-json\/wp\/v2\/comments?post=1601"}],"wp:featuredmedia":[{"embeddable":true,"href":"https:\/\/olliesport.com\/en\/wp-json\/wp\/v2\/media\/2834"}],"wp:attachment":[{"href":"https:\/\/olliesport.com\/en\/wp-json\/wp\/v2\/media?parent=1601"}],"wp:term":[{"taxonomy":"product_brand","embeddable":true,"href":"https:\/\/olliesport.com\/en\/wp-json\/wp\/v2\/product_brand?post=1601"},{"taxonomy":"product_cat","embeddable":true,"href":"https:\/\/olliesport.com\/en\/wp-json\/wp\/v2\/product_cat?post=1601"},{"taxonomy":"product_tag","embeddable":true,"href":"https:\/\/olliesport.com\/en\/wp-json\/wp\/v2\/product_tag?post=1601"}],"curies":[{"name":"wp","href":"https:\/\/api.w.org\/{rel}","templated":true}]}}