{"id":1599,"date":"2025-10-29T14:52:34","date_gmt":"2025-10-29T13:52:34","guid":{"rendered":"https:\/\/olliesport.click.si\/trgovina\/uncategorized\/lange-sm-cevlji-xt3-tour-hybrid-110-mv-gwv-g-2\/"},"modified":"2026-01-13T14:19:55","modified_gmt":"2026-01-13T13:19:55","slug":"lange-sm-cevlji-xt3-tour-hybrid-110-mv-gwv-g-2","status":"publish","type":"product","link":"https:\/\/olliesport.com\/en\/trgovina\/smucanje\/pancarji\/free-tour-moski\/lange-sm-cevlji-xt3-tour-hybrid-110-mv-gwv-g-2\/","title":{"rendered":"LANGE XT3 TOUR HYBRID 110 MV GW"},"content":{"rendered":"<h2 data-start=\"145\" data-end=\"182\"><strong data-start=\"148\" data-end=\"180\">LANGE XT3 TOUR HYBRID 110 MV<\/strong><\/h2>\n<h3 data-start=\"183\" data-end=\"233\"><strong data-start=\"187\" data-end=\"233\">Ena zimska pustolov\u0161\u010dina, en \u010develj za vse<\/strong><\/h3>\n<p data-start=\"235\" data-end=\"481\">Capacity <em data-start=\"247\" data-end=\"257\">freeride<\/em> smu\u010danja in turna vsestranskost \u2013 brez kompromisov pri spustu.<br data-start=\"320\" data-end=\"323\" \/><strong data-start=\"323\" data-end=\"355\">Lange XT3 Tour Hybrid 110 MV<\/strong> je popoln vsestranski \u010develj za tiste, ki i\u0161\u010dejo svobodo gibanja, udobje in natan\u010dnost \u2013 na smu\u010di\u0161\u010du ali izven urejenih prog.<\/p>\n<p data-start=\"483\" data-end=\"953\">Ne glede na to, ali raziskuje\u0161 smu\u010di\u0161\u010de, se s \u010devlji vzpenja\u0161 pe\u0161 do sve\u017eih linij ali pa se z nahrbtnikom odpravi\u0161 v <em data-start=\"600\" data-end=\"613\">backcountry<\/em>, XT3 Tour Hybrid zdru\u017euje legendarno Langejevo zmogljivost pri spustu z izjemno turna prilagodljivostjo.<br data-start=\"718\" data-end=\"721\" \/>Lahke aluminijaste zaponke ohranjajo stabilnost in natan\u010dnost, hkrati pa zmanj\u0161ajo te\u017eo. S fleksom <strong data-start=\"820\" data-end=\"827\">110<\/strong> ponuja popolno ravnovesje mo\u010di in udobja za srednje izku\u0161ene smu\u010darje, ki \u017eelijo dvigniti svoje znanje izven urejenih prog.<\/p>\n<p data-start=\"955\" data-end=\"1109\">S \u0161irino <strong data-start=\"964\" data-end=\"974\">100mm<\/strong> in srednjim volumnom notranjega \u010devlja nudi XT3 Tour Hybrid celodnevno udobje \u2013 za tiste, ki si \u017eelijo raziskovati ve\u010d, dlje in vi\u0161je.<\/p>\n<hr data-start=\"1111\" data-end=\"1114\" \/>\n<h3 data-start=\"1116\" data-end=\"1140\"><strong data-start=\"1120\" data-end=\"1140\">Glavne prednosti<\/strong><\/h3>\n<p data-start=\"1142\" data-end=\"1326\"><strong data-start=\"1142\" data-end=\"1169\">Naravna svoboda gibanja<\/strong><br data-start=\"1169\" data-end=\"1172\" \/>Zgornji del s te\u010dajem <strong data-start=\"1194\" data-end=\"1217\">Friction-Free Hinge<\/strong> omogo\u010da ve\u010dji razpon gibanja v na\u010dinu hoje in zagotavlja gladko, naravno gibanje pri vzponu ali uporabi ko\u017e.<\/p>\n<p data-start=\"1328\" data-end=\"1527\"><strong data-start=\"1328\" data-end=\"1366\">Izbolj\u0161ana okretnost in prileganje<\/strong><br data-start=\"1366\" data-end=\"1369\" \/>Inovativna tehnologija <strong data-start=\"1392\" data-end=\"1405\">Dual Core<\/strong> zdru\u017euje trde in mehke materiale za maksimalen prenos mo\u010di, odzivnost in dinami\u010den odboj \u2013 popoln nadzor v vseh razmerah.<\/p>\n<p data-start=\"1529\" data-end=\"1669\"><strong data-start=\"1529\" data-end=\"1558\">Zdru\u017eljivost s tech vezmi<\/strong><br data-start=\"1558\" data-end=\"1561\" \/><strong data-start=\"1561\" data-end=\"1573\">Dynafit\u00ae<\/strong> certificirani vlo\u017eki zagotavljajo zanesljivo zmogljivost pri <em data-start=\"1635\" data-end=\"1649\">freetouringu<\/em> in turnem smu\u010danju.<\/p>\n<p data-start=\"1671\" data-end=\"1839\"><strong data-start=\"1671\" data-end=\"1705\">Natan\u010dno in dolgotrajno udobje<\/strong><br data-start=\"1705\" data-end=\"1708\" \/>Inner shoe <strong data-start=\"1724\" data-end=\"1741\">Dual 3D Liner<\/strong> je anatomsko oblikovan okoli stopala in gle\u017enja ter ponuja odli\u010dno prileganje in toploto ves dan.<\/p>\n<p data-start=\"1841\" data-end=\"2057\"><strong data-start=\"1841\" data-end=\"1872\">Turni podplat za vse terene<\/strong><br data-start=\"1872\" data-end=\"1875\" \/>Podplat <strong data-start=\"1883\" data-end=\"1908\">Gripwalk\u00ae (ISO 23223)<\/strong> with <strong data-start=\"1911\" data-end=\"1922\">Vibram\u00ae<\/strong> povr\u0161ino zagotavlja odli\u010den oprijem na skalah in snegu, medtem ko zaobljen profil omogo\u010da naravno hojo in stabilnost na vsakem koraku.<\/p>\n<hr data-start=\"2059\" data-end=\"2062\" \/>\n<h3 data-start=\"2064\" data-end=\"2090\"><strong data-start=\"2068\" data-end=\"2090\">Technical features<\/strong><\/h3>\n<ul data-start=\"2092\" data-end=\"2913\">\n<li data-start=\"2092\" data-end=\"2171\">\n<p data-start=\"2094\" data-end=\"2171\"><strong data-start=\"2094\" data-end=\"2118\">Tehnologija \u0161koljke:<\/strong> Dual Core Light \u2013 eksploziven odboj in elasti\u010dnost<\/p>\n<\/li>\n<li data-start=\"2172\" data-end=\"2241\">\n<p data-start=\"2174\" data-end=\"2241\"><strong data-start=\"2174\" data-end=\"2195\">Material \u0161koljke:<\/strong> Polyurethane Light \u2013 mo\u010d in prilagodljivost<\/p>\n<\/li>\n<li data-start=\"2242\" data-end=\"2303\">\n<p data-start=\"2244\" data-end=\"2303\"><strong data-start=\"2244\" data-end=\"2267\">Vlo\u017eek (bootboard):<\/strong> Ultra-light Performance Bootboard<\/p>\n<\/li>\n<li data-start=\"2304\" data-end=\"2367\">\n<p data-start=\"2306\" data-end=\"2367\"><strong data-start=\"2306\" data-end=\"2329\">Posebnosti \u0161koljke:<\/strong> Easy-entry \u2013 udoben vstop in izstop<\/p>\n<\/li>\n<li data-start=\"2368\" data-end=\"2424\">\n<p data-start=\"2370\" data-end=\"2424\"><strong data-start=\"2370\" data-end=\"2393\">Flex nastavljivost:<\/strong> \u00b110 % za prilagoditev trdote<\/p>\n<\/li>\n<li data-start=\"2425\" data-end=\"2475\">\n<p data-start=\"2427\" data-end=\"2475\"><strong data-start=\"2427\" data-end=\"2453\">Sistem zgornjega dela:<\/strong> Active Power V-Lock<\/p>\n<\/li>\n<li data-start=\"2476\" data-end=\"2534\">\n<p data-start=\"2478\" data-end=\"2534\"><strong data-start=\"2478\" data-end=\"2506\">Material zgornjega dela:<\/strong> Lyfran \u2013 lahek in trpe\u017een<\/p>\n<\/li>\n<li data-start=\"2535\" data-end=\"2581\">\n<p data-start=\"2537\" data-end=\"2581\"><strong data-start=\"2537\" data-end=\"2557\">Notranji \u010develj:<\/strong> Dual 3D Liner Pro EVA<\/p>\n<\/li>\n<li data-start=\"2582\" data-end=\"2680\">\n<p data-start=\"2584\" data-end=\"2680\"><strong data-start=\"2584\" data-end=\"2619\">Prilagoditev notranjega \u010devlja:<\/strong> Core Custom 2 \u2013 najvi\u0161ja stopnja individualnega prileganja<\/p>\n<\/li>\n<li data-start=\"2681\" data-end=\"2739\">\n<p data-start=\"2683\" data-end=\"2739\"><strong data-start=\"2683\" data-end=\"2695\">Buckles:<\/strong> 4 ultra lahke kovane aluminijaste zaponke<\/p>\n<\/li>\n<li data-start=\"2740\" data-end=\"2787\">\n<p data-start=\"2742\" data-end=\"2787\"><strong data-start=\"2742\" data-end=\"2757\">Powerstrap:<\/strong> 50 mm za dodatno stabilnost<\/p>\n<\/li>\n<li data-start=\"2788\" data-end=\"2824\">\n<p data-start=\"2790\" data-end=\"2824\"><strong data-start=\"2790\" data-end=\"2817\">Mikronastavitev zaponk:<\/strong> 7 mm<\/p>\n<\/li>\n<li data-start=\"2825\" data-end=\"2866\">\n<p data-start=\"2827\" data-end=\"2866\"><strong data-start=\"2827\" data-end=\"2855\">Jezik notranjega \u010devlja:<\/strong> PE LT 45<\/p>\n<\/li>\n<li data-start=\"2867\" data-end=\"2913\">\n<p data-start=\"2869\" data-end=\"2913\"><strong data-start=\"2869\" data-end=\"2881\">Podplat:<\/strong> Gripwalk\u00ae Vibram\u00ae Rocker Sole<\/p>\n<\/li>\n<\/ul>","protected":false},"excerpt":{"rendered":"<p>Flex: 110<\/p>\n<p>Last: 100mm<\/p>","protected":false},"featured_media":2822,"comment_status":"closed","ping_status":"closed","template":"","meta":{"_acf_changed":false,"inline_featured_image":false,"_monsterinsights_skip_tracking":false,"_monsterinsights_sitenote_active":false,"_monsterinsights_sitenote_note":"","_monsterinsights_sitenote_category":0},"product_brand":[30],"product_cat":[114,92,21],"product_tag":[],"class_list":{"0":"post-1599","1":"product","2":"type-product","3":"status-publish","4":"has-post-thumbnail","6":"product_brand-lange","7":"product_cat-free-tour-moski","8":"product_cat-pancarji","9":"product_cat-smucanje","11":"first","12":"instock","13":"sale","14":"taxable","15":"shipping-taxable","16":"purchasable","17":"product-type-variable"},"acf":[],"aioseo_notices":[],"_links":{"self":[{"href":"https:\/\/olliesport.com\/en\/wp-json\/wp\/v2\/product\/1599","targetHints":{"allow":["GET"]}}],"collection":[{"href":"https:\/\/olliesport.com\/en\/wp-json\/wp\/v2\/product"}],"about":[{"href":"https:\/\/olliesport.com\/en\/wp-json\/wp\/v2\/types\/product"}],"replies":[{"embeddable":true,"href":"https:\/\/olliesport.com\/en\/wp-json\/wp\/v2\/comments?post=1599"}],"wp:featuredmedia":[{"embeddable":true,"href":"https:\/\/olliesport.com\/en\/wp-json\/wp\/v2\/media\/2822"}],"wp:attachment":[{"href":"https:\/\/olliesport.com\/en\/wp-json\/wp\/v2\/media?parent=1599"}],"wp:term":[{"taxonomy":"product_brand","embeddable":true,"href":"https:\/\/olliesport.com\/en\/wp-json\/wp\/v2\/product_brand?post=1599"},{"taxonomy":"product_cat","embeddable":true,"href":"https:\/\/olliesport.com\/en\/wp-json\/wp\/v2\/product_cat?post=1599"},{"taxonomy":"product_tag","embeddable":true,"href":"https:\/\/olliesport.com\/en\/wp-json\/wp\/v2\/product_tag?post=1599"}],"curies":[{"name":"wp","href":"https:\/\/api.w.org\/{rel}","templated":true}]}}