{"id":1597,"date":"2025-10-29T14:52:34","date_gmt":"2025-10-29T13:52:34","guid":{"rendered":"https:\/\/olliesport.click.si\/trgovina\/uncategorized\/lange-sm-cevlji-xt3-tour-265\/"},"modified":"2025-12-17T23:58:57","modified_gmt":"2025-12-17T22:58:57","slug":"lange-sm-cevlji-xt3-tour-265","status":"publish","type":"product","link":"https:\/\/olliesport.com\/en\/trgovina\/smucanje\/pancarji\/free-tour-moski\/lange-sm-cevlji-xt3-tour-265\/","title":{"rendered":"LANGE XT3 TOUR"},"content":{"rendered":"<p data-start=\"0\" data-end=\"20\"><strong data-start=\"0\" data-end=\"18\">LANGE XT3 TOUR<\/strong><\/p>\n<p data-start=\"22\" data-end=\"324\">Model <strong data-start=\"28\" data-end=\"40\">XT3 TOUR<\/strong> ima enako nizko te\u017eo kot njegovi dra\u017eji sorodniki, \u010deprav je njegova \u0161koljka izdelana iz <strong data-start=\"130\" data-end=\"160\">poliuretana (Polyurethane)<\/strong> in ne iz <strong data-start=\"170\" data-end=\"183\">Grilamida<\/strong>.<br data-start=\"184\" data-end=\"187\" \/>Z nekoliko bolj tolerantnim upogibom zagotavlja smu\u010darju potrebno oporo in udobje pri vo\u017enji, ne da bi pri tem izgubil na zmogljivosti.<\/p>\n<p data-start=\"326\" data-end=\"658\">Lahka <strong data-start=\"332\" data-end=\"345\">Dual Core<\/strong> \u0161koljka je za\u0161\u010ditena z <strong data-start=\"369\" data-end=\"397\">Vibram\u00ae turnim podplatom<\/strong>, ki ponuja odli\u010den oprijem in vzdr\u017eljivost. Te\u010daji \u010devlja so izdelani iz materialov, ki odpravljajo trenje ter tako omogo\u010dajo kar se da enostaven in udoben vzpon.<br data-start=\"560\" data-end=\"563\" \/>Ko je \u0161koljka zaklenjena, \u010develj nudi potrebno stabilnost in u\u010dinkovito prenos mo\u010di na smu\u010di.<\/p>\n<p data-start=\"660\" data-end=\"831\">Notranji \u010develj je izdelan iz <strong data-start=\"690\" data-end=\"707\">EVA-materiala<\/strong>, ki se s pomo\u010djo toplote prilagodi obliki stopala, kar zagotavlja popolno prileganje in udobje med celodnevnim smu\u010danjem.<\/p>\n<hr data-start=\"833\" data-end=\"836\" \/>\n<h3 data-start=\"838\" data-end=\"855\"><strong data-start=\"842\" data-end=\"855\">Features<\/strong><\/h3>\n<ul data-start=\"857\" data-end=\"1085\">\n<li data-start=\"857\" data-end=\"878\">\n<p data-start=\"859\" data-end=\"878\"><strong data-start=\"859\" data-end=\"870\">Width:<\/strong> 99 mm<\/p>\n<\/li>\n<li data-start=\"879\" data-end=\"896\">\n<p data-start=\"881\" data-end=\"896\"><strong data-start=\"881\" data-end=\"890\">Flex:<\/strong> 100<\/p>\n<\/li>\n<li data-start=\"897\" data-end=\"933\">\n<p data-start=\"899\" data-end=\"933\"><strong data-start=\"899\" data-end=\"920\">Material \u0161koljke:<\/strong> Lyftran PP<\/p>\n<\/li>\n<li data-start=\"934\" data-end=\"976\">\n<p data-start=\"936\" data-end=\"976\"><strong data-start=\"936\" data-end=\"956\">Notranji \u010develj:<\/strong> EVA Light Touring<\/p>\n<\/li>\n<li data-start=\"977\" data-end=\"997\">\n<p data-start=\"979\" data-end=\"997\"><strong data-start=\"979\" data-end=\"988\">Weight:<\/strong> 1550 g<\/p>\n<\/li>\n<li data-start=\"998\" data-end=\"1039\">\n<p data-start=\"1000\" data-end=\"1039\"><strong data-start=\"1000\" data-end=\"1012\">Podplat:<\/strong> VIBRAM\u00ae ISO 9523 Touring<\/p>\n<\/li>\n<li data-start=\"1040\" data-end=\"1085\">\n<p data-start=\"1042\" data-end=\"1085\"><strong data-start=\"1042\" data-end=\"1063\">Sistem zapiranja:<\/strong> Active Power V-Lock<\/p>\n<\/li>\n<\/ul>","protected":false},"excerpt":{"rendered":"<ul data-start=\"857\" data-end=\"1085\">\n<li data-start=\"857\" data-end=\"878\">\n<p data-start=\"859\" data-end=\"878\"><strong data-start=\"859\" data-end=\"870\">Width:<\/strong> 99 mm<\/p>\n<\/li>\n<li data-start=\"879\" data-end=\"896\">\n<p data-start=\"881\" data-end=\"896\"><strong data-start=\"881\" data-end=\"890\">Flex:<\/strong> 100<\/p>\n<\/li>\n<\/ul>","protected":false},"featured_media":2826,"comment_status":"closed","ping_status":"closed","template":"","meta":{"_acf_changed":false,"inline_featured_image":false,"_monsterinsights_skip_tracking":false,"_monsterinsights_sitenote_active":false,"_monsterinsights_sitenote_note":"","_monsterinsights_sitenote_category":0},"product_brand":[30],"product_cat":[114,92,21],"product_tag":[],"class_list":{"0":"post-1597","1":"product","2":"type-product","3":"status-publish","4":"has-post-thumbnail","6":"product_brand-lange","7":"product_cat-free-tour-moski","8":"product_cat-pancarji","9":"product_cat-smucanje","11":"first","12":"instock","13":"sale","14":"taxable","15":"shipping-taxable","16":"purchasable","17":"product-type-variable"},"acf":[],"aioseo_notices":[],"_links":{"self":[{"href":"https:\/\/olliesport.com\/en\/wp-json\/wp\/v2\/product\/1597","targetHints":{"allow":["GET"]}}],"collection":[{"href":"https:\/\/olliesport.com\/en\/wp-json\/wp\/v2\/product"}],"about":[{"href":"https:\/\/olliesport.com\/en\/wp-json\/wp\/v2\/types\/product"}],"replies":[{"embeddable":true,"href":"https:\/\/olliesport.com\/en\/wp-json\/wp\/v2\/comments?post=1597"}],"wp:featuredmedia":[{"embeddable":true,"href":"https:\/\/olliesport.com\/en\/wp-json\/wp\/v2\/media\/2826"}],"wp:attachment":[{"href":"https:\/\/olliesport.com\/en\/wp-json\/wp\/v2\/media?parent=1597"}],"wp:term":[{"taxonomy":"product_brand","embeddable":true,"href":"https:\/\/olliesport.com\/en\/wp-json\/wp\/v2\/product_brand?post=1597"},{"taxonomy":"product_cat","embeddable":true,"href":"https:\/\/olliesport.com\/en\/wp-json\/wp\/v2\/product_cat?post=1597"},{"taxonomy":"product_tag","embeddable":true,"href":"https:\/\/olliesport.com\/en\/wp-json\/wp\/v2\/product_tag?post=1597"}],"curies":[{"name":"wp","href":"https:\/\/api.w.org\/{rel}","templated":true}]}}