{"id":1595,"date":"2025-10-29T14:52:33","date_gmt":"2025-10-29T13:52:33","guid":{"rendered":"https:\/\/olliesport.click.si\/trgovina\/uncategorized\/lange-sm-cevlji-xt3-free-95-mv-w-gw-warm-whit\/"},"modified":"2026-01-13T14:16:55","modified_gmt":"2026-01-13T13:16:55","slug":"lange-xt3-free-95-mv-gw","status":"publish","type":"product","link":"https:\/\/olliesport.com\/en\/trgovina\/smucanje\/pancarji\/free-tour-zenski\/lange-xt3-free-95-mv-gw\/","title":{"rendered":"LANGE XT3 FREE 95 MV GW"},"content":{"rendered":"<h3 data-start=\"149\" data-end=\"229\"><strong data-start=\"153\" data-end=\"229\">Lange XT3 95 MV W \u2013 freeride \u010develj za vzpone in spuste brez kompromisov<\/strong><\/h3>\n<p data-start=\"231\" data-end=\"504\">Model <strong data-start=\"237\" data-end=\"258\">Lange XT3 95 MV W<\/strong> je zasnovan posebej za <strong data-start=\"282\" data-end=\"310\">\u017eenske freeride smu\u010darke<\/strong>, ki \u017eelijo lahkotne vzpone in popolno zmogljivost pri spustih. \u010cevlji vklju\u010dujejo <strong data-start=\"393\" data-end=\"453\">patentirano tehnologijo za aktivno, breztrenjsko gibanje<\/strong>, ki omogo\u010da naraven in u\u010dinkovit korak pri hoji.<\/p>\n<p data-start=\"506\" data-end=\"797\">S svojo <strong data-start=\"514\" data-end=\"527\">Dual Core<\/strong> konstrukcijo v sendvi\u010d izvedbi \u0161koljka zagotavlja izjemno mo\u010d, natan\u010dnost in odzivnost. Langejeva zna\u010dilna zasnova omogo\u010da <strong data-start=\"651\" data-end=\"684\">maksimalno gibljivost stopala<\/strong> in naraven obseg gibanja, tako da v celoti do\u017eivi\u0161 pravi <strong data-start=\"742\" data-end=\"759\">Lange ob\u010dutek<\/strong> \u2013 stabilnost, mo\u010d in udobje v enem.<\/p>\n<hr data-start=\"799\" data-end=\"802\" \/>\n<h3 data-start=\"804\" data-end=\"830\"><strong data-start=\"808\" data-end=\"830\">Main features<\/strong><\/h3>\n<ul data-start=\"831\" data-end=\"1247\">\n<li data-start=\"831\" data-end=\"916\">\n<p data-start=\"833\" data-end=\"916\">Zasnovani za <strong data-start=\"846\" data-end=\"875\">pristno freeride smu\u010danje<\/strong>: enostavni vzponi in zmogljivi spusti.<\/p>\n<\/li>\n<li data-start=\"917\" data-end=\"1000\">\n<p data-start=\"919\" data-end=\"1000\"><strong data-start=\"919\" data-end=\"944\">Dual Core technology<\/strong> zagotavlja eksploziven odziv in natan\u010den prenos mo\u010di.<\/p>\n<\/li>\n<li data-start=\"1001\" data-end=\"1108\">\n<p data-start=\"1003\" data-end=\"1108\"><strong data-start=\"1003\" data-end=\"1019\">Female model<\/strong>, ki zdru\u017euje lahkotnost in mo\u010d, z <strong data-start=\"1054\" data-end=\"1083\">notranjim \u010devljem po meri<\/strong> za popolno prileganje.<\/p>\n<\/li>\n<li data-start=\"1109\" data-end=\"1166\">\n<p data-start=\"1111\" data-end=\"1166\"><strong data-start=\"1111\" data-end=\"1132\">GripWalk podplati<\/strong> za varen oprijem in stabilnost.<\/p>\n<\/li>\n<li data-start=\"1167\" data-end=\"1247\">\n<p data-start=\"1169\" data-end=\"1247\"><strong data-start=\"1169\" data-end=\"1198\">Zanesljiv zaklepni sistem<\/strong> pri vzponu zagotavlja varnost in u\u010dinkovitost.<\/p>\n<\/li>\n<\/ul>\n<hr data-start=\"1249\" data-end=\"1252\" \/>\n<h3 data-start=\"1254\" data-end=\"1284\"><strong data-start=\"1258\" data-end=\"1284\">Technical specifications<\/strong><\/h3>\n<ul data-start=\"1285\" data-end=\"1967\">\n<li data-start=\"1285\" data-end=\"1314\">\n<p data-start=\"1287\" data-end=\"1314\"><strong data-start=\"1287\" data-end=\"1305\">Width (Last):<\/strong> 100mm<\/p>\n<\/li>\n<li data-start=\"1315\" data-end=\"1331\">\n<p data-start=\"1317\" data-end=\"1331\"><strong data-start=\"1317\" data-end=\"1326\">Flex:<\/strong> 95<\/p>\n<\/li>\n<li data-start=\"1332\" data-end=\"1394\">\n<p data-start=\"1334\" data-end=\"1394\"><strong data-start=\"1334\" data-end=\"1358\">Tehnologija \u0161koljke:<\/strong> Dual Core \u2013 eksplozivna odzivnost<\/p>\n<\/li>\n<li data-start=\"1395\" data-end=\"1452\">\n<p data-start=\"1397\" data-end=\"1452\"><strong data-start=\"1397\" data-end=\"1418\">Material \u0161koljke:<\/strong> Poliuretan \u2013 mo\u010d in elasti\u010dnost<\/p>\n<\/li>\n<li data-start=\"1453\" data-end=\"1510\">\n<p data-start=\"1455\" data-end=\"1510\"><strong data-start=\"1455\" data-end=\"1489\">Podplat v \u0161koljki (Bootboard):<\/strong> Lahek polipropilen<\/p>\n<\/li>\n<li data-start=\"1511\" data-end=\"1579\">\n<p data-start=\"1513\" data-end=\"1579\"><strong data-start=\"1513\" data-end=\"1538\">Sistem hoja\/smu\u010danje:<\/strong> Active Power V-Lock hibridni mehanizem<\/p>\n<\/li>\n<li data-start=\"1580\" data-end=\"1635\">\n<p data-start=\"1582\" data-end=\"1635\"><strong data-start=\"1582\" data-end=\"1623\">Notranji \u010develj \u2013 toplotna izolacija:<\/strong> Ultralon\u00ae<\/p>\n<\/li>\n<li data-start=\"1636\" data-end=\"1718\">\n<p data-start=\"1638\" data-end=\"1718\"><strong data-start=\"1638\" data-end=\"1677\">Notranji \u010develj \u2013 dodatne funkcije:<\/strong> Core Custom 2 \u2013 popolnoma prilagodljiv<\/p>\n<\/li>\n<li data-start=\"1719\" data-end=\"1796\">\n<p data-start=\"1721\" data-end=\"1796\"><strong data-start=\"1721\" data-end=\"1733\">Buckles:<\/strong> Alu Light, Secure Profile, z mo\u017enostjo zaklepanja pri vzponu<\/p>\n<\/li>\n<li data-start=\"1797\" data-end=\"1854\">\n<p data-start=\"1799\" data-end=\"1854\"><strong data-start=\"1799\" data-end=\"1811\">Podplat:<\/strong> GripWalk\u00ae \u2013 varen oprijem in udobna hoja<\/p>\n<\/li>\n<li data-start=\"1855\" data-end=\"1914\">\n<p data-start=\"1857\" data-end=\"1914\"><strong data-start=\"1857\" data-end=\"1869\">Canting:<\/strong> Friction Free Hinge \u2013 breztrenjsko gibanje<\/p>\n<\/li>\n<li data-start=\"1915\" data-end=\"1967\">\n<p data-start=\"1917\" data-end=\"1967\"><strong data-start=\"1917\" data-end=\"1938\">Snemljiv spojler:<\/strong> z dvojnim polo\u017eajem vi\u0161ine<\/p>\n<\/li>\n<\/ul>\n<hr data-start=\"1969\" data-end=\"1972\" \/>\n<p data-start=\"1974\" data-end=\"2141\">Ta \u010develj je popolna izbira za <strong data-start=\"2005\" data-end=\"2038\">napredne in zahtevne smu\u010darke<\/strong>, ki si \u017eelijo resni\u010dno univerzalen freeride \u010develj \u2013 lahek pri vzponu, mo\u010dan in stabilen pri spustu.<\/p>","protected":false},"excerpt":{"rendered":"<ul data-start=\"1285\" data-end=\"1967\">\n<li data-start=\"1285\" data-end=\"1314\">\n<p data-start=\"1287\" data-end=\"1314\"><strong data-start=\"1287\" data-end=\"1305\">Width (Last):<\/strong> 100mm<\/p>\n<\/li>\n<li data-start=\"1315\" data-end=\"1331\">\n<p data-start=\"1317\" data-end=\"1331\"><strong data-start=\"1317\" data-end=\"1326\">Flex:<\/strong> 95<\/p>\n<\/li>\n<\/ul>","protected":false},"featured_media":2852,"comment_status":"closed","ping_status":"closed","template":"","meta":{"_acf_changed":false,"inline_featured_image":false,"_monsterinsights_skip_tracking":false,"_monsterinsights_sitenote_active":false,"_monsterinsights_sitenote_note":"","_monsterinsights_sitenote_category":0},"product_brand":[30],"product_cat":[115,92,21],"product_tag":[],"class_list":{"0":"post-1595","1":"product","2":"type-product","3":"status-publish","4":"has-post-thumbnail","6":"product_brand-lange","7":"product_cat-free-tour-zenski","8":"product_cat-pancarji","9":"product_cat-smucanje","11":"first","12":"instock","13":"sale","14":"taxable","15":"shipping-taxable","16":"purchasable","17":"product-type-variable"},"acf":[],"aioseo_notices":[],"_links":{"self":[{"href":"https:\/\/olliesport.com\/en\/wp-json\/wp\/v2\/product\/1595","targetHints":{"allow":["GET"]}}],"collection":[{"href":"https:\/\/olliesport.com\/en\/wp-json\/wp\/v2\/product"}],"about":[{"href":"https:\/\/olliesport.com\/en\/wp-json\/wp\/v2\/types\/product"}],"replies":[{"embeddable":true,"href":"https:\/\/olliesport.com\/en\/wp-json\/wp\/v2\/comments?post=1595"}],"wp:featuredmedia":[{"embeddable":true,"href":"https:\/\/olliesport.com\/en\/wp-json\/wp\/v2\/media\/2852"}],"wp:attachment":[{"href":"https:\/\/olliesport.com\/en\/wp-json\/wp\/v2\/media?parent=1595"}],"wp:term":[{"taxonomy":"product_brand","embeddable":true,"href":"https:\/\/olliesport.com\/en\/wp-json\/wp\/v2\/product_brand?post=1595"},{"taxonomy":"product_cat","embeddable":true,"href":"https:\/\/olliesport.com\/en\/wp-json\/wp\/v2\/product_cat?post=1595"},{"taxonomy":"product_tag","embeddable":true,"href":"https:\/\/olliesport.com\/en\/wp-json\/wp\/v2\/product_tag?post=1595"}],"curies":[{"name":"wp","href":"https:\/\/api.w.org\/{rel}","templated":true}]}}