{"id":1594,"date":"2025-10-29T14:52:33","date_gmt":"2025-10-29T13:52:33","guid":{"rendered":"https:\/\/olliesport.click.si\/trgovina\/uncategorized\/lange-sm-cevlji-xt3-free-130-mv-w-gw\/"},"modified":"2026-01-13T14:17:33","modified_gmt":"2026-01-13T13:17:33","slug":"lange-xt3-130-mv-gw","status":"publish","type":"product","link":"https:\/\/olliesport.com\/en\/trgovina\/smucanje\/pancarji\/free-tour-zenski\/lange-xt3-130-mv-gw\/","title":{"rendered":"LANGE XT3 130 MV GW"},"content":{"rendered":"<h3 data-start=\"156\" data-end=\"234\"><strong data-start=\"160\" data-end=\"232\">Turni smu\u010darski \u010devlji Lange XT3 FREE 130 MV GW (Light Green \/ Blue)<\/strong><\/h3>\n<p data-start=\"236\" data-end=\"653\"><strong data-start=\"236\" data-end=\"282\">Zasnovani za vzpone, ustvarjeni za spuste.<\/strong><br data-start=\"282\" data-end=\"285\" \/>Popolnoma novi <strong data-start=\"300\" data-end=\"325\">Lange XT3 FREE 130 MV<\/strong> predstavljajo bistvo sodobnega freeride smu\u010danja. S tehnologijama <strong data-start=\"392\" data-end=\"415\">Active Power V-Lock<\/strong> and <strong data-start=\"419\" data-end=\"442\">Friction Free Hinge<\/strong> ponujajo izjemno svobodo gibanja in u\u010dinkovit korak pri vzponu. Ko pa je \u010das za spust, jih preprosto zaklene\u0161 \u2013 in sprosti\u0161 vso mo\u010d ter natan\u010dnost, ki ju omogo\u010da Langejeva napredna konstrukcija <strong data-start=\"637\" data-end=\"650\">Dual Core<\/strong>.<\/p>\n<p data-start=\"655\" data-end=\"912\">Narejeni so posebej za sodobne freeride smu\u010darje, ki zahtevajo zmogljivost pri vzponih in popoln nadzor pri spustih. <strong data-start=\"772\" data-end=\"791\">XT3 FREE 130 MV<\/strong> postavljajo nov standard v svetu free-touring \u010devljev \u2013 ker mora\u0161 najprej priti <em data-start=\"872\" data-end=\"877\">gor<\/em>, da lahko resni\u010dno u\u017eiva\u0161 <em data-start=\"904\" data-end=\"909\">dol<\/em>.<\/p>\n<hr data-start=\"914\" data-end=\"917\" \/>\n<h3 data-start=\"919\" data-end=\"949\"><strong data-start=\"923\" data-end=\"949\">Technical specifications<\/strong><\/h3>\n<ul data-start=\"950\" data-end=\"1924\">\n<li data-start=\"950\" data-end=\"979\">\n<p data-start=\"952\" data-end=\"979\"><strong data-start=\"952\" data-end=\"970\">Width (Last):<\/strong> 100mm<\/p>\n<\/li>\n<li data-start=\"980\" data-end=\"997\">\n<p data-start=\"982\" data-end=\"997\"><strong data-start=\"982\" data-end=\"991\">Flex:<\/strong> 130<\/p>\n<\/li>\n<li data-start=\"998\" data-end=\"1061\">\n<p data-start=\"1000\" data-end=\"1061\"><strong data-start=\"1000\" data-end=\"1024\">Tehnologija \u0161koljke:<\/strong> Active Power V-Lock Hike Mechanism<\/p>\n<\/li>\n<li data-start=\"1062\" data-end=\"1108\">\n<p data-start=\"1064\" data-end=\"1108\"><strong data-start=\"1064\" data-end=\"1085\">Material \u0161koljke:<\/strong> Poliuretan Dual Core<\/p>\n<\/li>\n<li data-start=\"1109\" data-end=\"1166\">\n<p data-start=\"1111\" data-end=\"1166\"><strong data-start=\"1111\" data-end=\"1145\">Podplat v \u0161koljki (Bootboard):<\/strong> Lahek polipropilen<\/p>\n<\/li>\n<li data-start=\"1167\" data-end=\"1222\">\n<p data-start=\"1169\" data-end=\"1222\"><strong data-start=\"1169\" data-end=\"1192\">Posebnosti \u0161koljke:<\/strong> Easy Entry \u2013 la\u017eje obuvanje<\/p>\n<\/li>\n<li data-start=\"1223\" data-end=\"1278\">\n<p data-start=\"1225\" data-end=\"1278\"><strong data-start=\"1225\" data-end=\"1248\">Zgornji del (cuff):<\/strong> Active Ski &amp; Walk mehanizem<\/p>\n<\/li>\n<li data-start=\"1279\" data-end=\"1328\">\n<p data-start=\"1281\" data-end=\"1328\"><strong data-start=\"1281\" data-end=\"1309\">Material zgornjega dela:<\/strong> Lyfran Dual Core<\/p>\n<\/li>\n<li data-start=\"1329\" data-end=\"1384\">\n<p data-start=\"1331\" data-end=\"1384\"><strong data-start=\"1331\" data-end=\"1372\">Notranji \u010develj \u2013 toplotna izolacija:<\/strong> Ultralon\u00ae<\/p>\n<\/li>\n<li data-start=\"1385\" data-end=\"1467\">\n<p data-start=\"1387\" data-end=\"1467\"><strong data-start=\"1387\" data-end=\"1421\">Notranji \u010develj \u2013 tehnologija:<\/strong> Dual 3D Full Liner (popolnoma prilagodljiv)<\/p>\n<\/li>\n<li data-start=\"1468\" data-end=\"1543\">\n<p data-start=\"1470\" data-end=\"1543\"><strong data-start=\"1470\" data-end=\"1510\">Dodatne lastnosti notranjega \u010devlja:<\/strong> Customizable \u2013 termoformabilen<\/p>\n<\/li>\n<li data-start=\"1544\" data-end=\"1595\">\n<p data-start=\"1546\" data-end=\"1595\"><strong data-start=\"1546\" data-end=\"1574\">Jezik notranjega \u010devlja:<\/strong> Power Wedge Tongue<\/p>\n<\/li>\n<li data-start=\"1596\" data-end=\"1629\">\n<p data-start=\"1598\" data-end=\"1629\"><strong data-start=\"1598\" data-end=\"1609\">Strap:<\/strong> 40 mm Power Strap<\/p>\n<\/li>\n<li data-start=\"1630\" data-end=\"1683\">\n<p data-start=\"1632\" data-end=\"1683\"><strong data-start=\"1632\" data-end=\"1644\">Buckles:<\/strong> Alu Light, Secure Profile, Hike Lock<\/p>\n<\/li>\n<li data-start=\"1684\" data-end=\"1755\">\n<p data-start=\"1686\" data-end=\"1755\"><strong data-start=\"1686\" data-end=\"1709\">Lastnosti podplata:<\/strong> GripWalk\u00ae \u2013 zdru\u017eljiv tudi z alpskimi vezmi<\/p>\n<\/li>\n<li data-start=\"1756\" data-end=\"1823\">\n<p data-start=\"1758\" data-end=\"1823\"><strong data-start=\"1758\" data-end=\"1779\">Dodatne funkcije:<\/strong> Friction Free Hinge \u2013 gibanje brez trenja<\/p>\n<\/li>\n<li data-start=\"1824\" data-end=\"1870\">\n<p data-start=\"1826\" data-end=\"1870\"><strong data-start=\"1826\" data-end=\"1844\">Purpose of use:<\/strong> Freeride \/ Free-Touring<\/p>\n<\/li>\n<li data-start=\"1871\" data-end=\"1924\">\n<p data-start=\"1873\" data-end=\"1924\"><strong data-start=\"1873\" data-end=\"1891\">Nivo smu\u010darja:<\/strong> Napredni do strokovni smu\u010darji<\/p>\n<\/li>\n<\/ul>\n<hr data-start=\"1926\" data-end=\"1929\" \/>\n<p data-start=\"1931\" data-end=\"2112\">Ti \u010devlji so idealna izbira za <strong data-start=\"1962\" data-end=\"1992\">izku\u0161ene freeride smu\u010darje<\/strong>, ki \u017eelijo \u010develj, ki se z lahkoto povzpne v hrib in pri spustu nudi natan\u010dnost, mo\u010d ter stabilnost brez kompromisov.<\/p>","protected":false},"excerpt":{"rendered":"<ul data-start=\"950\" data-end=\"1924\">\n<li data-start=\"950\" data-end=\"979\">\n<p data-start=\"952\" data-end=\"979\"><strong data-start=\"952\" data-end=\"970\">Width (Last):<\/strong> 100mm<\/p>\n<\/li>\n<li data-start=\"980\" data-end=\"997\">\n<p data-start=\"982\" data-end=\"997\"><strong data-start=\"982\" data-end=\"991\">Flex:<\/strong> 130<\/p>\n<\/li>\n<\/ul>","protected":false},"featured_media":2850,"comment_status":"closed","ping_status":"closed","template":"","meta":{"_acf_changed":false,"inline_featured_image":false,"_monsterinsights_skip_tracking":false,"_monsterinsights_sitenote_active":false,"_monsterinsights_sitenote_note":"","_monsterinsights_sitenote_category":0},"product_brand":[30],"product_cat":[115,92,21],"product_tag":[],"class_list":{"0":"post-1594","1":"product","2":"type-product","3":"status-publish","4":"has-post-thumbnail","6":"product_brand-lange","7":"product_cat-free-tour-zenski","8":"product_cat-pancarji","9":"product_cat-smucanje","11":"first","12":"instock","13":"sale","14":"taxable","15":"shipping-taxable","16":"purchasable","17":"product-type-variable"},"acf":[],"aioseo_notices":[],"_links":{"self":[{"href":"https:\/\/olliesport.com\/en\/wp-json\/wp\/v2\/product\/1594","targetHints":{"allow":["GET"]}}],"collection":[{"href":"https:\/\/olliesport.com\/en\/wp-json\/wp\/v2\/product"}],"about":[{"href":"https:\/\/olliesport.com\/en\/wp-json\/wp\/v2\/types\/product"}],"replies":[{"embeddable":true,"href":"https:\/\/olliesport.com\/en\/wp-json\/wp\/v2\/comments?post=1594"}],"wp:featuredmedia":[{"embeddable":true,"href":"https:\/\/olliesport.com\/en\/wp-json\/wp\/v2\/media\/2850"}],"wp:attachment":[{"href":"https:\/\/olliesport.com\/en\/wp-json\/wp\/v2\/media?parent=1594"}],"wp:term":[{"taxonomy":"product_brand","embeddable":true,"href":"https:\/\/olliesport.com\/en\/wp-json\/wp\/v2\/product_brand?post=1594"},{"taxonomy":"product_cat","embeddable":true,"href":"https:\/\/olliesport.com\/en\/wp-json\/wp\/v2\/product_cat?post=1594"},{"taxonomy":"product_tag","embeddable":true,"href":"https:\/\/olliesport.com\/en\/wp-json\/wp\/v2\/product_tag?post=1594"}],"curies":[{"name":"wp","href":"https:\/\/api.w.org\/{rel}","templated":true}]}}