{"id":1590,"date":"2025-10-29T14:52:33","date_gmt":"2025-10-29T13:52:33","guid":{"rendered":"https:\/\/olliesport.click.si\/trgovina\/uncategorized\/lange-sm-cevlji-xt3-free-120m\/"},"modified":"2026-01-30T15:58:32","modified_gmt":"2026-01-30T14:58:32","slug":"lange-sm-cevlji-xt3-free-120m","status":"publish","type":"product","link":"https:\/\/olliesport.com\/en\/trgovina\/smucanje\/pancarji\/free-tour-moski\/lange-sm-cevlji-xt3-free-120m\/","title":{"rendered":"Lange sm. \u010cevlji XT3 FREE 120M"},"content":{"rendered":"<p data-start=\"0\" data-end=\"231\">Novi <strong data-start=\"44\" data-end=\"58\" data-is-only-node=\"\">XT3 120 MV<\/strong> je zasnovan za vzpone \u2013 a prav tako za spuste. Utele\u0161a filozofijo <em data-start=\"125\" data-end=\"135\">freeride<\/em> smu\u010danja, kot jo razume Lange: pravi <em data-start=\"173\" data-end=\"183\">freeride<\/em>, kjer je vzpon le sredstvo, cilj pa je spust.<\/p>\n<p data-start=\"233\" data-end=\"573\">Zahvaljujo\u010d na\u0161i patentirani, revolucionarni tehnologiji <strong data-start=\"290\" data-end=\"308\">Active Walking<\/strong> in inovativnemu te\u010daju z <strong data-start=\"334\" data-end=\"358\">breztrenjem vrtenjem<\/strong>, XT3 120 MV omogo\u010da resni\u010dno gibljivost stopala in \u0161irok obseg gibanja pri vzponu. Ko enkrat dose\u017ee\u0161 vrh, mora\u0161 le \u0161e spustiti \u2013 in ob\u010dutil bo\u0161 <strong data-start=\"503\" data-end=\"516\">Lange DNK<\/strong> ter prednosti na\u0161e <strong data-start=\"536\" data-end=\"549\">Dual Core<\/strong> sendvi\u010d konstrukcije.<\/p>\n<p data-start=\"575\" data-end=\"617\" data-is-last-node=\"\" data-is-only-node=\"\">Prefinjeno ravnovesje mo\u010di in natan\u010dnosti.<\/p>","protected":false},"excerpt":{"rendered":"<p>Flex: 120<\/p>\n<p>Last: 100mm<\/p>","protected":false},"featured_media":2817,"comment_status":"closed","ping_status":"closed","template":"","meta":{"_acf_changed":false,"inline_featured_image":false,"_monsterinsights_skip_tracking":false,"_monsterinsights_sitenote_active":false,"_monsterinsights_sitenote_note":"","_monsterinsights_sitenote_category":0},"product_brand":[30],"product_cat":[114,92,21],"product_tag":[],"class_list":{"0":"post-1590","1":"product","2":"type-product","3":"status-publish","4":"has-post-thumbnail","6":"product_brand-lange","7":"product_cat-free-tour-moski","8":"product_cat-pancarji","9":"product_cat-smucanje","11":"first","12":"instock","13":"sale","14":"taxable","15":"shipping-taxable","16":"purchasable","17":"product-type-simple"},"acf":[],"aioseo_notices":[],"_links":{"self":[{"href":"https:\/\/olliesport.com\/en\/wp-json\/wp\/v2\/product\/1590","targetHints":{"allow":["GET"]}}],"collection":[{"href":"https:\/\/olliesport.com\/en\/wp-json\/wp\/v2\/product"}],"about":[{"href":"https:\/\/olliesport.com\/en\/wp-json\/wp\/v2\/types\/product"}],"replies":[{"embeddable":true,"href":"https:\/\/olliesport.com\/en\/wp-json\/wp\/v2\/comments?post=1590"}],"wp:featuredmedia":[{"embeddable":true,"href":"https:\/\/olliesport.com\/en\/wp-json\/wp\/v2\/media\/2817"}],"wp:attachment":[{"href":"https:\/\/olliesport.com\/en\/wp-json\/wp\/v2\/media?parent=1590"}],"wp:term":[{"taxonomy":"product_brand","embeddable":true,"href":"https:\/\/olliesport.com\/en\/wp-json\/wp\/v2\/product_brand?post=1590"},{"taxonomy":"product_cat","embeddable":true,"href":"https:\/\/olliesport.com\/en\/wp-json\/wp\/v2\/product_cat?post=1590"},{"taxonomy":"product_tag","embeddable":true,"href":"https:\/\/olliesport.com\/en\/wp-json\/wp\/v2\/product_tag?post=1590"}],"curies":[{"name":"wp","href":"https:\/\/api.w.org\/{rel}","templated":true}]}}