{"id":1589,"date":"2025-10-29T14:52:33","date_gmt":"2025-10-29T13:52:33","guid":{"rendered":"https:\/\/olliesport.click.si\/trgovina\/uncategorized\/lange-sm-cevlji-xt3-free-120-lv-gw\/"},"modified":"2026-01-13T14:19:06","modified_gmt":"2026-01-13T13:19:06","slug":"lange-sm-cevlji-xt3-free-120-lv-gw","status":"publish","type":"product","link":"https:\/\/olliesport.com\/en\/trgovina\/smucanje\/pancarji\/free-tour-moski\/lange-sm-cevlji-xt3-free-120-lv-gw\/","title":{"rendered":"Lange sm. \u010devlji XT3 FREE 120 LV GW"},"content":{"rendered":"<p data-start=\"0\" data-end=\"112\">Razvit za vo\u017enjo, zgrajen za vo\u017enjo. Popolnoma novi <strong data-start=\"52\" data-end=\"72\">LANGE XT3 120 LV<\/strong> is <em data-start=\"76\" data-end=\"86\">freeride<\/em> v pravem pomenu besede.<\/p>\n<p data-start=\"114\" data-end=\"350\">Opremljen z novim sistemom <strong data-start=\"141\" data-end=\"164\">Active Power V-Lock<\/strong> in gladko gibljivim te\u010dajem, novi XT3 omogo\u010da lahkotno gibanje pri vzponu. Pri spustu pa preklopi\u0161 na\u010din delovanja in se zanese\u0161 na mo\u010d ter natan\u010dnost tehnologije <strong data-start=\"328\" data-end=\"347\">LANGE Dual Core<\/strong>.<\/p>\n<p data-start=\"352\" data-end=\"665\" data-is-last-node=\"\" data-is-only-node=\"\">Ta kombinacija postavlja nova merila v segmentu <em data-start=\"400\" data-end=\"410\">freeride<\/em> smu\u010darskih \u010devljev. Model XT3 je bil posebej razvit za sodobnega <em data-start=\"476\" data-end=\"489\">freeriderja<\/em>, saj ekipa LANGE dobro ve: <em data-start=\"517\" data-end=\"548\">\u00bbKar gre gor, mora tudi dol.\u00ab<\/em><br data-start=\"548\" data-end=\"551\" \/>S tem smu\u010darskim \u010devljem si pripravljen na vse izzive v gorah in lahko v celoti u\u017eiva\u0161 tako v vzponu kot v spustu.<\/p>","protected":false},"excerpt":{"rendered":"<p><span class=\"sc-product-detail-secondary__attributes--key\">Flex: <\/span><span class=\"sc-product-detail-secondary__attributes--value\">120<\/span><\/p>\n<p><span class=\"sc-product-detail-secondary__attributes--key\">Owner:<\/span><span class=\"sc-product-detail-secondary__attributes--value\">97 mm<\/span><\/p>\n<p>Gripwalk \/ MBSFrame \/ Touring BindingTec Freeride BindingWTR \/ Dual<\/p>","protected":false},"featured_media":2813,"comment_status":"closed","ping_status":"closed","template":"","meta":{"_acf_changed":false,"inline_featured_image":false,"_monsterinsights_skip_tracking":false,"_monsterinsights_sitenote_active":false,"_monsterinsights_sitenote_note":"","_monsterinsights_sitenote_category":0},"product_brand":[30],"product_cat":[114,92,21],"product_tag":[],"class_list":{"0":"post-1589","1":"product","2":"type-product","3":"status-publish","4":"has-post-thumbnail","6":"product_brand-lange","7":"product_cat-free-tour-moski","8":"product_cat-pancarji","9":"product_cat-smucanje","11":"first","12":"instock","13":"sale","14":"taxable","15":"shipping-taxable","16":"purchasable","17":"product-type-variable"},"acf":[],"aioseo_notices":[],"_links":{"self":[{"href":"https:\/\/olliesport.com\/en\/wp-json\/wp\/v2\/product\/1589","targetHints":{"allow":["GET"]}}],"collection":[{"href":"https:\/\/olliesport.com\/en\/wp-json\/wp\/v2\/product"}],"about":[{"href":"https:\/\/olliesport.com\/en\/wp-json\/wp\/v2\/types\/product"}],"replies":[{"embeddable":true,"href":"https:\/\/olliesport.com\/en\/wp-json\/wp\/v2\/comments?post=1589"}],"wp:featuredmedia":[{"embeddable":true,"href":"https:\/\/olliesport.com\/en\/wp-json\/wp\/v2\/media\/2813"}],"wp:attachment":[{"href":"https:\/\/olliesport.com\/en\/wp-json\/wp\/v2\/media?parent=1589"}],"wp:term":[{"taxonomy":"product_brand","embeddable":true,"href":"https:\/\/olliesport.com\/en\/wp-json\/wp\/v2\/product_brand?post=1589"},{"taxonomy":"product_cat","embeddable":true,"href":"https:\/\/olliesport.com\/en\/wp-json\/wp\/v2\/product_cat?post=1589"},{"taxonomy":"product_tag","embeddable":true,"href":"https:\/\/olliesport.com\/en\/wp-json\/wp\/v2\/product_tag?post=1589"}],"curies":[{"name":"wp","href":"https:\/\/api.w.org\/{rel}","templated":true}]}}