{"id":1588,"date":"2025-10-29T14:52:32","date_gmt":"2025-10-29T13:52:32","guid":{"rendered":"https:\/\/olliesport.click.si\/trgovina\/uncategorized\/lange-sm-cevlji-xt3-free-115-mv-w-gw-fresh-mint\/"},"modified":"2026-01-13T14:46:14","modified_gmt":"2026-01-13T13:46:14","slug":"lange-xt3-free-115-mv-w-gw","status":"publish","type":"product","link":"https:\/\/olliesport.com\/en\/trgovina\/smucanje\/pancarji\/free-tour-zenski\/lange-xt3-free-115-mv-w-gw\/","title":{"rendered":"LANGE XT3 FREE 115 MV W GW"},"content":{"rendered":"<h3 data-start=\"178\" data-end=\"258\"><strong data-start=\"182\" data-end=\"258\">Lange XT3 115 MV W \u2013 brezkompromisni freeride \u010develj za vzpone in spuste<\/strong><\/h3>\n<p data-start=\"260\" data-end=\"517\">Model <strong data-start=\"266\" data-end=\"288\">Lange XT3 115 MV W<\/strong> je popoln smu\u010darski \u010develj za <strong data-start=\"319\" data-end=\"369\">freeriderke, ki ne \u017eelijo sklepati kompromisov<\/strong> \u2013 razvit za vzpone, zgrajen za spuste. Ta \u010develj pooseblja <strong data-start=\"429\" data-end=\"451\">\u010disti duh freerida<\/strong> in postavlja nove standarde v kategoriji free-touring smu\u010danja.<\/p>\n<p data-start=\"519\" data-end=\"870\">Zahvaljujo\u010d novima tehnologijama <strong data-start=\"552\" data-end=\"575\">Active Power V-Lock<\/strong> and <strong data-start=\"579\" data-end=\"602\">Friction Free Hinge<\/strong> ponuja izjemno svobodo gibanja, natan\u010dno manevriranje in u\u010dinkovite korake pri vzponu. Ko pa se za\u010dne spust, pride do izraza vsa <strong data-start=\"732\" data-end=\"786\">mo\u010d in natan\u010dnost Langejeve Dual Core konstrukcije<\/strong>, ki zagotavlja vrhunski nadzor in stabilnost \u2013 tudi na najbolj zahtevnih terenih.<\/p>\n<p data-start=\"872\" data-end=\"1085\"><strong data-start=\"872\" data-end=\"888\">XT3 115 MV W<\/strong> je ustvarjen za sodobne freeriderke, ki pri\u010dakujejo <strong data-start=\"941\" data-end=\"981\">vrhunsko zmogljivost v vseh razmerah<\/strong>. Ker, kot pravi moto: <em data-start=\"1004\" data-end=\"1034\">\u201cKar gre gor, mora tudi dol\u201d<\/em> \u2013 in s tem \u010devljem bo spust vedno vreden vzpona.<\/p>\n<p data-start=\"1087\" data-end=\"1234\">Do\u017eivi pravo freeride pustolov\u0161\u010dino z modelom <strong data-start=\"1133\" data-end=\"1149\">XT3 115 MV W<\/strong>, ki zagotavlja najbolj\u0161o izku\u0161njo na vsakem turnem dnevu \u2013 pri vzponu in pri spustu.<\/p>\n<hr data-start=\"1236\" data-end=\"1239\" \/>\n<h3 data-start=\"1241\" data-end=\"1271\"><strong data-start=\"1245\" data-end=\"1271\">Technical specifications<\/strong><\/h3>\n<ul data-start=\"1272\" data-end=\"1529\">\n<li data-start=\"1272\" data-end=\"1289\">\n<p data-start=\"1274\" data-end=\"1289\"><strong data-start=\"1274\" data-end=\"1283\">Flex:<\/strong> 115<\/p>\n<\/li>\n<li data-start=\"1290\" data-end=\"1319\">\n<p data-start=\"1292\" data-end=\"1319\"><strong data-start=\"1292\" data-end=\"1310\">Width (Last):<\/strong> 100mm<\/p>\n<\/li>\n<li data-start=\"1320\" data-end=\"1364\">\n<p data-start=\"1322\" data-end=\"1364\"><strong data-start=\"1322\" data-end=\"1331\">Weight:<\/strong> 1614 g (pri velikosti 24.5 MP)<\/p>\n<\/li>\n<li data-start=\"1365\" data-end=\"1437\">\n<p data-start=\"1367\" data-end=\"1437\"><strong data-start=\"1367\" data-end=\"1383\">Technologies:<\/strong> Active Power V-Lock, Friction Free Hinge, Dual Core<\/p>\n<\/li>\n<li data-start=\"1438\" data-end=\"1484\">\n<p data-start=\"1440\" data-end=\"1484\"><strong data-start=\"1440\" data-end=\"1458\">Purpose of use:<\/strong> Freeride \/ Free-Touring<\/p>\n<\/li>\n<li data-start=\"1485\" data-end=\"1529\">\n<p data-start=\"1487\" data-end=\"1529\"><strong data-start=\"1487\" data-end=\"1505\">Nivo smu\u010darke:<\/strong> Napredne do strokovne<\/p>\n<\/li>\n<\/ul>\n<hr data-start=\"1531\" data-end=\"1534\" \/>\n<p data-start=\"1536\" data-end=\"1697\">Ta \u010develj je prava izbira za <strong data-start=\"1565\" data-end=\"1586\">zahtevne smu\u010darke<\/strong>, ki i\u0161\u010dejo vrhunsko kombinacijo <strong data-start=\"1619\" data-end=\"1662\">lahkotnosti, mo\u010di in natan\u010dnega nadzora<\/strong> \u2013 ne glede na teren ali razmere.<\/p>","protected":false},"excerpt":{"rendered":"<ul data-start=\"1272\" data-end=\"1529\">\n<li data-start=\"1272\" data-end=\"1289\">\n<p data-start=\"1274\" data-end=\"1289\"><strong data-start=\"1274\" data-end=\"1283\">Flex:<\/strong> 115<\/p>\n<\/li>\n<li data-start=\"1290\" data-end=\"1319\">\n<p data-start=\"1292\" data-end=\"1319\"><strong data-start=\"1292\" data-end=\"1310\">Width (Last):<\/strong> 100mm<\/p>\n<\/li>\n<li data-start=\"1320\" data-end=\"1364\">\n<p data-start=\"1322\" data-end=\"1364\"><strong data-start=\"1322\" data-end=\"1331\">Weight:<\/strong> 1614 g (pri velikosti 24.5 MP)<\/p>\n<\/li>\n<\/ul>","protected":false},"featured_media":2855,"comment_status":"closed","ping_status":"closed","template":"","meta":{"_acf_changed":false,"inline_featured_image":false,"_monsterinsights_skip_tracking":false,"_monsterinsights_sitenote_active":false,"_monsterinsights_sitenote_note":"","_monsterinsights_sitenote_category":0},"product_brand":[30],"product_cat":[115,92,21],"product_tag":[],"class_list":{"0":"post-1588","1":"product","2":"type-product","3":"status-publish","4":"has-post-thumbnail","6":"product_brand-lange","7":"product_cat-free-tour-zenski","8":"product_cat-pancarji","9":"product_cat-smucanje","11":"first","12":"instock","13":"sale","14":"taxable","15":"shipping-taxable","16":"purchasable","17":"product-type-variable"},"acf":[],"aioseo_notices":[],"_links":{"self":[{"href":"https:\/\/olliesport.com\/en\/wp-json\/wp\/v2\/product\/1588","targetHints":{"allow":["GET"]}}],"collection":[{"href":"https:\/\/olliesport.com\/en\/wp-json\/wp\/v2\/product"}],"about":[{"href":"https:\/\/olliesport.com\/en\/wp-json\/wp\/v2\/types\/product"}],"replies":[{"embeddable":true,"href":"https:\/\/olliesport.com\/en\/wp-json\/wp\/v2\/comments?post=1588"}],"wp:featuredmedia":[{"embeddable":true,"href":"https:\/\/olliesport.com\/en\/wp-json\/wp\/v2\/media\/2855"}],"wp:attachment":[{"href":"https:\/\/olliesport.com\/en\/wp-json\/wp\/v2\/media?parent=1588"}],"wp:term":[{"taxonomy":"product_brand","embeddable":true,"href":"https:\/\/olliesport.com\/en\/wp-json\/wp\/v2\/product_brand?post=1588"},{"taxonomy":"product_cat","embeddable":true,"href":"https:\/\/olliesport.com\/en\/wp-json\/wp\/v2\/product_cat?post=1588"},{"taxonomy":"product_tag","embeddable":true,"href":"https:\/\/olliesport.com\/en\/wp-json\/wp\/v2\/product_tag?post=1588"}],"curies":[{"name":"wp","href":"https:\/\/api.w.org\/{rel}","templated":true}]}}