{"id":1587,"date":"2025-10-29T14:52:32","date_gmt":"2025-10-29T13:52:32","guid":{"rendered":"https:\/\/olliesport.click.si\/trgovina\/uncategorized\/lange-sm-cevlji-xt3-free-110-mv-gw\/"},"modified":"2026-01-17T10:50:59","modified_gmt":"2026-01-17T09:50:59","slug":"lange-sm-cevlji-xt3-free-110-mv-gw","status":"publish","type":"product","link":"https:\/\/olliesport.com\/en\/trgovina\/smucanje\/pancarji\/free-tour-moski\/lange-sm-cevlji-xt3-free-110-mv-gw\/","title":{"rendered":"LANGE XT3 FREE 110 MV GW"},"content":{"rendered":"<p data-start=\"0\" data-end=\"22\"><strong data-start=\"0\" data-end=\"20\">LANGE XT3 110 MV<\/strong><\/p>\n<h3 data-start=\"23\" data-end=\"88\"><strong data-start=\"27\" data-end=\"88\">Pristni freeride duh \u2013 mo\u010d, natan\u010dnost in svoboda gibanja<\/strong><\/h3>\n<p data-start=\"90\" data-end=\"375\">Model <strong data-start=\"96\" data-end=\"116\">Lange XT3 110 MV<\/strong> je zasnovan za pristen <em data-start=\"140\" data-end=\"150\">freeride<\/em> \u2013 tam, kjer je vzpon le sredstvo, cilj pa nepozaben spust.<br data-start=\"209\" data-end=\"212\" \/>Z zdru\u017eitvijo patentirane tehnologije <strong data-start=\"250\" data-end=\"268\">Active Walking<\/strong> in inovativnega <strong data-start=\"285\" data-end=\"308\">rotacijskega te\u010daja<\/strong> omogo\u010da lahkotno gibanje pri vzponu in popoln nadzor pri spustu.<\/p>\n<p data-start=\"377\" data-end=\"668\">Ko dose\u017ee\u0161 vrh, pride do izraza prava <strong data-start=\"415\" data-end=\"428\">Lange DNK<\/strong>: konstrukcija <strong data-start=\"443\" data-end=\"456\">Dual Core<\/strong> v sendvi\u010d izvedbi zagotavlja eksploziven odboj, izjemno natan\u010dnost in mo\u010d, ki jo ob\u010duti\u0161 v vsakem zavoju.<br data-start=\"562\" data-end=\"565\" \/><strong data-start=\"565\" data-end=\"579\">XT3 110 MV<\/strong> zdru\u017euje mobilnost, odzivnost in stabilnost \u2013 za spuste, ki jih ne bo\u0161 nikoli pozabil.<\/p>\n<hr data-start=\"670\" data-end=\"673\" \/>\n<h3 data-start=\"675\" data-end=\"699\"><strong data-start=\"679\" data-end=\"699\">Glavne prednosti<\/strong><\/h3>\n<p data-start=\"701\" data-end=\"850\"><strong data-start=\"701\" data-end=\"733\">Pristna freeride zmogljivost<\/strong><br data-start=\"733\" data-end=\"736\" \/>Technology <strong data-start=\"748\" data-end=\"761\">Dual Core<\/strong> zagotavlja eksploziven odboj in optimalen prenos mo\u010di za dinami\u010dno in natan\u010dno smu\u010danje.<\/p>\n<p data-start=\"852\" data-end=\"1004\"><strong data-start=\"852\" data-end=\"890\">Hibridni sistem Activ Power V-Lock<\/strong><br data-start=\"890\" data-end=\"893\" \/>Enostavno preklapljanje med na\u010dinom hoje in smu\u010danja \u2013 za lahkotne vzpone in maksimalno zmogljivost pri spustu.<\/p>\n<p data-start=\"1006\" data-end=\"1216\"><strong data-start=\"1006\" data-end=\"1024\">Udobje po meri<\/strong><br data-start=\"1024\" data-end=\"1027\" \/>Notranji \u010develj s <strong data-start=\"1045\" data-end=\"1077\">toplotno izolacijo Ultralon\u00ae<\/strong> nudi popolno prileganje, toploto in izbolj\u0161an prenos energije. Mo\u017enost individualne prilagoditve po zaslugi <strong data-start=\"1186\" data-end=\"1203\">Core Custom 3<\/strong> tehnologije.<\/p>\n<hr data-start=\"1218\" data-end=\"1221\" \/>\n<h3 data-start=\"1223\" data-end=\"1253\"><strong data-start=\"1227\" data-end=\"1253\">Technical specifications<\/strong><\/h3>\n<ul data-start=\"1255\" data-end=\"1920\">\n<li data-start=\"1255\" data-end=\"1284\">\n<p data-start=\"1257\" data-end=\"1284\"><strong data-start=\"1257\" data-end=\"1275\">\u0160irina (last):<\/strong> 100mm<\/p>\n<\/li>\n<li data-start=\"1285\" data-end=\"1302\">\n<p data-start=\"1287\" data-end=\"1302\"><strong data-start=\"1287\" data-end=\"1296\">Flex:<\/strong> 110<\/p>\n<\/li>\n<li data-start=\"1303\" data-end=\"1377\">\n<p data-start=\"1305\" data-end=\"1377\"><strong data-start=\"1305\" data-end=\"1331\">\u0160koljka \u2013 tehnologija:<\/strong> Dual Core \u2013 eksploziven odboj in natan\u010dnost<\/p>\n<\/li>\n<li data-start=\"1378\" data-end=\"1437\">\n<p data-start=\"1380\" data-end=\"1437\"><strong data-start=\"1380\" data-end=\"1401\">Material \u0161koljke:<\/strong> Polyurethane \u2013 mo\u010d in elasti\u010dnost<\/p>\n<\/li>\n<li data-start=\"1438\" data-end=\"1484\">\n<p data-start=\"1440\" data-end=\"1484\"><strong data-start=\"1440\" data-end=\"1463\">Vlo\u017eek (bootboard):<\/strong> Lahki polipropilen<\/p>\n<\/li>\n<li data-start=\"1485\" data-end=\"1544\">\n<p data-start=\"1487\" data-end=\"1544\"><strong data-start=\"1487\" data-end=\"1512\">Sistem hoje\/smu\u010danja:<\/strong> Activ Power V-Lock (hibridni)<\/p>\n<\/li>\n<li data-start=\"1545\" data-end=\"1600\">\n<p data-start=\"1547\" data-end=\"1600\"><strong data-start=\"1547\" data-end=\"1588\">Notranji \u010develj \u2013 toplotna izolacija:<\/strong> Ultralon\u00ae<\/p>\n<\/li>\n<li data-start=\"1601\" data-end=\"1654\">\n<p data-start=\"1603\" data-end=\"1654\"><strong data-start=\"1603\" data-end=\"1638\">Prilagoditev notranjega \u010devlja:<\/strong> Core Custom 3<\/p>\n<\/li>\n<li data-start=\"1655\" data-end=\"1722\">\n<p data-start=\"1657\" data-end=\"1722\"><strong data-start=\"1657\" data-end=\"1669\">Buckles:<\/strong> Alu Light \u2013 lahke, varne in zaklenljive pri vzponu<\/p>\n<\/li>\n<li data-start=\"1723\" data-end=\"1748\">\n<p data-start=\"1725\" data-end=\"1748\"><strong data-start=\"1725\" data-end=\"1740\">Powerstrap:<\/strong> 40 mm<\/p>\n<\/li>\n<li data-start=\"1749\" data-end=\"1804\">\n<p data-start=\"1751\" data-end=\"1804\"><strong data-start=\"1751\" data-end=\"1763\">Podplat:<\/strong> Gripwalk \u2013 varen oprijem in stabilnost<\/p>\n<\/li>\n<li data-start=\"1805\" data-end=\"1865\">\n<p data-start=\"1807\" data-end=\"1865\"><strong data-start=\"1807\" data-end=\"1819\">Canting:<\/strong> Friction Free Hinge \u2013 ve\u010dja svoboda gibanja<\/p>\n<\/li>\n<li data-start=\"1866\" data-end=\"1920\">\n<p data-start=\"1868\" data-end=\"1920\"><strong data-start=\"1868\" data-end=\"1880\">Spojler:<\/strong> Odstranljiv, z dvojno visoko pozicijo<\/p>\n<\/li>\n<\/ul>","protected":false},"excerpt":{"rendered":"<ul data-start=\"1255\" data-end=\"1920\">\n<li data-start=\"1255\" data-end=\"1284\">\n<p data-start=\"1257\" data-end=\"1284\"><strong data-start=\"1257\" data-end=\"1275\">\u0160irina (last):<\/strong> 100mm<\/p>\n<\/li>\n<li data-start=\"1285\" data-end=\"1302\">\n<p data-start=\"1287\" data-end=\"1302\"><strong data-start=\"1287\" data-end=\"1296\">Flex:<\/strong> 110<\/p>\n<\/li>\n<\/ul>","protected":false},"featured_media":2830,"comment_status":"closed","ping_status":"closed","template":"","meta":{"_acf_changed":false,"inline_featured_image":false,"_monsterinsights_skip_tracking":false,"_monsterinsights_sitenote_active":false,"_monsterinsights_sitenote_note":"","_monsterinsights_sitenote_category":0},"product_brand":[30],"product_cat":[114,92,21],"product_tag":[],"class_list":{"0":"post-1587","1":"product","2":"type-product","3":"status-publish","4":"has-post-thumbnail","6":"product_brand-lange","7":"product_cat-free-tour-moski","8":"product_cat-pancarji","9":"product_cat-smucanje","11":"first","12":"instock","13":"sale","14":"taxable","15":"shipping-taxable","16":"purchasable","17":"product-type-simple"},"acf":[],"aioseo_notices":[],"_links":{"self":[{"href":"https:\/\/olliesport.com\/en\/wp-json\/wp\/v2\/product\/1587","targetHints":{"allow":["GET"]}}],"collection":[{"href":"https:\/\/olliesport.com\/en\/wp-json\/wp\/v2\/product"}],"about":[{"href":"https:\/\/olliesport.com\/en\/wp-json\/wp\/v2\/types\/product"}],"replies":[{"embeddable":true,"href":"https:\/\/olliesport.com\/en\/wp-json\/wp\/v2\/comments?post=1587"}],"wp:featuredmedia":[{"embeddable":true,"href":"https:\/\/olliesport.com\/en\/wp-json\/wp\/v2\/media\/2830"}],"wp:attachment":[{"href":"https:\/\/olliesport.com\/en\/wp-json\/wp\/v2\/media?parent=1587"}],"wp:term":[{"taxonomy":"product_brand","embeddable":true,"href":"https:\/\/olliesport.com\/en\/wp-json\/wp\/v2\/product_brand?post=1587"},{"taxonomy":"product_cat","embeddable":true,"href":"https:\/\/olliesport.com\/en\/wp-json\/wp\/v2\/product_cat?post=1587"},{"taxonomy":"product_tag","embeddable":true,"href":"https:\/\/olliesport.com\/en\/wp-json\/wp\/v2\/product_tag?post=1587"}],"curies":[{"name":"wp","href":"https:\/\/api.w.org\/{rel}","templated":true}]}}