{"id":1586,"date":"2025-10-29T14:52:32","date_gmt":"2025-10-29T13:52:32","guid":{"rendered":"https:\/\/olliesport.click.si\/trgovina\/uncategorized\/lange-sm-cevlji-xt3-130-storm\/"},"modified":"2026-04-16T20:58:35","modified_gmt":"2026-04-16T18:58:35","slug":"lange-sm-cevlji-xt3-130-storm","status":"publish","type":"product","link":"https:\/\/olliesport.com\/en\/trgovina\/smucanje\/pancarji\/free-tour-moski\/lange-sm-cevlji-xt3-130-storm\/","title":{"rendered":"LANGE XT3 130"},"content":{"rendered":"<p data-start=\"0\" data-end=\"62\"><strong data-start=\"0\" data-end=\"60\">LANGE XT3 \u2013 SVOBODA GIBANJA IN ZMOGLJIVOST V ENEM \u010cEVLJU<\/strong><\/p>\n<h3 data-start=\"63\" data-end=\"104\"><strong data-start=\"67\" data-end=\"104\">Prednosti in tehni\u010dne zna\u010dilnosti<\/strong><\/h3>\n<hr data-start=\"106\" data-end=\"109\" \/>\n<h3 data-start=\"111\" data-end=\"128\"><strong data-start=\"115\" data-end=\"128\">Prednosti<\/strong><\/h3>\n<p data-start=\"130\" data-end=\"358\"><strong data-start=\"130\" data-end=\"163\">Vsestranskost: vzpon in spust<\/strong><br data-start=\"163\" data-end=\"166\" \/>Zasnovan za smu\u010darje, ki \u017eelijo popolno ravnote\u017eje med turnim udobjem in zmogljivostjo pri spustu.<br data-start=\"264\" data-end=\"267\" \/>\u010cevelj <strong data-start=\"274\" data-end=\"281\">XT3<\/strong> omogo\u010da enako lahkotno hojo navzgor kot stabilen in natan\u010den nadzor navzdol.<\/p>\n<p data-start=\"360\" data-end=\"519\"><strong data-start=\"360\" data-end=\"386\">Enostavna aktivna hoja<\/strong><br data-start=\"386\" data-end=\"389\" \/>System <strong data-start=\"396\" data-end=\"419\">Active Power V-Lock<\/strong> olaj\u0161a preklop med na\u010dinom hoje in smu\u010danja ter omogo\u010da ve\u010djo svobodo gibanja (+11\u00b0 v na\u010dinu hoje).<\/p>\n<p data-start=\"521\" data-end=\"696\"><strong data-start=\"521\" data-end=\"545\">\u0160irok razpon gibanja<\/strong><br data-start=\"545\" data-end=\"548\" \/>Thanks to <strong data-start=\"560\" data-end=\"577\">Friction-Free<\/strong> zasnovi te\u010dajev \u010develj omogo\u010da gladko, naravno hojo brez upora \u2013 bolj u\u010dinkovito kot kateri koli prej\u0161nji model Lange.<\/p>\n<hr data-start=\"698\" data-end=\"701\" \/>\n<h3 data-start=\"703\" data-end=\"731\"><strong data-start=\"707\" data-end=\"731\">Technical characteristics<\/strong><\/h3>\n<p data-start=\"733\" data-end=\"840\"><strong data-start=\"733\" data-end=\"769\">Idealni \u010devlji za turno smu\u010danje<\/strong><br data-start=\"769\" data-end=\"772\" \/>Zdru\u017eujejo visoko zmogljivost pri spustu in lahkotnost pri vzponu.<\/p>\n<p data-start=\"842\" data-end=\"959\"><strong data-start=\"842\" data-end=\"865\">Active Power V-Lock<\/strong><br data-start=\"865\" data-end=\"868\" \/>Omogo\u010da aktivno hojo z razponom gibanja +11\u00b0 v na\u010dinu hoje za ve\u010djo u\u010dinkovitost in udobje.<\/p>\n<p data-start=\"961\" data-end=\"1133\"><strong data-start=\"961\" data-end=\"992\">Dual Core Light tehnologija<\/strong><br data-start=\"992\" data-end=\"995\" \/>Lahka razli\u010dica Dual Core konstrukcije zagotavlja izjemno natan\u010dnost, enostavno obuvanje in sezuvanje ter popolnoma nov nivo zmogljivosti.<\/p>\n<p data-start=\"1135\" data-end=\"1236\"><strong data-start=\"1135\" data-end=\"1162\">Friction-Free mehanizem<\/strong><br data-start=\"1162\" data-end=\"1165\" \/>Odpravlja trenje v te\u010dajih \u2013 za bolj naraven korak in lahkotnej\u0161o hojo.<\/p>\n<p data-start=\"1238\" data-end=\"1357\"><strong data-start=\"1238\" data-end=\"1265\">Dynafit Low Tech vlo\u017eki<\/strong><br data-start=\"1265\" data-end=\"1268\" \/>Zagotavljajo zanesljivo zmogljivost in kompatibilnost s <em data-start=\"1324\" data-end=\"1330\">tech<\/em> vezmi pri turnem smu\u010danju.<\/p>\n<p data-start=\"1359\" data-end=\"1625\"><strong data-start=\"1359\" data-end=\"1408\">Dvojni postopek oblikovanja notranjega \u010devlja<\/strong><br data-start=\"1408\" data-end=\"1411\" \/>Prvi korak popolnoma sledi obliki \u0161koljke, drugi pa se natan\u010dno prilega volumnu stopala.<br data-start=\"1499\" data-end=\"1502\" \/>Inner shoe <strong data-start=\"1518\" data-end=\"1548\">Dual 3D Liner Full Version<\/strong> je 100 % prilagodljiv in izdelan iz treh razli\u010dnih pen za maksimalno udobje.<\/p>\n<p data-start=\"1627\" data-end=\"1761\"><strong data-start=\"1627\" data-end=\"1661\">Performance Boot Board podplat<\/strong><br data-start=\"1661\" data-end=\"1664\" \/>Izolira pred mrazom, absorbira udarce in ohranja toploto \u2013 za dolgotrajno udobje v vseh razmerah.<\/p>\n<p data-start=\"1763\" data-end=\"1895\"><strong data-start=\"1763\" data-end=\"1784\">Gripwalk\u00ae podplat<\/strong><br data-start=\"1784\" data-end=\"1787\" \/>Iz gume, ki omogo\u010da bolj naravno in udobno hojo ter zagotavlja bolj\u0161i prenos energije med hojo in smu\u010danjem.<\/p>\n<p data-start=\"1897\" data-end=\"2033\"><strong data-start=\"1897\" data-end=\"1929\">Thermoformable liner &amp; shell<\/strong><br data-start=\"1929\" data-end=\"1932\" \/>Notranji \u010develj in \u0161koljka sta toplotno oblikljiva \u2013 za popolno prileganje glede na tvoj tip stopala.<\/p>\n<hr data-start=\"2035\" data-end=\"2038\" \/>\n<h3 data-start=\"2040\" data-end=\"2059\"><strong data-start=\"2044\" data-end=\"2059\">Podrobnosti<\/strong><\/h3>\n<ul data-start=\"2061\" data-end=\"2193\">\n<li data-start=\"2061\" data-end=\"2106\">\n<p data-start=\"2063\" data-end=\"2106\"><strong data-start=\"2063\" data-end=\"2097\">\u0160irina sprednjega dela (last):<\/strong> 100mm<\/p>\n<\/li>\n<li data-start=\"2107\" data-end=\"2140\">\n<p data-start=\"2109\" data-end=\"2140\"><strong data-start=\"2109\" data-end=\"2134\">Flex indeks (trdota):<\/strong> 130<\/p>\n<\/li>\n<li data-start=\"2141\" data-end=\"2167\">\n<p data-start=\"2143\" data-end=\"2167\"><strong data-start=\"2143\" data-end=\"2152\">Weight:<\/strong> 3,6 kg (par)<\/p>\n<\/li>\n<li data-start=\"2168\" data-end=\"2193\">\n<p data-start=\"2170\" data-end=\"2193\"><strong data-start=\"2170\" data-end=\"2185\">Powerstrap:<\/strong> 40 mm<\/p>\n<\/li>\n<\/ul>","protected":false},"excerpt":{"rendered":"<ul>\n<li data-start=\"2061\" data-end=\"2106\">\n<p data-start=\"2063\" data-end=\"2106\"><strong data-start=\"2063\" data-end=\"2097\">\u0160irina sprednjega dela (last):<\/strong> 100mm<\/p>\n<\/li>\n<li data-start=\"2107\" data-end=\"2140\">\n<p data-start=\"2109\" data-end=\"2140\"><strong data-start=\"2109\" data-end=\"2134\">Flex indeks (trdota):<\/strong> 130<\/p>\n<\/li>\n<li data-start=\"2141\" data-end=\"2167\">\n<p data-start=\"2143\" data-end=\"2167\"><strong data-start=\"2143\" data-end=\"2152\">Weight:<\/strong> 3,6 kg (par)<\/p>\n<\/li>\n<li data-start=\"2168\" data-end=\"2193\">\n<p data-start=\"2170\" data-end=\"2193\"><strong data-start=\"2170\" data-end=\"2185\">Powerstrap:<\/strong> 40 mm<\/p>\n<\/li>\n<\/ul>","protected":false},"featured_media":2832,"comment_status":"closed","ping_status":"closed","template":"","meta":{"_acf_changed":false,"inline_featured_image":false,"_monsterinsights_skip_tracking":false,"_monsterinsights_sitenote_active":false,"_monsterinsights_sitenote_note":"","_monsterinsights_sitenote_category":0},"product_brand":[30],"product_cat":[114,92,21],"product_tag":[],"class_list":{"0":"post-1586","1":"product","2":"type-product","3":"status-publish","4":"has-post-thumbnail","6":"product_brand-lange","7":"product_cat-free-tour-moski","8":"product_cat-pancarji","9":"product_cat-smucanje","11":"first","12":"instock","13":"sale","14":"taxable","15":"shipping-taxable","16":"purchasable","17":"product-type-variable"},"acf":[],"aioseo_notices":[],"_links":{"self":[{"href":"https:\/\/olliesport.com\/en\/wp-json\/wp\/v2\/product\/1586","targetHints":{"allow":["GET"]}}],"collection":[{"href":"https:\/\/olliesport.com\/en\/wp-json\/wp\/v2\/product"}],"about":[{"href":"https:\/\/olliesport.com\/en\/wp-json\/wp\/v2\/types\/product"}],"replies":[{"embeddable":true,"href":"https:\/\/olliesport.com\/en\/wp-json\/wp\/v2\/comments?post=1586"}],"wp:featuredmedia":[{"embeddable":true,"href":"https:\/\/olliesport.com\/en\/wp-json\/wp\/v2\/media\/2832"}],"wp:attachment":[{"href":"https:\/\/olliesport.com\/en\/wp-json\/wp\/v2\/media?parent=1586"}],"wp:term":[{"taxonomy":"product_brand","embeddable":true,"href":"https:\/\/olliesport.com\/en\/wp-json\/wp\/v2\/product_brand?post=1586"},{"taxonomy":"product_cat","embeddable":true,"href":"https:\/\/olliesport.com\/en\/wp-json\/wp\/v2\/product_cat?post=1586"},{"taxonomy":"product_tag","embeddable":true,"href":"https:\/\/olliesport.com\/en\/wp-json\/wp\/v2\/product_tag?post=1586"}],"curies":[{"name":"wp","href":"https:\/\/api.w.org\/{rel}","templated":true}]}}