{"id":1584,"date":"2025-10-29T14:52:32","date_gmt":"2025-10-29T13:52:32","guid":{"rendered":"https:\/\/olliesport.click.si\/trgovina\/uncategorized\/lange-sm-cevlji-wolrd-cup-rs140-zr-95-leg-bl\/"},"modified":"2026-04-16T22:58:42","modified_gmt":"2026-04-16T20:58:42","slug":"lange-wolrd-cup-rs140-zr-95","status":"publish","type":"product","link":"https:\/\/olliesport.com\/en\/trgovina\/smucanje\/pancarji\/on-piste-moski\/lange-wolrd-cup-rs140-zr-95\/","title":{"rendered":"LANGE WOLRD CUP RS140 ZR 95"},"content":{"rendered":"<h3 data-start=\"159\" data-end=\"226\"><strong data-start=\"163\" data-end=\"226\">Lange WORLD CUP RS 140 \u2013 ustvarjen za vrh zmagovalnega odra<\/strong><\/h3>\n<p data-start=\"228\" data-end=\"614\">Za tiste, ki merijo na <strong data-start=\"251\" data-end=\"291\">najvi\u0161jo stopni\u010dko zmagovalnega odra<\/strong>.<br data-start=\"292\" data-end=\"295\" \/>Model <strong data-start=\"301\" data-end=\"327\">Lange WORLD CUP RS 140<\/strong> je razvit posebej za <strong data-start=\"349\" data-end=\"372\">vrhunske tekmovalce<\/strong>, ki zahtevajo maksimalno natan\u010dnost, odzivnost in prenos mo\u010di. Ta tekmovalni \u010develj je zasnovan tako, da se popolnoma zlije s smu\u010darjevo nogo, kar omogo\u010da <strong data-start=\"528\" data-end=\"560\">izjemno precizno upravljanje<\/strong> in neposreden prenos energije s smu\u010darja na smu\u010dko.<\/p>\n<p data-start=\"616\" data-end=\"941\">Srce \u010devlja predstavlja <strong data-start=\"640\" data-end=\"680\">revolucionarna tehnologija Dual Core<\/strong>, ki jo je razvil Lange. Ta inovativna \u201csendvi\u010d\u201d konstrukcija \u0161koljke iz dveh materialov razli\u010dnih gostot zagotavlja <strong data-start=\"797\" data-end=\"843\">bolj\u0161i flex, ve\u010dji odboj, mo\u010d in odzivnost<\/strong>. Rezultat je \u010develj, ki ponuja vrhunsko zmogljivost v vsaki fazi zavoja \u2013 od za\u010detka do izhoda.<\/p>\n<p data-start=\"943\" data-end=\"1167\">With <strong data-start=\"945\" data-end=\"961\">95 mm \u0161irino<\/strong> (last) in <strong data-start=\"972\" data-end=\"987\">fleksom 140<\/strong> is <strong data-start=\"991\" data-end=\"1011\">WORLD CUP RS 140<\/strong> pravi tekmovalni \u010develj, ki omogo\u010da <strong data-start=\"1048\" data-end=\"1097\">izjemno natan\u010den stik med stopalom in \u0161koljko<\/strong>, s \u010dimer dose\u017ee\u0161 popoln nadzor in maksimalno u\u010dinkovitost na progi.<\/p>\n<hr data-start=\"1169\" data-end=\"1172\" \/>\n<h3 data-start=\"1174\" data-end=\"1204\"><strong data-start=\"1178\" data-end=\"1204\">Technical specifications<\/strong><\/h3>\n<ul data-start=\"1205\" data-end=\"1485\">\n<li data-start=\"1205\" data-end=\"1236\">\n<p data-start=\"1207\" data-end=\"1236\"><strong data-start=\"1207\" data-end=\"1217\">Model:<\/strong> WORLD CUP RS 140<\/p>\n<\/li>\n<li data-start=\"1237\" data-end=\"1265\">\n<p data-start=\"1239\" data-end=\"1265\"><strong data-start=\"1239\" data-end=\"1257\">Width (Last):<\/strong> 95 mm<\/p>\n<\/li>\n<li data-start=\"1266\" data-end=\"1283\">\n<p data-start=\"1268\" data-end=\"1283\"><strong data-start=\"1268\" data-end=\"1277\">Flex:<\/strong> 140<\/p>\n<\/li>\n<li data-start=\"1284\" data-end=\"1370\">\n<p data-start=\"1286\" data-end=\"1370\"><strong data-start=\"1286\" data-end=\"1310\">Tehnologija \u0161koljke:<\/strong> Dual Core \u2013 dvoslojna konstrukcija za optimalno odzivnost<\/p>\n<\/li>\n<li data-start=\"1371\" data-end=\"1430\">\n<p data-start=\"1373\" data-end=\"1430\"><strong data-start=\"1373\" data-end=\"1391\">Purpose of use:<\/strong> Tekmovalno smu\u010danje \/ World Cup Race<\/p>\n<\/li>\n<li data-start=\"1431\" data-end=\"1485\">\n<p data-start=\"1433\" data-end=\"1485\"><strong data-start=\"1433\" data-end=\"1451\">Nivo smu\u010darja:<\/strong> Elitni \/ profesionalni smu\u010darji<\/p>\n<\/li>\n<\/ul>\n<hr data-start=\"1487\" data-end=\"1490\" \/>\n<p data-start=\"1492\" data-end=\"1677\"><strong data-start=\"1492\" data-end=\"1518\">Lange WORLD CUP RS 140<\/strong> \u2013 ko \u0161teje vsak stotinki sekunde in ko se mo\u010d, natan\u010dnost ter prenos energije zdru\u017eijo v popolno ravnovesje. \u010cevelj, ustvarjen za tiste, ki vozijo za zmago.<\/p>","protected":false},"excerpt":{"rendered":"<p><strong data-start=\"1492\" data-end=\"1518\">Lange WORLD CUP RS 140<\/strong> \u2013 ko \u0161teje vsak stotinki sekunde in ko se mo\u010d, natan\u010dnost ter prenos energije zdru\u017eijo v popolno ravnovesje. \u010cevelj, ustvarjen za tiste, ki vozijo za zmago.<\/p>\n<ul data-start=\"1205\" data-end=\"1485\">\n<li data-start=\"1237\" data-end=\"1265\">\n<p data-start=\"1239\" data-end=\"1265\"><strong data-start=\"1239\" data-end=\"1257\">Width (Last):<\/strong> 95 mm<\/p>\n<\/li>\n<li data-start=\"1266\" data-end=\"1283\">\n<p data-start=\"1268\" data-end=\"1283\"><strong data-start=\"1268\" data-end=\"1277\">Flex:<\/strong> 140<\/p>\n<\/li>\n<\/ul>","protected":false},"featured_media":2865,"comment_status":"closed","ping_status":"closed","template":"","meta":{"_acf_changed":false,"inline_featured_image":false,"_monsterinsights_skip_tracking":false,"_monsterinsights_sitenote_active":false,"_monsterinsights_sitenote_note":"","_monsterinsights_sitenote_category":0},"product_brand":[30],"product_cat":[112,92,21],"product_tag":[],"class_list":{"0":"post-1584","1":"product","2":"type-product","3":"status-publish","4":"has-post-thumbnail","6":"product_brand-lange","7":"product_cat-on-piste-moski","8":"product_cat-pancarji","9":"product_cat-smucanje","11":"first","12":"instock","13":"sale","14":"taxable","15":"shipping-taxable","16":"purchasable","17":"product-type-variable"},"acf":[],"aioseo_notices":[],"_links":{"self":[{"href":"https:\/\/olliesport.com\/en\/wp-json\/wp\/v2\/product\/1584","targetHints":{"allow":["GET"]}}],"collection":[{"href":"https:\/\/olliesport.com\/en\/wp-json\/wp\/v2\/product"}],"about":[{"href":"https:\/\/olliesport.com\/en\/wp-json\/wp\/v2\/types\/product"}],"replies":[{"embeddable":true,"href":"https:\/\/olliesport.com\/en\/wp-json\/wp\/v2\/comments?post=1584"}],"wp:featuredmedia":[{"embeddable":true,"href":"https:\/\/olliesport.com\/en\/wp-json\/wp\/v2\/media\/2865"}],"wp:attachment":[{"href":"https:\/\/olliesport.com\/en\/wp-json\/wp\/v2\/media?parent=1584"}],"wp:term":[{"taxonomy":"product_brand","embeddable":true,"href":"https:\/\/olliesport.com\/en\/wp-json\/wp\/v2\/product_brand?post=1584"},{"taxonomy":"product_cat","embeddable":true,"href":"https:\/\/olliesport.com\/en\/wp-json\/wp\/v2\/product_cat?post=1584"},{"taxonomy":"product_tag","embeddable":true,"href":"https:\/\/olliesport.com\/en\/wp-json\/wp\/v2\/product_tag?post=1584"}],"curies":[{"name":"wp","href":"https:\/\/api.w.org\/{rel}","templated":true}]}}