{"id":1583,"date":"2025-10-29T14:52:32","date_gmt":"2025-10-29T13:52:32","guid":{"rendered":"https:\/\/olliesport.click.si\/trgovina\/uncategorized\/lange-sm-cevlji-shadow-j\/"},"modified":"2026-04-16T22:58:42","modified_gmt":"2026-04-16T20:58:42","slug":"lange-shadow-j","status":"publish","type":"product","link":"https:\/\/olliesport.com\/en\/trgovina\/smucanje\/pancarji\/otroski\/lange-shadow-j\/","title":{"rendered":"LANGE SHADOW J"},"content":{"rendered":"<h3 data-start=\"167\" data-end=\"217\"><strong data-start=\"171\" data-end=\"217\">Lange Shadow Jr \u2013 samozavestni prvi zavoji<\/strong><\/h3>\n<p data-start=\"219\" data-end=\"740\">Dajte mladim smu\u010darjem vse prednosti, ki jih potrebujejo, da osvojijo svoje zavoje. Smu\u010darski \u010devlji <strong data-start=\"320\" data-end=\"339\">Lange Shadow Jr<\/strong> prina\u0161ajo <strong data-start=\"350\" data-end=\"380\">freeride-navdihnjen dizajn<\/strong> v svet mladih smu\u010darjev.<br data-start=\"405\" data-end=\"408\" \/><strong data-start=\"408\" data-end=\"445\">Otro\u0161ka konstrukcija lupine Lange<\/strong> zagotavlja popolno ravnovesje med upogibom in prenosom mo\u010di tam, kjer je to najbolj pomembno \u2013 za <strong data-start=\"544\" data-end=\"575\">u\u010dinkovit nadzor nad smu\u010dmi<\/strong>.<br data-start=\"576\" data-end=\"579\" \/>Anatomsko oblikovana lupina se popolnoma prilega <strong data-start=\"628\" data-end=\"680\">notranjemu \u010devlju, zasnovanemu posebej za otroke<\/strong>, kar zagotavlja udobno, stabilno in zmogljivo prileganje.<\/p>\n<hr data-start=\"742\" data-end=\"745\" \/>\n<h3 data-start=\"747\" data-end=\"774\"><strong data-start=\"751\" data-end=\"774\">Klju\u010dne zna\u010dilnosti<\/strong><\/h3>\n<h4 data-start=\"776\" data-end=\"835\"><strong data-start=\"781\" data-end=\"835\">Anatomsko otro\u0161ko prileganje (ANATOMIC JUNIOR FIT)<\/strong><\/h4>\n<p data-start=\"836\" data-end=\"1022\">Langejev <strong data-start=\"845\" data-end=\"859\">Junior Fit<\/strong> je zasnovan posebej za <strong data-start=\"883\" data-end=\"928\">manj\u0161e me\u010dne mi\u0161ice in o\u017eje oblike stopal<\/strong>, kar prina\u0161a ve\u010dje udobje, optimalno prileganje in zmogljivost, prilagojeno mladim smu\u010darjem.<\/p>\n<h4 data-start=\"1024\" data-end=\"1072\"><strong data-start=\"1029\" data-end=\"1072\">Aluminijaste zaponke (ALUMINUM BUCKLES)<\/strong><\/h4>\n<p data-start=\"1073\" data-end=\"1189\">Trpe\u017ene <strong data-start=\"1081\" data-end=\"1105\">aluminijaste zaponke<\/strong> zagotavljajo zanesljivo zapiranje, ve\u010djo vzdr\u017eljivost in u\u010dinkovitej\u0161i prenos mo\u010di.<\/p>\n<h4 data-start=\"1191\" data-end=\"1261\"><strong data-start=\"1196\" data-end=\"1261\">Zdru\u017eljivost z Junior GripWalk\u00ae (JUNIOR GRIPWALK\u00ae COMPATIBLE)<\/strong><\/h4>\n<p data-start=\"1262\" data-end=\"1551\">Podplati <strong data-start=\"1271\" data-end=\"1291\">Junior GripWalk\u00ae<\/strong> imajo debelej\u0161i gumijast profil in zaobljen sprednji del, kar omogo\u010da <strong data-start=\"1362\" data-end=\"1400\">bolj\u0161i oprijem in naravnej\u0161i korak<\/strong> pri hoji.<br data-start=\"1410\" data-end=\"1413\" \/>Vgrajene trde plo\u0161\u010dice zagotavljajo <strong data-start=\"1449\" data-end=\"1497\">popolno zdru\u017eljivost z Junior GripWalk vezmi<\/strong>.<br data-start=\"1498\" data-end=\"1501\" \/><em data-start=\"1501\" data-end=\"1549\">Kompleti Junior GripWalk\u00ae se prodajajo lo\u010deno.<\/em><\/p>","protected":false},"excerpt":{"rendered":"<h3 data-start=\"167\" data-end=\"217\"><strong data-start=\"171\" data-end=\"217\">Lange Shadow Jr \u2013 samozavestni prvi zavoji<\/strong><\/h3>\n<p data-start=\"219\" data-end=\"740\">Dajte mladim smu\u010darjem vse prednosti, ki jih potrebujejo, da osvojijo svoje zavoje. Smu\u010darski \u010devlji <strong data-start=\"320\" data-end=\"339\">Lange Shadow Jr<\/strong> prina\u0161ajo <strong data-start=\"350\" data-end=\"380\">freeride-navdihnjen dizajn<\/strong> v svet mladih smu\u010darjev.<br data-start=\"405\" data-end=\"408\" \/><strong data-start=\"408\" data-end=\"445\">Otro\u0161ka konstrukcija lupine Lange<\/strong> zagotavlja popolno ravnovesje med upogibom in prenosom mo\u010di tam, kjer je to najbolj pomembno \u2013 za <strong data-start=\"544\" data-end=\"575\">u\u010dinkovit nadzor nad smu\u010dmi<\/strong>.<br data-start=\"576\" data-end=\"579\" \/>Anatomsko oblikovana lupina se popolnoma prilega <strong data-start=\"628\" data-end=\"680\">notranjemu \u010devlju, zasnovanemu posebej za otroke<\/strong>, kar zagotavlja udobno, stabilno in zmogljivo prileganje.<\/p>","protected":false},"featured_media":2941,"comment_status":"closed","ping_status":"closed","template":"","meta":{"_acf_changed":false,"inline_featured_image":false,"_monsterinsights_skip_tracking":false,"_monsterinsights_sitenote_active":false,"_monsterinsights_sitenote_note":"","_monsterinsights_sitenote_category":0},"product_brand":[30],"product_cat":[116,92,21],"product_tag":[],"class_list":{"0":"post-1583","1":"product","2":"type-product","3":"status-publish","4":"has-post-thumbnail","6":"product_brand-lange","7":"product_cat-otroski","8":"product_cat-pancarji","9":"product_cat-smucanje","11":"first","12":"instock","13":"sale","14":"taxable","15":"shipping-taxable","16":"purchasable","17":"product-type-variable"},"acf":[],"aioseo_notices":[],"_links":{"self":[{"href":"https:\/\/olliesport.com\/en\/wp-json\/wp\/v2\/product\/1583","targetHints":{"allow":["GET"]}}],"collection":[{"href":"https:\/\/olliesport.com\/en\/wp-json\/wp\/v2\/product"}],"about":[{"href":"https:\/\/olliesport.com\/en\/wp-json\/wp\/v2\/types\/product"}],"replies":[{"embeddable":true,"href":"https:\/\/olliesport.com\/en\/wp-json\/wp\/v2\/comments?post=1583"}],"wp:featuredmedia":[{"embeddable":true,"href":"https:\/\/olliesport.com\/en\/wp-json\/wp\/v2\/media\/2941"}],"wp:attachment":[{"href":"https:\/\/olliesport.com\/en\/wp-json\/wp\/v2\/media?parent=1583"}],"wp:term":[{"taxonomy":"product_brand","embeddable":true,"href":"https:\/\/olliesport.com\/en\/wp-json\/wp\/v2\/product_brand?post=1583"},{"taxonomy":"product_cat","embeddable":true,"href":"https:\/\/olliesport.com\/en\/wp-json\/wp\/v2\/product_cat?post=1583"},{"taxonomy":"product_tag","embeddable":true,"href":"https:\/\/olliesport.com\/en\/wp-json\/wp\/v2\/product_tag?post=1583"}],"curies":[{"name":"wp","href":"https:\/\/api.w.org\/{rel}","templated":true}]}}