{"id":1573,"date":"2025-10-29T14:52:30","date_gmt":"2025-10-29T13:52:30","guid":{"rendered":"https:\/\/olliesport.click.si\/trgovina\/uncategorized\/lange-sm-cevlji-shadow-130-lv-gw\/"},"modified":"2026-04-16T22:58:42","modified_gmt":"2026-04-16T20:58:42","slug":"lange-shadow-130-lv-gw","status":"publish","type":"product","link":"https:\/\/olliesport.com\/en\/trgovina\/smucanje\/pancarji\/on-piste-moski\/lange-shadow-130-lv-gw\/","title":{"rendered":"LANGE SHADOW 130 LV GW"},"content":{"rendered":"<p><strong>Shadow ima eno samo poslanstvo:<\/strong><br \/>\nto return all the daily energy that skiers put in in the form of responsiveness, power and precision. That&#039;s why we&#039;re introducing the first ski boots with assisted performance and cushioning.<\/p>\n<p><strong>Shadow represents a new era of all-mountain ski boots,<\/strong> ki zdru\u017eujejo vrhunsko zmogljivost in udobje. Namenjen je tistim, ki so popolnoma predani \u2013 brez kompromisov. Tistim, katerih strast jih spremlja kot senca, povsod.<\/p>\n<p><strong>Assisted performance<\/strong><\/p>\n<p>More power and responsiveness with less effort. Better vibration absorption, more comfortable skiing and improved contact with the snow. Achieved with two innovations:<\/p>\n<ul>\n<li><strong>Dual Pivot:<\/strong> One lever and two pivot points, placed far apart, increase mechanical advantage. The more you put in, the more you get back. Energy is converted into power, which is transmitted along the entire length of the shoe with less effort \u2013 assisted efficiency.<\/li>\n<li><strong>Suspension Blade:<\/strong> Excellent connection between the upper and lower cuffs, which move together and absorb energy without fixed points. Ensures clean, even flexion and smooth movement.<\/li>\n<\/ul>\n<p><strong>Flex adaptability<\/strong><\/p>\n<p>4 razli\u010dne nastavitve togosti za prilagajanje zmogljivosti glede na va\u0161 slog smu\u010danja.<\/p>\n<p><strong>Comfort<\/strong><\/p>\n<ul>\n<li>New one-piece, seamless inner lining for greater comfort<\/li>\n<li>Nova asimetri\u010dna \u0161katla za prste za bolj\u0161i ob\u010dutek in ve\u010d prostora<\/li>\n<li>Perfect fit from the first wear<\/li>\n<\/ul>\n<p><strong>Auxetic Technology<\/strong><\/p>\n<p>Nova tehnologija omogo\u010da popolno termi\u010dno oblikovanje, izvrstno prileganje \u017ee takoj ob obutju in bolj\u0161o personalizacijo.<\/p>\n<p><strong>Model: Shadow 130 LV<\/strong><\/p>\n<ul>\n<li><strong>LV (Low Volume):<\/strong> o\u017eje kopito, primerno za o\u017eja stopala<\/li>\n<li>Namenjen izku\u0161enim in potrjenim smu\u010darjem, ki \u017eelijo ve\u010djo u\u010dinkovitost in zmogljivost brez dodatnega fizi\u010dnega napora<\/li>\n<li>Primerno za vse vrste terena in smu\u010darskih pogojev<\/li>\n<li>GripWalk\u00ae sole for better walking and grip<\/li>\n<\/ul>\n<p><strong>Reactive Boost Tongue:<\/strong> for best performance and responsiveness<\/p>","protected":false},"excerpt":{"rendered":"<p><strong>Shadow represents a new era of all-mountain ski boots,<\/strong> that combine superior performance and comfort.<\/p>\n<p>Flex: 130<\/p>\n<p>Last: 100mm<\/p>","protected":false},"featured_media":2721,"comment_status":"closed","ping_status":"closed","template":"","meta":{"_acf_changed":false,"inline_featured_image":false,"_monsterinsights_skip_tracking":false,"_monsterinsights_sitenote_active":false,"_monsterinsights_sitenote_note":"","_monsterinsights_sitenote_category":0},"product_brand":[30],"product_cat":[112,92,21],"product_tag":[],"class_list":{"0":"post-1573","1":"product","2":"type-product","3":"status-publish","4":"has-post-thumbnail","6":"product_brand-lange","7":"product_cat-on-piste-moski","8":"product_cat-pancarji","9":"product_cat-smucanje","11":"first","12":"instock","13":"sale","14":"taxable","15":"shipping-taxable","16":"purchasable","17":"product-type-variable"},"acf":[],"aioseo_notices":[],"_links":{"self":[{"href":"https:\/\/olliesport.com\/en\/wp-json\/wp\/v2\/product\/1573","targetHints":{"allow":["GET"]}}],"collection":[{"href":"https:\/\/olliesport.com\/en\/wp-json\/wp\/v2\/product"}],"about":[{"href":"https:\/\/olliesport.com\/en\/wp-json\/wp\/v2\/types\/product"}],"replies":[{"embeddable":true,"href":"https:\/\/olliesport.com\/en\/wp-json\/wp\/v2\/comments?post=1573"}],"wp:featuredmedia":[{"embeddable":true,"href":"https:\/\/olliesport.com\/en\/wp-json\/wp\/v2\/media\/2721"}],"wp:attachment":[{"href":"https:\/\/olliesport.com\/en\/wp-json\/wp\/v2\/media?parent=1573"}],"wp:term":[{"taxonomy":"product_brand","embeddable":true,"href":"https:\/\/olliesport.com\/en\/wp-json\/wp\/v2\/product_brand?post=1573"},{"taxonomy":"product_cat","embeddable":true,"href":"https:\/\/olliesport.com\/en\/wp-json\/wp\/v2\/product_cat?post=1573"},{"taxonomy":"product_tag","embeddable":true,"href":"https:\/\/olliesport.com\/en\/wp-json\/wp\/v2\/product_tag?post=1573"}],"curies":[{"name":"wp","href":"https:\/\/api.w.org\/{rel}","templated":true}]}}