{"id":1567,"date":"2025-10-29T14:52:30","date_gmt":"2025-10-29T13:52:30","guid":{"rendered":"https:\/\/olliesport.click.si\/trgovina\/uncategorized\/lange-sm-cevlji-shadow-120-lv-gw\/"},"modified":"2026-04-16T14:59:37","modified_gmt":"2026-04-16T12:59:37","slug":"lange-shadow-120-lv-gw","status":"publish","type":"product","link":"https:\/\/olliesport.com\/en\/trgovina\/smucanje\/pancarji\/on-piste-moski\/lange-shadow-120-lv-gw\/","title":{"rendered":"LANGE SHADOW 120 LV GW"},"content":{"rendered":"<p><strong>Shadow has a single mission:<\/strong><br \/>\npovrniti vso energijo, ki jo smu\u010darji vlo\u017eijo, v obliki odzivnosti, mo\u010di in natan\u010dnosti. Zato vstopamo na trg s prvim smu\u010darskim \u010devljem z asistirano zmogljivostjo in bla\u017eenjem.<\/p>\n<p><strong>Shadow is a new era of all-mountain ski boots,<\/strong> ki zdru\u017eujejo vrhunsko zmogljivost in udobje. Namenjen je tistim, ki so popolnoma predani smu\u010danju \u2013 brez kompromisov in odstopanj. Tistim, katerih strast jih spremlja kot senca. Povsod.<\/p>\n<p><strong>Assisted performance<\/strong><\/p>\n<p>Pomeni: vlo\u017ei manj energije in dobi ve\u010d mo\u010di nazaj, bolj\u0161o absorpcijo, udobnej\u0161e smu\u010danje in bolj\u0161i stik s snegom. To mehansko prednost omogo\u010data dve inovaciji:<\/p>\n<ul>\n<li><strong>Dual Pivot:<\/strong> ena to\u010dka vzvoda in dve vrte\u010di to\u010dki, name\u0161\u010deni dale\u010d narazen, kar ustvarja mehansko prednost. Ve\u010d ko vlo\u017ei\u0161, ve\u010d dobi\u0161 nazaj. Energija se spremeni v mo\u010d. Aktivira celotno dol\u017eino \u010devlja in prena\u0161a mo\u010d z manj napora. To je asistirana u\u010dinkovitost.<\/li>\n<li><strong>Suspension Blade:<\/strong> Excellent connection between the upper and lower cuffs, which move in sync, absorb energy without fixed points, allow for clean and even bending and a smooth connection.<\/li>\n<\/ul>\n<p><strong>Flex adaptability<\/strong><\/p>\n<p>Na voljo so 4 razli\u010dne nastavitve togosti, ki jih lahko prilagodite glede na va\u0161 stil smu\u010danja.<\/p>\n<p><strong>Comfort<\/strong><\/p>\n<ul>\n<li>Nova enodelna notranja obloga brez \u0161ivov za maksimalno udobje.<\/li>\n<li>Asimetri\u010dna \u0161katla za prste nudi ve\u010d prostora in bolj\u0161i ob\u010dutek.<\/li>\n<li>Perfect fit from the first wear.<\/li>\n<\/ul>\n<p><strong>Core Custom 2<\/strong><\/p>\n<p>Visoka stopnja termi\u010dnega oblikovanja za optimalno prileganje.<\/p>\n<p><strong>Model: Shadow 120 LV<\/strong><\/p>\n<ul>\n<li><strong>LV (Low Volume):<\/strong> ozko kopito \u2013 primerno za o\u017eja stopala<\/li>\n<li>Namenjen izku\u0161enim in naprednim smu\u010darjem, ki i\u0161\u010dejo zmogljivost in u\u010dinkovitost brez dodatnega fizi\u010dnega napora<\/li>\n<li>Suitable for all types of terrain and skiing conditions<\/li>\n<li>GripWalk\u00ae podplat za bolj\u0161i oprijem in udobnej\u0161o hojo<\/li>\n<\/ul>\n<p>&nbsp;<\/p>","protected":false},"excerpt":{"rendered":"<p><strong>Shadow is a new era of all-mountain ski boots,<\/strong> that combine superior performance and comfort.<\/p>\n<p>Flex: 120<\/p>\n<p>Last: 98mm<\/p>\n<p>&nbsp;<\/p>","protected":false},"featured_media":2707,"comment_status":"closed","ping_status":"closed","template":"","meta":{"_acf_changed":false,"inline_featured_image":false,"_monsterinsights_skip_tracking":false,"_monsterinsights_sitenote_active":false,"_monsterinsights_sitenote_note":"","_monsterinsights_sitenote_category":0},"product_brand":[30],"product_cat":[112,92,21],"product_tag":[],"class_list":{"0":"post-1567","1":"product","2":"type-product","3":"status-publish","4":"has-post-thumbnail","6":"product_brand-lange","7":"product_cat-on-piste-moski","8":"product_cat-pancarji","9":"product_cat-smucanje","11":"first","12":"instock","13":"sale","14":"taxable","15":"shipping-taxable","16":"purchasable","17":"product-type-variable"},"acf":[],"aioseo_notices":[],"_links":{"self":[{"href":"https:\/\/olliesport.com\/en\/wp-json\/wp\/v2\/product\/1567","targetHints":{"allow":["GET"]}}],"collection":[{"href":"https:\/\/olliesport.com\/en\/wp-json\/wp\/v2\/product"}],"about":[{"href":"https:\/\/olliesport.com\/en\/wp-json\/wp\/v2\/types\/product"}],"replies":[{"embeddable":true,"href":"https:\/\/olliesport.com\/en\/wp-json\/wp\/v2\/comments?post=1567"}],"wp:featuredmedia":[{"embeddable":true,"href":"https:\/\/olliesport.com\/en\/wp-json\/wp\/v2\/media\/2707"}],"wp:attachment":[{"href":"https:\/\/olliesport.com\/en\/wp-json\/wp\/v2\/media?parent=1567"}],"wp:term":[{"taxonomy":"product_brand","embeddable":true,"href":"https:\/\/olliesport.com\/en\/wp-json\/wp\/v2\/product_brand?post=1567"},{"taxonomy":"product_cat","embeddable":true,"href":"https:\/\/olliesport.com\/en\/wp-json\/wp\/v2\/product_cat?post=1567"},{"taxonomy":"product_tag","embeddable":true,"href":"https:\/\/olliesport.com\/en\/wp-json\/wp\/v2\/product_tag?post=1567"}],"curies":[{"name":"wp","href":"https:\/\/api.w.org\/{rel}","templated":true}]}}