{"id":1564,"date":"2025-10-29T14:52:29","date_gmt":"2025-10-29T13:52:29","guid":{"rendered":"https:\/\/olliesport.click.si\/trgovina\/uncategorized\/lange-sm-cevlji-shadow-115-w-mv-gw\/"},"modified":"2026-04-16T23:58:33","modified_gmt":"2026-04-16T21:58:33","slug":"lange-sm-cevlji-shadow-115-w-mv-gw","status":"publish","type":"product","link":"https:\/\/olliesport.com\/en\/trgovina\/smucanje\/pancarji\/on-piste-zenski\/lange-sm-cevlji-shadow-115-w-mv-gw\/","title":{"rendered":"LANGE SHADOW 115 W MV GW"},"content":{"rendered":"<p><strong>Ko te strast spremlja kot senca.<\/strong><\/p>\n<p>Shadow ima le eno misijo \u2013 <strong>vrniti energijo<\/strong>, ki jo smu\u010darke vsak dan vlagajo v svojo vo\u017enjo. V ta namen Lange na novo definira zmogljivost z <strong>prvimi smu\u010darskimi \u010devlji z asistirano mo\u010djo in integriranim vzmetenjem<\/strong>. Shadow predstavlja <strong>novo generacijo all-mountain smu\u010darskih \u010devljev<\/strong>, ki popolno zdru\u017eujejo <strong>mo\u010d, preciznost in udobje<\/strong>.<\/p>\n<p>Zasnovan za tiste, ki smu\u010dajo z absolutno predanostjo. Brez kompromisov. Za tiste, katerih strast jih spremlja kot senca \u2013 kamorkoli gredo.<\/p>\n<p><strong>Asistirana zmogljivost \u2013 ve\u010d izkoristka, manj napora<\/strong><\/p>\n<p>Shadow temelji na <strong>mehanski prednosti dveh ekskluzivnih Lange inovacij<\/strong>:<\/p>\n<ul>\n<li><strong>Dual Pivot<\/strong><br \/>\nEn vzvod, dve rotacijski to\u010dki \u2013 name\u0161\u010deni dale\u010d narazen \u2013 ustvarjata izjemno mehansko prednost. Bolj ko pritisne\u0161, ve\u010d mo\u010di dobi\u0161 nazaj. Aktivira celoten \u010develj za bolj\u0161i prenos energije z manj napora.<\/li>\n<li><strong>Suspension Blade<\/strong><br \/>\nBrezfiksna povezava med zgornjo in spodnjo \u0161koljko omogo\u010da teko\u010d, \u010dist in konsistenten upogib (flex) ter u\u010dinkovito bla\u017eenje sil. Cevlja se premikata usklajeno in gladko \u2013 kot eno.<\/li>\n<\/ul>\n<p><strong>Individualna nastavitev &amp; udobje za \u017eensko stopalo<\/strong><\/p>\n<ul>\n<li><strong>4 stopnje trdote (flex)<\/strong> za prilagajanje zmogljivosti tvojemu stilu.<\/li>\n<li><strong>Female shell<\/strong> \u2013 kraj\u0161i in \u0161ir\u0161i zgornji del za optimalno prileganje me\u010dem.<\/li>\n<li><strong>New one-piece interior<\/strong> \u2013 brez\u0161ivno oblazinjenje za ve\u010d udobja in bolj\u0161i oprijem.<\/li>\n<li><strong>Asymmetrical toe box<\/strong> \u2013 ve\u010d prostora tam, kjer ga najbolj potrebuje\u0161.<\/li>\n<li><strong>Primaloft insulation<\/strong> \u2013 vrhunska toplota tudi v najhladnej\u0161ih razmerah.<\/li>\n<li><strong>Auxetic technology<\/strong> \u2013 omogo\u010da natan\u010dno termoformiranje in popolno prileganje \u017ee iz \u0161katle.<\/li>\n<li><strong>Core Custom 3<\/strong> \u2013 najvi\u0161ja stopnja toplotne prilagoditve za zahtevne uporabnice.<\/li>\n<\/ul>\n<p><strong>Za koga je Shadow 115 MV W?<\/strong><\/p>\n<ul>\n<li><strong>MV = Medium Volume<\/strong> \u2013 za standardno \u0161iroka stopala<\/li>\n<li><strong>Flex: 115<\/strong> \u2013 za ekspertke in napredne smu\u010darke<\/li>\n<li>Idealno za tiste, ki \u017eelijo bolj\u0161o u\u010dinkovitost brez nujno ve\u010dje fizi\u010dne mo\u010di<\/li>\n<li>Primerno za vse terene in vse sne\u017ene razmere<\/li>\n<li><strong>Gripwalk sole<\/strong> \u2013 ve\u010d udobja pri hoji in bolj\u0161i oprijem<\/li>\n<\/ul>","protected":false},"excerpt":{"rendered":"<p>Shadow opens\u00a0<strong>a new era of all-mountain ski boots<\/strong>, where\u00a0<strong>high performance meets comfort<\/strong>.<\/p>\n<p>Flex: 115<\/p>\n<p>Last: 100mm<\/p>","protected":false},"featured_media":2776,"comment_status":"closed","ping_status":"closed","template":"","meta":{"_acf_changed":false,"inline_featured_image":false,"_monsterinsights_skip_tracking":false,"_monsterinsights_sitenote_active":false,"_monsterinsights_sitenote_note":"","_monsterinsights_sitenote_category":0},"product_brand":[30],"product_cat":[113,92,21],"product_tag":[],"class_list":{"0":"post-1564","1":"product","2":"type-product","3":"status-publish","4":"has-post-thumbnail","6":"product_brand-lange","7":"product_cat-on-piste-zenski","8":"product_cat-pancarji","9":"product_cat-smucanje","11":"first","12":"instock","13":"sale","14":"taxable","15":"shipping-taxable","16":"purchasable","17":"product-type-variable"},"acf":[],"aioseo_notices":[],"_links":{"self":[{"href":"https:\/\/olliesport.com\/en\/wp-json\/wp\/v2\/product\/1564","targetHints":{"allow":["GET"]}}],"collection":[{"href":"https:\/\/olliesport.com\/en\/wp-json\/wp\/v2\/product"}],"about":[{"href":"https:\/\/olliesport.com\/en\/wp-json\/wp\/v2\/types\/product"}],"replies":[{"embeddable":true,"href":"https:\/\/olliesport.com\/en\/wp-json\/wp\/v2\/comments?post=1564"}],"wp:featuredmedia":[{"embeddable":true,"href":"https:\/\/olliesport.com\/en\/wp-json\/wp\/v2\/media\/2776"}],"wp:attachment":[{"href":"https:\/\/olliesport.com\/en\/wp-json\/wp\/v2\/media?parent=1564"}],"wp:term":[{"taxonomy":"product_brand","embeddable":true,"href":"https:\/\/olliesport.com\/en\/wp-json\/wp\/v2\/product_brand?post=1564"},{"taxonomy":"product_cat","embeddable":true,"href":"https:\/\/olliesport.com\/en\/wp-json\/wp\/v2\/product_cat?post=1564"},{"taxonomy":"product_tag","embeddable":true,"href":"https:\/\/olliesport.com\/en\/wp-json\/wp\/v2\/product_tag?post=1564"}],"curies":[{"name":"wp","href":"https:\/\/api.w.org\/{rel}","templated":true}]}}