{"id":1552,"date":"2025-10-29T14:52:28","date_gmt":"2025-10-29T13:52:28","guid":{"rendered":"https:\/\/olliesport.click.si\/trgovina\/uncategorized\/lange-sm-cevlji-shadow-100-mv-gw\/"},"modified":"2026-04-16T14:59:36","modified_gmt":"2026-04-16T12:59:36","slug":"lange-sm-cevlji-shadow-100-mv-gw","status":"publish","type":"product","link":"https:\/\/olliesport.com\/en\/trgovina\/smucanje\/pancarji\/on-piste-moski\/lange-sm-cevlji-shadow-100-mv-gw\/","title":{"rendered":"LANGE SHADOW 100 MV GW"},"content":{"rendered":"<p><strong>Shadow has a single mission:<\/strong><br \/>\nvrniti smu\u010darjem v obliki odziva, mo\u010di in natan\u010dnosti vso dnevno energijo, ki jo vlo\u017eijo. Zato vstopamo v industrijo s prvim smu\u010darskim \u010devljem z asistirano zmogljivostjo in bla\u017eenjem.<\/p>\n<p><strong>Shadow represents a new era of all-mountain ski boots,<\/strong> ki zdru\u017eujejo zmogljivost in udobje. Namenjen je tistim, ki so popolnoma predani \u2013 brez kompromisov in odstopanj. Tistim, ki jih strast spremlja kot senca. Povsod.<\/p>\n<p><strong>Assisted performance<\/strong><\/p>\n<p>Pomeni: manj vlo\u017eene energije, ve\u010d mo\u010di nazaj, bolj\u0161a absorpcija, udobnej\u0161e smu\u010danje in bolj\u0161i stik s snegom. To mehansko prednost zagotavljata dve inovaciji:<\/p>\n<ul>\n<li><strong>Dual Pivot:<\/strong> ena to\u010dka vzvoda in dve to\u010dki vrtenja, postavljeni dale\u010d narazen, kar ustvarja mehansko prednost. Ve\u010d ko vlo\u017ei\u0161, ve\u010d dobi\u0161 nazaj. Energija se spremeni v mo\u010d. Aktivira celotno dol\u017eino \u010devlja in prena\u0161a mo\u010d z manj napora. To je asistirana u\u010dinkovitost.<\/li>\n<li><strong>Suspension Blade:<\/strong> Excellent connection between the upper and lower cuffs, which move in unison, absorbs energy without fixed points, allows for clean, even bending and a smooth connection.<\/li>\n<\/ul>\n<p><strong>Flex adaptability<\/strong><\/p>\n<p>\u010cevlji imajo 4 razli\u010dne stopnje togosti, ki jih je mogo\u010de nastavljati, da ustrezajo va\u0161emu slogu smu\u010danja.<\/p>\n<p><strong>Comfort<\/strong><\/p>\n<ul>\n<li>Nova enodelna notranja obloga brez \u0161ivov za maksimalno udobje.<\/li>\n<li>Asimetri\u010dna \u0161katla za prste za ve\u010d prostora in udobja.<\/li>\n<li>Perfect fit from the first wear.<\/li>\n<\/ul>\n<p><strong>Core Custom 4<\/strong><\/p>\n<p>Dober nivo termi\u010dnega oblikovanja za prilagojeno prileganje.<\/p>\n<p><strong>Model: Shadow 100 MV<\/strong><\/p>\n<ul>\n<li><strong>MV (Medium Volume):<\/strong> standard last width \u2013 suitable for normal feet<\/li>\n<li>Namenjeni za\u010detnikom in srednje naprednim smu\u010darjem, ki \u017eelijo ve\u010d u\u010dinkovitosti in zmogljivosti brez dodatnega fizi\u010dnega napora<\/li>\n<li>Suitable for all types of terrain and skiing conditions<\/li>\n<li>Podplat GripWalk\u00ae za bolj\u0161i oprijem in udobnej\u0161o hojo<\/li>\n<li>Lupina izdelana iz recikliranih materialov brez kompromisov pri zmogljivosti<\/li>\n<\/ul>\n<p>&nbsp;<\/p>","protected":false},"excerpt":{"rendered":"<p><strong>Shadow represents a new era of all-mountain ski boots,<\/strong> ki zdru\u017eujejo zmogljivost in udobje.<\/p>\n<p>Flex: 100<\/p>\n<p>Last: 100mm<\/p>","protected":false},"featured_media":2748,"comment_status":"closed","ping_status":"closed","template":"","meta":{"_acf_changed":false,"inline_featured_image":false,"_monsterinsights_skip_tracking":false,"_monsterinsights_sitenote_active":false,"_monsterinsights_sitenote_note":"","_monsterinsights_sitenote_category":0},"product_brand":[30],"product_cat":[112,92,21],"product_tag":[],"class_list":{"0":"post-1552","1":"product","2":"type-product","3":"status-publish","4":"has-post-thumbnail","6":"product_brand-lange","7":"product_cat-on-piste-moski","8":"product_cat-pancarji","9":"product_cat-smucanje","11":"first","12":"instock","13":"sale","14":"taxable","15":"shipping-taxable","16":"purchasable","17":"product-type-variable"},"acf":[],"aioseo_notices":[],"_links":{"self":[{"href":"https:\/\/olliesport.com\/en\/wp-json\/wp\/v2\/product\/1552","targetHints":{"allow":["GET"]}}],"collection":[{"href":"https:\/\/olliesport.com\/en\/wp-json\/wp\/v2\/product"}],"about":[{"href":"https:\/\/olliesport.com\/en\/wp-json\/wp\/v2\/types\/product"}],"replies":[{"embeddable":true,"href":"https:\/\/olliesport.com\/en\/wp-json\/wp\/v2\/comments?post=1552"}],"wp:featuredmedia":[{"embeddable":true,"href":"https:\/\/olliesport.com\/en\/wp-json\/wp\/v2\/media\/2748"}],"wp:attachment":[{"href":"https:\/\/olliesport.com\/en\/wp-json\/wp\/v2\/media?parent=1552"}],"wp:term":[{"taxonomy":"product_brand","embeddable":true,"href":"https:\/\/olliesport.com\/en\/wp-json\/wp\/v2\/product_brand?post=1552"},{"taxonomy":"product_cat","embeddable":true,"href":"https:\/\/olliesport.com\/en\/wp-json\/wp\/v2\/product_cat?post=1552"},{"taxonomy":"product_tag","embeddable":true,"href":"https:\/\/olliesport.com\/en\/wp-json\/wp\/v2\/product_tag?post=1552"}],"curies":[{"name":"wp","href":"https:\/\/api.w.org\/{rel}","templated":true}]}}