{"id":1548,"date":"2025-10-29T14:52:27","date_gmt":"2025-10-29T13:52:27","guid":{"rendered":"https:\/\/olliesport.click.si\/trgovina\/uncategorized\/lange-sm-cevlji-rsj-65-legend-blue\/"},"modified":"2026-03-06T15:58:44","modified_gmt":"2026-03-06T14:58:44","slug":"lange-rsj-65","status":"publish","type":"product","link":"https:\/\/olliesport.com\/en\/trgovina\/smucanje\/pancarji\/otroski\/lange-rsj-65\/","title":{"rendered":"LANGE RSJ 65"},"content":{"rendered":"<h3 data-start=\"114\" data-end=\"176\"><strong data-start=\"118\" data-end=\"176\">Lange RSJ 65 \u2013 zmogljivost in udobje za mlade smu\u010darje<\/strong><\/h3>\n<p data-start=\"178\" data-end=\"482\">Kot star\u0161 si \u017eeli\u0161, da bi tvoji otroci na smu\u010di\u0161\u010du zdr\u017eali \u010dim dlje \u2013 brez prito\u017eb o utrujenosti ali bole\u010dih stopalih. Z modelom <strong data-start=\"307\" data-end=\"323\">Lange RSJ 65<\/strong> lahko te te\u017eave pozabi\u0161. Ti otro\u0161ki smu\u010darski \u010devlji so zasnovani tako, da zagotavljajo <strong data-start=\"412\" data-end=\"452\">vrhunsko kakovost, toplino in udobje<\/strong> skozi celoten dan na snegu.<\/p>\n<p data-start=\"484\" data-end=\"774\">Z uporabo klasi\u010dne <strong data-start=\"503\" data-end=\"528\">\u0161tirizapon\u010dne zasnove<\/strong> RSJ 65 ohranja Langejevo tradicijo <strong data-start=\"564\" data-end=\"595\">natan\u010dnosti in zmogljivosti<\/strong>. <strong data-start=\"597\" data-end=\"620\">Zamenljivi podplati<\/strong> omogo\u010dajo brezskrbno hojo po parkiri\u0161\u010du, hkrati pa jih je mogo\u010de nadomestiti s <strong data-start=\"700\" data-end=\"719\">Junior GripWalk<\/strong> podplati, ki olaj\u0161ajo hojo od avtomobila do \u017ei\u010dnice.<\/p>\n<p data-start=\"776\" data-end=\"942\">Pomembno je vedeti, da model <strong data-start=\"805\" data-end=\"815\">RSJ 65<\/strong> uporablja <strong data-start=\"826\" data-end=\"860\">standard odraslih (Adult Norm)<\/strong> pri velikostih od 22 dalje, kar je treba upo\u0161tevati pri izbiri \u010devljev in vezi.<\/p>\n<p data-start=\"944\" data-end=\"1323\"><strong data-start=\"944\" data-end=\"975\">Notranji \u010develj Control Fit<\/strong> se popolnoma prilega lupini in izbolj\u0161a prenos mo\u010di, medtem ko mehka in topla pena okoli stopala zagotavlja izjemno udobje ter zmanj\u0161uje pritisk in utrujenost.<br data-start=\"1135\" data-end=\"1138\" \/>Ni naklju\u010dje, da ta model priporo\u010dajo \u0161tevilne <strong data-start=\"1185\" data-end=\"1212\">smu\u010darske \u0161ole po svetu<\/strong> \u2013 RSJ 65 zdru\u017euje <strong data-start=\"1231\" data-end=\"1251\">mo\u010d znamke Lange<\/strong> with <strong data-start=\"1254\" data-end=\"1283\">otrokom prijaznim udobjem<\/strong>, ki zadovolji tako otroke kot star\u0161e.<\/p>\n<hr data-start=\"1325\" data-end=\"1328\" \/>\n<h4 data-start=\"1330\" data-end=\"1361\"><strong data-start=\"1335\" data-end=\"1361\">Technical specifications<\/strong><\/h4>\n<ul data-start=\"1362\" data-end=\"1606\">\n<li data-start=\"1362\" data-end=\"1378\">\n<p data-start=\"1364\" data-end=\"1378\"><strong data-start=\"1364\" data-end=\"1373\">Flex:<\/strong> 65<\/p>\n<\/li>\n<li data-start=\"1379\" data-end=\"1408\">\n<p data-start=\"1381\" data-end=\"1408\"><strong data-start=\"1381\" data-end=\"1399\">Hoof width:<\/strong> Junior<\/p>\n<\/li>\n<li data-start=\"1409\" data-end=\"1451\">\n<p data-start=\"1411\" data-end=\"1451\"><strong data-start=\"1411\" data-end=\"1431\">Notranji \u010develj:<\/strong> Control Fit Liner<\/p>\n<\/li>\n<li data-start=\"1452\" data-end=\"1471\">\n<p data-start=\"1454\" data-end=\"1471\"><strong data-start=\"1454\" data-end=\"1466\">Spojler:<\/strong> Da<\/p>\n<\/li>\n<li data-start=\"1472\" data-end=\"1498\">\n<p data-start=\"1474\" data-end=\"1498\"><strong data-start=\"1474\" data-end=\"1490\">Power Strap:<\/strong> 30 mm<\/p>\n<\/li>\n<li data-start=\"1499\" data-end=\"1561\">\n<p data-start=\"1501\" data-end=\"1561\"><strong data-start=\"1501\" data-end=\"1525\">Zamenljivi podplati:<\/strong> Da (zdru\u017eljivi z Junior GripWalk)<\/p>\n<\/li>\n<li data-start=\"1562\" data-end=\"1606\">\n<p data-start=\"1564\" data-end=\"1606\"><strong data-start=\"1564\" data-end=\"1576\">Zasnova:<\/strong> 4 zaponke, klasi\u010den overlap<\/p>\n<\/li>\n<\/ul>","protected":false},"excerpt":{"rendered":"<h3 data-start=\"114\" data-end=\"176\"><strong data-start=\"118\" data-end=\"176\">Lange RSJ 65 \u2013 zmogljivost in udobje za mlade smu\u010darje<\/strong><\/h3>\n<ul data-start=\"1362\" data-end=\"1606\">\n<li data-start=\"1362\" data-end=\"1378\">\n<p data-start=\"1364\" data-end=\"1378\"><strong data-start=\"1364\" data-end=\"1373\">Flex:<\/strong> 65<\/p>\n<\/li>\n<li data-start=\"1379\" data-end=\"1408\">\n<p data-start=\"1381\" data-end=\"1408\"><strong data-start=\"1381\" data-end=\"1399\">Hoof width:<\/strong> Junior<\/p>\n<\/li>\n<\/ul>","protected":false},"featured_media":2939,"comment_status":"closed","ping_status":"closed","template":"","meta":{"_acf_changed":false,"inline_featured_image":false,"_monsterinsights_skip_tracking":false,"_monsterinsights_sitenote_active":false,"_monsterinsights_sitenote_note":"","_monsterinsights_sitenote_category":0},"product_brand":[30],"product_cat":[116,92,21],"product_tag":[],"class_list":{"0":"post-1548","1":"product","2":"type-product","3":"status-publish","4":"has-post-thumbnail","6":"product_brand-lange","7":"product_cat-otroski","8":"product_cat-pancarji","9":"product_cat-smucanje","11":"first","12":"instock","13":"sale","14":"taxable","15":"shipping-taxable","16":"purchasable","17":"product-type-variable"},"acf":[],"aioseo_notices":[],"_links":{"self":[{"href":"https:\/\/olliesport.com\/en\/wp-json\/wp\/v2\/product\/1548","targetHints":{"allow":["GET"]}}],"collection":[{"href":"https:\/\/olliesport.com\/en\/wp-json\/wp\/v2\/product"}],"about":[{"href":"https:\/\/olliesport.com\/en\/wp-json\/wp\/v2\/types\/product"}],"replies":[{"embeddable":true,"href":"https:\/\/olliesport.com\/en\/wp-json\/wp\/v2\/comments?post=1548"}],"wp:featuredmedia":[{"embeddable":true,"href":"https:\/\/olliesport.com\/en\/wp-json\/wp\/v2\/media\/2939"}],"wp:attachment":[{"href":"https:\/\/olliesport.com\/en\/wp-json\/wp\/v2\/media?parent=1548"}],"wp:term":[{"taxonomy":"product_brand","embeddable":true,"href":"https:\/\/olliesport.com\/en\/wp-json\/wp\/v2\/product_brand?post=1548"},{"taxonomy":"product_cat","embeddable":true,"href":"https:\/\/olliesport.com\/en\/wp-json\/wp\/v2\/product_cat?post=1548"},{"taxonomy":"product_tag","embeddable":true,"href":"https:\/\/olliesport.com\/en\/wp-json\/wp\/v2\/product_tag?post=1548"}],"curies":[{"name":"wp","href":"https:\/\/api.w.org\/{rel}","templated":true}]}}