{"id":1543,"date":"2025-10-29T14:52:27","date_gmt":"2025-10-29T13:52:27","guid":{"rendered":"https:\/\/olliesport.click.si\/trgovina\/uncategorized\/lange-sm-cevlji-rsj-60-legend-blue\/"},"modified":"2026-04-16T14:59:36","modified_gmt":"2026-04-16T12:59:36","slug":"lange-rsj-60","status":"publish","type":"product","link":"https:\/\/olliesport.com\/en\/trgovina\/smucanje\/pancarji\/otroski\/lange-rsj-60\/","title":{"rendered":"LANGE RSJ 60"},"content":{"rendered":"<h3 data-start=\"116\" data-end=\"197\">RSJ 60 \u2013 Lahko upogljivi \u010devlji za mlade tekmovalce in vsestranske smu\u010darje<\/h3>\n<p data-start=\"199\" data-end=\"625\">Ski boot <strong data-start=\"216\" data-end=\"226\">RSJ 60<\/strong> je zasnovan za mlade tekmovalce in all-mountain smu\u010darje ter ponuja popolno ravnovesje med udobjem in zmogljivostjo za smu\u010darje, stare do 12 let.<br data-start=\"372\" data-end=\"375\" \/>Monoinjekcijski otro\u0161ki \u010develj, notranji \u010develj <strong data-start=\"423\" data-end=\"438\">Control Fit<\/strong> in zasnova s \u0161tirimi zaponkami so prilagojeni manj\u0161im me\u010dem in obliki otro\u0161kega stopala, kar zagotavlja izbolj\u0161ano udobje, toplino in zmogljivost, posebej prilagojeno mladim smu\u010darjem.<\/p>\n<hr data-start=\"627\" data-end=\"630\" \/>\n<h4 data-start=\"632\" data-end=\"653\">Dodatne funkcije<\/h4>\n<ul data-start=\"654\" data-end=\"695\">\n<li data-start=\"654\" data-end=\"665\">\n<p data-start=\"656\" data-end=\"665\">Spojler<\/p>\n<\/li>\n<li data-start=\"666\" data-end=\"695\">\n<p data-start=\"668\" data-end=\"695\">Zdru\u017eljivost z <strong data-start=\"683\" data-end=\"695\">GripWalk<\/strong><\/p>\n<\/li>\n<\/ul>\n<h4 data-start=\"697\" data-end=\"709\">Zaponke<\/h4>\n<ul data-start=\"710\" data-end=\"769\">\n<li data-start=\"710\" data-end=\"748\">\n<p data-start=\"712\" data-end=\"748\">Nastavitev: 4 aluminijaste zaponke<\/p>\n<\/li>\n<li data-start=\"749\" data-end=\"769\">\n<p data-start=\"751\" data-end=\"769\">Material: aluminij<\/p>\n<\/li>\n<\/ul>\n<h4 data-start=\"771\" data-end=\"797\">Zgornji del (man\u0161eta)<\/h4>\n<ul data-start=\"798\" data-end=\"820\">\n<li data-start=\"798\" data-end=\"820\">\n<p data-start=\"800\" data-end=\"820\">Material: <strong data-start=\"810\" data-end=\"820\">Lyfran<\/strong><\/p>\n<\/li>\n<\/ul>\n<h4 data-start=\"822\" data-end=\"841\">Indeks upogiba<\/h4>\n<ul data-start=\"842\" data-end=\"855\">\n<li data-start=\"842\" data-end=\"855\">\n<p data-start=\"844\" data-end=\"855\"><strong data-start=\"844\" data-end=\"855\">Flex 60<\/strong><\/p>\n<\/li>\n<\/ul>\n<h4 data-start=\"857\" data-end=\"868\">Kopito<\/h4>\n<ul data-start=\"869\" data-end=\"881\">\n<li data-start=\"869\" data-end=\"881\">\n<p data-start=\"871\" data-end=\"881\"><strong data-start=\"871\" data-end=\"881\">Junior<\/strong><\/p>\n<\/li>\n<\/ul>\n<h4 data-start=\"883\" data-end=\"903\">Inner shoe<\/h4>\n<ul data-start=\"904\" data-end=\"960\">\n<li data-start=\"904\" data-end=\"928\">\n<p data-start=\"906\" data-end=\"928\">\u0160irina pa\u0161\u010dka: 30 mm<\/p>\n<\/li>\n<li data-start=\"929\" data-end=\"960\">\n<p data-start=\"931\" data-end=\"960\">Technology: <strong data-start=\"944\" data-end=\"960\">Junior Liner<\/strong><\/p>\n<\/li>\n<\/ul>\n<h4 data-start=\"962\" data-end=\"973\">Lupina<\/h4>\n<ul data-start=\"974\" data-end=\"1113\">\n<li data-start=\"974\" data-end=\"1012\">\n<p data-start=\"976\" data-end=\"1012\">Sole plate: <strong data-start=\"994\" data-end=\"1010\">Polipropilen<\/strong><\/p>\n<\/li>\n<li data-start=\"1013\" data-end=\"1044\">\n<p data-start=\"1015\" data-end=\"1044\">Shell material: <strong data-start=\"1032\" data-end=\"1042\">Lyfran<\/strong><\/p>\n<\/li>\n<li data-start=\"1045\" data-end=\"1113\">\n<p data-start=\"1047\" data-end=\"1113\">Posebnosti: <strong data-start=\"1059\" data-end=\"1113\">Aero Design \u2013 odobreno s strani Sauber Engineering<\/strong><\/p>\n<\/li>\n<\/ul>\n<h4 data-start=\"1115\" data-end=\"1127\">Podplat<\/h4>\n<ul data-start=\"1128\" data-end=\"1158\">\n<li data-start=\"1128\" data-end=\"1158\">\n<p data-start=\"1130\" data-end=\"1158\">Features: <strong data-start=\"1141\" data-end=\"1158\">Mono material<\/strong><\/p>\n<\/li>\n<\/ul>","protected":false},"excerpt":{"rendered":"<h3 data-start=\"116\" data-end=\"197\">RSJ 60 \u2013 Lahko upogljivi \u010devlji za mlade tekmovalce in vsestranske smu\u010darje<\/h3>\n<ul>\n<li><strong data-start=\"844\" data-end=\"855\">Flex 60<\/strong><\/li>\n<\/ul>","protected":false},"featured_media":2913,"comment_status":"closed","ping_status":"closed","template":"","meta":{"_acf_changed":false,"inline_featured_image":false,"_monsterinsights_skip_tracking":false,"_monsterinsights_sitenote_active":false,"_monsterinsights_sitenote_note":"","_monsterinsights_sitenote_category":0},"product_brand":[30],"product_cat":[116,92,21],"product_tag":[],"class_list":{"0":"post-1543","1":"product","2":"type-product","3":"status-publish","4":"has-post-thumbnail","6":"product_brand-lange","7":"product_cat-otroski","8":"product_cat-pancarji","9":"product_cat-smucanje","11":"first","12":"instock","13":"sale","14":"taxable","15":"shipping-taxable","16":"purchasable","17":"product-type-variable"},"acf":[],"aioseo_notices":[],"_links":{"self":[{"href":"https:\/\/olliesport.com\/en\/wp-json\/wp\/v2\/product\/1543","targetHints":{"allow":["GET"]}}],"collection":[{"href":"https:\/\/olliesport.com\/en\/wp-json\/wp\/v2\/product"}],"about":[{"href":"https:\/\/olliesport.com\/en\/wp-json\/wp\/v2\/types\/product"}],"replies":[{"embeddable":true,"href":"https:\/\/olliesport.com\/en\/wp-json\/wp\/v2\/comments?post=1543"}],"wp:featuredmedia":[{"embeddable":true,"href":"https:\/\/olliesport.com\/en\/wp-json\/wp\/v2\/media\/2913"}],"wp:attachment":[{"href":"https:\/\/olliesport.com\/en\/wp-json\/wp\/v2\/media?parent=1543"}],"wp:term":[{"taxonomy":"product_brand","embeddable":true,"href":"https:\/\/olliesport.com\/en\/wp-json\/wp\/v2\/product_brand?post=1543"},{"taxonomy":"product_cat","embeddable":true,"href":"https:\/\/olliesport.com\/en\/wp-json\/wp\/v2\/product_cat?post=1543"},{"taxonomy":"product_tag","embeddable":true,"href":"https:\/\/olliesport.com\/en\/wp-json\/wp\/v2\/product_tag?post=1543"}],"curies":[{"name":"wp","href":"https:\/\/api.w.org\/{rel}","templated":true}]}}