{"id":1541,"date":"2025-10-29T14:52:27","date_gmt":"2025-10-29T13:52:27","guid":{"rendered":"https:\/\/olliesport.click.si\/trgovina\/uncategorized\/lange-sm-cevlji-rsj-50\/"},"modified":"2026-04-16T14:59:36","modified_gmt":"2026-04-16T12:59:36","slug":"lange-sm-cevlji-rsj-50","status":"publish","type":"product","link":"https:\/\/olliesport.com\/en\/trgovina\/smucanje\/pancarji\/otroski\/lange-sm-cevlji-rsj-50\/","title":{"rendered":"LANGE RSJ 50"},"content":{"rendered":"<h3 data-start=\"120\" data-end=\"186\"><strong data-start=\"124\" data-end=\"186\">Lange RSJ 50 \u2013 udobje in zmogljivost za najmlaj\u0161e smu\u010darje<\/strong><\/h3>\n<p data-start=\"188\" data-end=\"581\">Ski boots <strong data-start=\"205\" data-end=\"221\">Lange RSJ 50<\/strong> so zasnovani za <strong data-start=\"238\" data-end=\"275\">mlade smu\u010darje do pribli\u017eno 8 let<\/strong> in ponujajo popolno ravnovesje med udobjem in zmogljivostjo.<br data-start=\"336\" data-end=\"339\" \/><strong data-start=\"339\" data-end=\"365\">Monoinjekcijska lupina<\/strong>, notranji \u010develj <strong data-start=\"383\" data-end=\"398\">Control Fit<\/strong> and <strong data-start=\"402\" data-end=\"434\">enostaven sistem treh zaponk<\/strong> odpravljajo zna\u010dilna problemati\u010dna mesta prileganja, zmanj\u0161ujejo to\u010dke pritiska ter zagotavljajo ve\u010dje udobje, toplino in podporo med smu\u010danjem.<\/p>\n<hr data-start=\"583\" data-end=\"586\" \/>\n<h4 data-start=\"588\" data-end=\"616\"><strong data-start=\"593\" data-end=\"616\">Klju\u010dne zna\u010dilnosti<\/strong><\/h4>\n<ul data-start=\"617\" data-end=\"714\">\n<li data-start=\"617\" data-end=\"659\">\n<p data-start=\"619\" data-end=\"659\"><strong data-start=\"619\" data-end=\"639\">Notranji \u010develj:<\/strong> Control Fit Liner<\/p>\n<\/li>\n<li data-start=\"660\" data-end=\"695\">\n<p data-start=\"662\" data-end=\"695\"><strong data-start=\"662\" data-end=\"673\">Lupina:<\/strong> Mono-injected shell<\/p>\n<\/li>\n<li data-start=\"696\" data-end=\"714\">\n<p data-start=\"698\" data-end=\"714\"><strong data-start=\"698\" data-end=\"710\">Buckles:<\/strong> 3<\/p>\n<\/li>\n<\/ul>\n<hr data-start=\"716\" data-end=\"719\" \/>\n<h4 data-start=\"721\" data-end=\"752\"><strong data-start=\"726\" data-end=\"752\">Technical specifications<\/strong><\/h4>\n<ul data-start=\"753\" data-end=\"873\">\n<li data-start=\"753\" data-end=\"769\">\n<p data-start=\"755\" data-end=\"769\"><strong data-start=\"755\" data-end=\"764\">Flex:<\/strong> 50<\/p>\n<\/li>\n<li data-start=\"770\" data-end=\"799\">\n<p data-start=\"772\" data-end=\"799\"><strong data-start=\"772\" data-end=\"790\">Hoof width:<\/strong> Junior<\/p>\n<\/li>\n<li data-start=\"800\" data-end=\"835\">\n<p data-start=\"802\" data-end=\"835\"><strong data-start=\"802\" data-end=\"822\">Shell material:<\/strong> Polyolefin<\/p>\n<\/li>\n<li data-start=\"836\" data-end=\"873\">\n<p data-start=\"838\" data-end=\"873\"><strong data-start=\"838\" data-end=\"858\">Notranji \u010develj:<\/strong> Junior Liner<\/p>\n<\/li>\n<\/ul>","protected":false},"excerpt":{"rendered":"<h3 data-start=\"120\" data-end=\"186\"><strong data-start=\"124\" data-end=\"186\">Lange RSJ 50 \u2013 udobje in zmogljivost za najmlaj\u0161e smu\u010darje<\/strong><\/h3>\n<ul data-start=\"753\" data-end=\"873\">\n<li data-start=\"753\" data-end=\"769\">\n<p data-start=\"755\" data-end=\"769\"><strong data-start=\"755\" data-end=\"764\">Flex:<\/strong> 50<\/p>\n<\/li>\n<li data-start=\"770\" data-end=\"799\">\n<p data-start=\"772\" data-end=\"799\"><strong data-start=\"772\" data-end=\"790\">Hoof width:<\/strong> Junior<\/p>\n<\/li>\n<\/ul>","protected":false},"featured_media":2935,"comment_status":"closed","ping_status":"closed","template":"","meta":{"_acf_changed":false,"inline_featured_image":false,"_monsterinsights_skip_tracking":false,"_monsterinsights_sitenote_active":false,"_monsterinsights_sitenote_note":"","_monsterinsights_sitenote_category":0},"product_brand":[],"product_cat":[116,92,21],"product_tag":[],"class_list":{"0":"post-1541","1":"product","2":"type-product","3":"status-publish","4":"has-post-thumbnail","6":"product_cat-otroski","7":"product_cat-pancarji","8":"product_cat-smucanje","10":"first","11":"instock","12":"sale","13":"taxable","14":"shipping-taxable","15":"purchasable","16":"product-type-variable"},"acf":[],"aioseo_notices":[],"_links":{"self":[{"href":"https:\/\/olliesport.com\/en\/wp-json\/wp\/v2\/product\/1541","targetHints":{"allow":["GET"]}}],"collection":[{"href":"https:\/\/olliesport.com\/en\/wp-json\/wp\/v2\/product"}],"about":[{"href":"https:\/\/olliesport.com\/en\/wp-json\/wp\/v2\/types\/product"}],"replies":[{"embeddable":true,"href":"https:\/\/olliesport.com\/en\/wp-json\/wp\/v2\/comments?post=1541"}],"wp:featuredmedia":[{"embeddable":true,"href":"https:\/\/olliesport.com\/en\/wp-json\/wp\/v2\/media\/2935"}],"wp:attachment":[{"href":"https:\/\/olliesport.com\/en\/wp-json\/wp\/v2\/media?parent=1541"}],"wp:term":[{"taxonomy":"product_brand","embeddable":true,"href":"https:\/\/olliesport.com\/en\/wp-json\/wp\/v2\/product_brand?post=1541"},{"taxonomy":"product_cat","embeddable":true,"href":"https:\/\/olliesport.com\/en\/wp-json\/wp\/v2\/product_cat?post=1541"},{"taxonomy":"product_tag","embeddable":true,"href":"https:\/\/olliesport.com\/en\/wp-json\/wp\/v2\/product_tag?post=1541"}],"curies":[{"name":"wp","href":"https:\/\/api.w.org\/{rel}","templated":true}]}}