{"id":1540,"date":"2025-10-29T14:52:26","date_gmt":"2025-10-29T13:52:26","guid":{"rendered":"https:\/\/olliesport.click.si\/trgovina\/uncategorized\/lange-sm-cevlji-rs-90-sc-_vibrant-blue\/"},"modified":"2026-02-15T20:58:36","modified_gmt":"2026-02-15T19:58:36","slug":"lange-rs-90-sc","status":"publish","type":"product","link":"https:\/\/olliesport.com\/en\/trgovina\/smucanje\/pancarji\/otroski\/lange-rs-90-sc\/","title":{"rendered":"LANGE RS 90 SC"},"content":{"rendered":"<h3 data-start=\"284\" data-end=\"348\"><strong data-start=\"288\" data-end=\"348\">LANGE RS 90 SC \u2013 mo\u010d in natan\u010dnost v popolnem ravnovesju<\/strong><\/h3>\n<p data-start=\"350\" data-end=\"598\">New <strong data-start=\"355\" data-end=\"407\">kratka man\u0161eta smu\u010darskega \u010devlja LANGE RS 90 SC<\/strong> je zasnovana posebej za <strong data-start=\"432\" data-end=\"472\">mlaj\u0161e tekmovalce in \u017eenske smu\u010darke<\/strong>. Nastala je kot rezultat poglobljenega razumevanja <strong data-start=\"524\" data-end=\"544\">mehanike stopala<\/strong>, <strong data-start=\"546\" data-end=\"560\">prileganja<\/strong> and <strong data-start=\"564\" data-end=\"595\">dinamike smu\u010darskih \u010devljev<\/strong>.<\/p>\n<p data-start=\"600\" data-end=\"923\">Inovativna <strong data-start=\"611\" data-end=\"649\">dvojedrna konstrukcija (Dual Core)<\/strong> zagotavlja izjemno energijo in natan\u010den nadzor nad upogibanjem, kar omogo\u010da popolno kontrolo skozi vsak zavoj. Nova anatomska zasnova lupine se popolnoma ujema z <strong data-start=\"812\" data-end=\"852\">novo termoformabilno podlogo Dual 3D<\/strong>, ki zagotavlja vrhunsko udobje, natan\u010dnost in u\u010dinkovit prenos mo\u010di.<\/p>\n<p data-start=\"925\" data-end=\"981\"><strong data-start=\"925\" data-end=\"981\">Bodi eno s svojimi \u010devlji. Bodi eno s svojim ciljem.<\/strong><\/p>\n<hr data-start=\"983\" data-end=\"986\" \/>\n<h4 data-start=\"988\" data-end=\"1019\"><strong data-start=\"993\" data-end=\"1019\">Technical specifications<\/strong><\/h4>\n<ul data-start=\"1020\" data-end=\"1133\">\n<li data-start=\"1020\" data-end=\"1036\">\n<p data-start=\"1022\" data-end=\"1036\"><strong data-start=\"1022\" data-end=\"1031\">Flex:<\/strong> 90<\/p>\n<\/li>\n<li data-start=\"1037\" data-end=\"1058\">\n<p data-start=\"1039\" data-end=\"1058\"><strong data-start=\"1039\" data-end=\"1050\">Width:<\/strong> 97 mm<\/p>\n<\/li>\n<li data-start=\"1059\" data-end=\"1096\">\n<p data-start=\"1061\" data-end=\"1096\"><strong data-start=\"1061\" data-end=\"1072\">Kopito:<\/strong> Ozko (Low Volume Fit)<\/p>\n<\/li>\n<li data-start=\"1097\" data-end=\"1133\">\n<p data-start=\"1099\" data-end=\"1133\"><strong data-start=\"1099\" data-end=\"1109\">Model:<\/strong> RS 90 SC \u2013 Short Cuff<\/p>\n<\/li>\n<\/ul>\n<hr data-start=\"1135\" data-end=\"1138\" \/>\n<h3 data-start=\"1140\" data-end=\"1167\"><strong data-start=\"1144\" data-end=\"1167\">Klju\u010dne tehnologije<\/strong><\/h3>\n<h4 data-start=\"1169\" data-end=\"1187\"><strong data-start=\"1174\" data-end=\"1187\">DUAL CORE<\/strong><\/h4>\n<p data-start=\"1188\" data-end=\"1510\">Med smu\u010danjem se konstrukcija <strong data-start=\"1218\" data-end=\"1231\">Dual Core<\/strong> aktivno stiska in raz\u0161irja, s \u010dimer izkori\u0161\u010da potencialno energijo za <strong data-start=\"1302\" data-end=\"1341\">eksplozivno mo\u010d, odzivnost in odboj<\/strong>.<br data-start=\"1342\" data-end=\"1345\" \/>Rezultat je <strong data-start=\"1357\" data-end=\"1386\">natan\u010dnost in reaktivnost<\/strong> na ravni svetovnega pokala, z enostavnim obuvanjem in sezuvanjem ter zmogljivostjo, ki sledi vsakemu gibu tvojega telesa.<\/p>\n<h4 data-start=\"1512\" data-end=\"1546\"><strong data-start=\"1517\" data-end=\"1546\">DUAL 3D LINER PERFORMANCE<\/strong><\/h4>\n<p data-start=\"1547\" data-end=\"1914\">Inner shoe <strong data-start=\"1563\" data-end=\"1580\">Dual 3D Liner<\/strong> je vnaprej oblikovan, da se popolnoma prilega notranjosti lupine, kar zagotavlja <strong data-start=\"1662\" data-end=\"1693\">najvi\u0161jo raven prenosa mo\u010di<\/strong> in anatomsko prileganje stopalu.<br data-start=\"1726\" data-end=\"1729\" \/>Razli\u010dica <strong data-start=\"1739\" data-end=\"1754\">Performance<\/strong> is <strong data-start=\"1758\" data-end=\"1782\">80 % termoformabilna<\/strong> (spodnji del noge, gle\u017eenj, nart in prsti) ter uporablja <strong data-start=\"1840\" data-end=\"1864\">peno srednje gostote<\/strong> na klju\u010dnih to\u010dkah za bolj\u0161e udobje in podporo.<\/p>\n<h4 data-start=\"1916\" data-end=\"1944\"><strong data-start=\"1921\" data-end=\"1944\">97 mm PRECISION FIT<\/strong><\/h4>\n<p data-start=\"1945\" data-end=\"2131\">Natan\u010dno, tekmovalno kopito \u0161irine <strong data-start=\"1980\" data-end=\"1989\">97 mm<\/strong> je zasnovano za smu\u010darje z o\u017ejim stopalom ali tiste, ki \u017eelijo ve\u010dji ob\u010dutek kompresije in neposreden nadzor \u2013 brez kompromisov pri udobju.<\/p>\n<h4 data-start=\"2133\" data-end=\"2157\"><strong data-start=\"2138\" data-end=\"2157\">SHORT CUFF (SC)<\/strong><\/h4>\n<p data-start=\"2158\" data-end=\"2374\"><strong data-start=\"2158\" data-end=\"2183\">Nizka, kratka man\u0161eta<\/strong> je posebej prilagojena <strong data-start=\"2207\" data-end=\"2239\">mlaj\u0161im smu\u010darjem in \u017eenskam<\/strong>. Kraj\u0161a zgornja man\u0161eta (15 mm zadaj \/ 20 mm spredaj) omogo\u010da bolj naravno dr\u017eo, kar izbolj\u0161a <strong data-start=\"2334\" data-end=\"2371\">ravnote\u017eje, udobje in zmogljivost<\/strong>.<\/p>","protected":false},"excerpt":{"rendered":"<h3 data-start=\"284\" data-end=\"348\"><strong data-start=\"288\" data-end=\"348\">LANGE RS 90 SC \u2013 mo\u010d in natan\u010dnost v popolnem ravnovesju<\/strong><\/h3>\n<ul data-start=\"1020\" data-end=\"1133\">\n<li data-start=\"1020\" data-end=\"1036\">\n<p data-start=\"1022\" data-end=\"1036\"><strong data-start=\"1022\" data-end=\"1031\">Flex:<\/strong> 90<\/p>\n<\/li>\n<li data-start=\"1037\" data-end=\"1058\">\n<p data-start=\"1039\" data-end=\"1058\"><strong data-start=\"1039\" data-end=\"1050\">Width:<\/strong> 97 mm<\/p>\n<\/li>\n<\/ul>","protected":false},"featured_media":2926,"comment_status":"closed","ping_status":"closed","template":"","meta":{"_acf_changed":false,"inline_featured_image":false,"_monsterinsights_skip_tracking":false,"_monsterinsights_sitenote_active":false,"_monsterinsights_sitenote_note":"","_monsterinsights_sitenote_category":0},"product_brand":[30],"product_cat":[116,92,21],"product_tag":[],"class_list":{"0":"post-1540","1":"product","2":"type-product","3":"status-publish","4":"has-post-thumbnail","6":"product_brand-lange","7":"product_cat-otroski","8":"product_cat-pancarji","9":"product_cat-smucanje","11":"first","12":"instock","13":"sale","14":"taxable","15":"shipping-taxable","16":"purchasable","17":"product-type-variable"},"acf":[],"aioseo_notices":[],"_links":{"self":[{"href":"https:\/\/olliesport.com\/en\/wp-json\/wp\/v2\/product\/1540","targetHints":{"allow":["GET"]}}],"collection":[{"href":"https:\/\/olliesport.com\/en\/wp-json\/wp\/v2\/product"}],"about":[{"href":"https:\/\/olliesport.com\/en\/wp-json\/wp\/v2\/types\/product"}],"replies":[{"embeddable":true,"href":"https:\/\/olliesport.com\/en\/wp-json\/wp\/v2\/comments?post=1540"}],"wp:featuredmedia":[{"embeddable":true,"href":"https:\/\/olliesport.com\/en\/wp-json\/wp\/v2\/media\/2926"}],"wp:attachment":[{"href":"https:\/\/olliesport.com\/en\/wp-json\/wp\/v2\/media?parent=1540"}],"wp:term":[{"taxonomy":"product_brand","embeddable":true,"href":"https:\/\/olliesport.com\/en\/wp-json\/wp\/v2\/product_brand?post=1540"},{"taxonomy":"product_cat","embeddable":true,"href":"https:\/\/olliesport.com\/en\/wp-json\/wp\/v2\/product_cat?post=1540"},{"taxonomy":"product_tag","embeddable":true,"href":"https:\/\/olliesport.com\/en\/wp-json\/wp\/v2\/product_tag?post=1540"}],"curies":[{"name":"wp","href":"https:\/\/api.w.org\/{rel}","templated":true}]}}