{"id":1538,"date":"2025-10-29T14:52:26","date_gmt":"2025-10-29T13:52:26","guid":{"rendered":"https:\/\/olliesport.click.si\/trgovina\/uncategorized\/lange-sm-cevlji-rs-130-mv-legend-blue-3\/"},"modified":"2026-04-16T14:59:36","modified_gmt":"2026-04-16T12:59:36","slug":"lange-rs-130-mv","status":"publish","type":"product","link":"https:\/\/olliesport.com\/en\/trgovina\/smucanje\/pancarji\/on-piste-moski\/lange-rs-130-mv\/","title":{"rendered":"LANGE RS 130 MV"},"content":{"rendered":"<p><strong>Lange RS 130 MV<\/strong><\/p>\n<p><strong>Vrhunska zmogljivost za napredne smu\u010darje<\/strong><\/p>\n<p>Ski boot <strong>Lange RS 130 MV<\/strong> zdru\u017euje dirkalno preizku\u0161eno tehnologijo z aerodinami\u010dno zasnovo, razvito v vetrovniku. Od natan\u010dnega prenosa mo\u010di s tehnologijo <strong>Dual Core<\/strong> do anatomsko oblikovanega, stopalo objemajo\u010dega notranjega \u010devlja, ta model sledi vsakemu va\u0161emu gibu kot naravni podalj\u0161ek telesa. Zasnovan je za izku\u0161ene smu\u010darje, in\u0161truktorje in tekmovalce, ki i\u0161\u010dejo hitrost, mo\u010d in natan\u010dnost na snegu.<\/p>\n<p><strong>Key features:<\/strong><\/p>\n<ul>\n<li><strong>Izbolj\u0161ana mo\u010d, povratna energija in nadzor<\/strong><br \/>\nTehnologija Dual Core zdru\u017euje trde in mehke plasti plastike za optimalen prenos mo\u010di in fleksibilnost, kar pove\u010duje odzivnost in nadzor.<\/li>\n<li><strong>Improved aerodynamics<\/strong><br \/>\nRazvit v sodelovanju z ekipo Formule 1 Sauber-Alfa Romeo, koncept <strong>Air Flow<\/strong> optimizira obliko 3D kalupa \u0161koljke in uvaja nove zaponke, ki zmanj\u0161ujejo trenje in zra\u010dni upor.<\/li>\n<li><strong>Pove\u010dana mo\u010d s Suspension Blade<\/strong><br \/>\nPovezuje zgornji in spodnji del \u010devlja za gladko absorpcijo in prenos mo\u010di, s \u010dimer v va\u0161o smuko vlo\u017ei \u0161e ve\u010d energije.<\/li>\n<li><strong>Natan\u010den nadzor fleksije (Race Flex Adjust)<\/strong><br \/>\nInovativna plo\u0161\u010da na zadnjem delu \u010devlja omogo\u010da meh\u010danje fleksije brez izgube natan\u010dnosti ali igralnosti, nadome\u0161\u010da klasi\u010dne vijake.<\/li>\n<li><strong>Podpora svetovnega pokala<\/strong><br \/>\nNotranji \u010develj World Cup nudi maksimalno podporo, povratno energijo in prenos mo\u010di v nastavljivem, preciznem fitu.<\/li>\n<li><strong>Lightness and durability<\/strong><br \/>\nAluminijaste zaponke zagotavljajo lahek in mo\u010dan sistem zapiranja za dolgo \u017eivljenjsko dobo.<\/li>\n<li><strong>Udobje in srednja \u0161irina<\/strong><br \/>\n100 mm \u0161irina \u0161koljke je primerna za srednje \u0161iroka stopala ali tiste, ki i\u0161\u010dejo malo dodatnega prostora za celodnevno udobje.<\/li>\n<\/ul>\n<p><strong>Technical data:<\/strong><\/p>\n<ul>\n<li><strong>Flex:<\/strong> 130<\/li>\n<li><strong>Shell width:<\/strong> 100 mm (MV \u2013 Medium Volume)<\/li>\n<li><strong>Target group:<\/strong> experienced skiers, instructors, competitors<\/li>\n<li><strong>Purpose:<\/strong> urejene proge, zmogljiva smuka z natan\u010dnim prileganjem<\/li>\n<\/ul>\n<p>&nbsp;<\/p>","protected":false},"excerpt":{"rendered":"<p>Ski boot <strong>Lange RS 130 MV<\/strong> zdru\u017euje dirkalno preizku\u0161eno tehnologijo z aerodinami\u010dno zasnovo, razvito v vetrovniku.<\/p>\n<ul>\n<li><strong>Flex:<\/strong> 130<\/li>\n<li><strong>Shell width:<\/strong> 100 mm (MV \u2013 Medium Volume)<\/li>\n<li><strong>Target group:<\/strong> experienced skiers, instructors, competitors<\/li>\n<li><strong>Purpose:<\/strong> urejene proge, zmogljiva smuka z natan\u010dnim prileganjem<\/li>\n<\/ul>","protected":false},"featured_media":2785,"comment_status":"closed","ping_status":"closed","template":"","meta":{"_acf_changed":false,"inline_featured_image":false,"_monsterinsights_skip_tracking":false,"_monsterinsights_sitenote_active":false,"_monsterinsights_sitenote_note":"","_monsterinsights_sitenote_category":0},"product_brand":[30],"product_cat":[112,92,21],"product_tag":[],"class_list":{"0":"post-1538","1":"product","2":"type-product","3":"status-publish","4":"has-post-thumbnail","6":"product_brand-lange","7":"product_cat-on-piste-moski","8":"product_cat-pancarji","9":"product_cat-smucanje","11":"first","12":"instock","13":"sale","14":"taxable","15":"shipping-taxable","16":"purchasable","17":"product-type-variable"},"acf":[],"aioseo_notices":[],"_links":{"self":[{"href":"https:\/\/olliesport.com\/en\/wp-json\/wp\/v2\/product\/1538","targetHints":{"allow":["GET"]}}],"collection":[{"href":"https:\/\/olliesport.com\/en\/wp-json\/wp\/v2\/product"}],"about":[{"href":"https:\/\/olliesport.com\/en\/wp-json\/wp\/v2\/types\/product"}],"replies":[{"embeddable":true,"href":"https:\/\/olliesport.com\/en\/wp-json\/wp\/v2\/comments?post=1538"}],"wp:featuredmedia":[{"embeddable":true,"href":"https:\/\/olliesport.com\/en\/wp-json\/wp\/v2\/media\/2785"}],"wp:attachment":[{"href":"https:\/\/olliesport.com\/en\/wp-json\/wp\/v2\/media?parent=1538"}],"wp:term":[{"taxonomy":"product_brand","embeddable":true,"href":"https:\/\/olliesport.com\/en\/wp-json\/wp\/v2\/product_brand?post=1538"},{"taxonomy":"product_cat","embeddable":true,"href":"https:\/\/olliesport.com\/en\/wp-json\/wp\/v2\/product_cat?post=1538"},{"taxonomy":"product_tag","embeddable":true,"href":"https:\/\/olliesport.com\/en\/wp-json\/wp\/v2\/product_tag?post=1538"}],"curies":[{"name":"wp","href":"https:\/\/api.w.org\/{rel}","templated":true}]}}