{"id":1535,"date":"2025-10-29T14:52:25","date_gmt":"2025-10-29T13:52:25","guid":{"rendered":"https:\/\/olliesport.click.si\/trgovina\/uncategorized\/lange-sm-cevlji-rs-130-lv-_vibrant-blue\/"},"modified":"2026-04-16T14:59:36","modified_gmt":"2026-04-16T12:59:36","slug":"lange-rs-130-lv","status":"publish","type":"product","link":"https:\/\/olliesport.com\/en\/trgovina\/smucanje\/pancarji\/on-piste-moski\/lange-rs-130-lv\/","title":{"rendered":"LANGE RS 130 LV"},"content":{"rendered":"<p><strong>Lange RS 130 LV<\/strong><\/p>\n<p><strong>Vrhunska zmogljivost z natan\u010dnim, ozkim prileganjem<\/strong><\/p>\n<p>Lange RS 130 LV smu\u010darski \u010develj je zasnovan za najbolj zahtevne smu\u010darje, in\u0161truktorje in tekmovalce, ki \u017eelijo najve\u010djo hitrost, mo\u010d in natan\u010dnost na snegu. Ta model zdru\u017euje dirkalno preizku\u0161eno tehnologijo z aerodinami\u010dno zasnovo, preizku\u0161eno v vetrovniku, in ciljno usmerjeno mo\u010djo konstrukcije <strong>Dual Core<\/strong>. Anatomija notranjega \u010devlja tesno objame stopalo, da se RS popolnoma zlije z va\u0161im telesom in maksimizira u\u010dinkovitost in eksplozivno mo\u010d vsakega zavoja.<\/p>\n<p><strong>Key features:<\/strong><\/p>\n<ul>\n<li><strong>Izbolj\u0161ana mo\u010d, povratna energija in nadzor<\/strong><br \/>\nDual Core tehnologija zdru\u017euje trde in mehke plasti plastike za natan\u010den prenos mo\u010di in fleksibilnost, kar zagotavlja izbolj\u0161ano odzivnost in nadzor.<\/li>\n<li><strong>Izjemna aerodinamika<\/strong><br \/>\nV sodelovanju s Formulo 1 Sauber-Alfa Romeo Racing smo razvili najbolj aerodinami\u010den smu\u010darski \u010develj na trgu. Koncept <strong>Air Flow<\/strong> optimizira obliko 3D kalupa \u0161koljke in uvaja nove zaponke, ki zmanj\u0161ujejo trenje in zra\u010dni upor.<\/li>\n<li><strong>Nadzor svetovnega pokala<\/strong><br \/>\nNotranji \u010develj World Cup nudi maksimalno podporo, povratno energijo in prenos mo\u010di v nastavljivem, preciznem prileganju.<\/li>\n<li><strong>Lightness and durability<\/strong><br \/>\nAluminijaste zaponke omogo\u010dajo lahek in trpe\u017een sistem zapiranja za dolgo \u017eivljenjsko dobo.<\/li>\n<li><strong>Natan\u010dno, ozko prileganje<\/strong><br \/>\n\u0160irina \u0161koljke 97 mm je namenjena nizkemu volumnu stopal ali smu\u010darjem, ki i\u0161\u010dejo precizen fit brez kompromisov glede udobja.<\/li>\n<\/ul>\n<p><strong>Technical data:<\/strong><\/p>\n<ul>\n<li><strong>Flex:<\/strong> 130<\/li>\n<li><strong>Shell width:<\/strong> 97 mm (LV \u2013 Low Volume)<\/li>\n<li><strong>Target group:<\/strong> experienced skiers, instructors, competitors<\/li>\n<li><strong>Purpose:<\/strong> tekmovalna smuka, zahtevne proge, precizno prileganje<\/li>\n<\/ul>","protected":false},"excerpt":{"rendered":"<p><strong>Technical data:<\/strong><\/p>\n<ul>\n<li><strong>Flex:<\/strong> 130<\/li>\n<li><strong>Shell width:<\/strong> 97 mm (LV \u2013 Low Volume)<\/li>\n<li><strong>Target group:<\/strong> experienced skiers, instructors, competitors<\/li>\n<li><strong>Purpose:<\/strong> tekmovalna smuka, zahtevne proge, precizno prileganje<\/li>\n<\/ul>","protected":false},"featured_media":2793,"comment_status":"closed","ping_status":"closed","template":"","meta":{"_acf_changed":false,"inline_featured_image":false,"_monsterinsights_skip_tracking":false,"_monsterinsights_sitenote_active":false,"_monsterinsights_sitenote_note":"","_monsterinsights_sitenote_category":0},"product_brand":[30],"product_cat":[112,92,21],"product_tag":[],"class_list":{"0":"post-1535","1":"product","2":"type-product","3":"status-publish","4":"has-post-thumbnail","6":"product_brand-lange","7":"product_cat-on-piste-moski","8":"product_cat-pancarji","9":"product_cat-smucanje","11":"first","12":"instock","13":"sale","14":"taxable","15":"shipping-taxable","16":"purchasable","17":"product-type-variable"},"acf":[],"aioseo_notices":[],"_links":{"self":[{"href":"https:\/\/olliesport.com\/en\/wp-json\/wp\/v2\/product\/1535","targetHints":{"allow":["GET"]}}],"collection":[{"href":"https:\/\/olliesport.com\/en\/wp-json\/wp\/v2\/product"}],"about":[{"href":"https:\/\/olliesport.com\/en\/wp-json\/wp\/v2\/types\/product"}],"replies":[{"embeddable":true,"href":"https:\/\/olliesport.com\/en\/wp-json\/wp\/v2\/comments?post=1535"}],"wp:featuredmedia":[{"embeddable":true,"href":"https:\/\/olliesport.com\/en\/wp-json\/wp\/v2\/media\/2793"}],"wp:attachment":[{"href":"https:\/\/olliesport.com\/en\/wp-json\/wp\/v2\/media?parent=1535"}],"wp:term":[{"taxonomy":"product_brand","embeddable":true,"href":"https:\/\/olliesport.com\/en\/wp-json\/wp\/v2\/product_brand?post=1535"},{"taxonomy":"product_cat","embeddable":true,"href":"https:\/\/olliesport.com\/en\/wp-json\/wp\/v2\/product_cat?post=1535"},{"taxonomy":"product_tag","embeddable":true,"href":"https:\/\/olliesport.com\/en\/wp-json\/wp\/v2\/product_tag?post=1535"}],"curies":[{"name":"wp","href":"https:\/\/api.w.org\/{rel}","templated":true}]}}